{"id":3408,"date":"2023-07-05T22:08:38","date_gmt":"2023-07-05T15:08:38","guid":{"rendered":"https:\/\/www.phivutabletennis.com\/?post_type=product&#038;p=3408"},"modified":"2023-07-05T22:08:38","modified_gmt":"2023-07-05T15:08:38","slug":"malin-extra-special","status":"publish","type":"product","link":"https:\/\/www.phivutabletennis.com\/index.php\/product\/malin-extra-special\/","title":{"rendered":"MALIN EXTRA SPECIAL"},"content":{"rendered":"<table border=\"0\" cellspacing=\"1\" cellpadding=\"1\">\n<tbody>\n<tr>\n<td colspan=\"2\"><strong>H\u00c0NG CH\u00cdNH H\u00c3NG YASAKA S\u1ea2N XU\u1ea4T T\u1ea0I TH\u1ee4Y \u0110I\u1ec2N &#8211; MADE IN SWEDEN<\/strong><\/td>\n<\/tr>\n<tr>\n<td>T\u1ed1c \u0111\u1ed9<\/td>\n<td>: 9<\/td>\n<\/tr>\n<tr>\n<td>\u0110i\u1ec1u khi\u1ec3n<\/td>\n<td>: 8+<\/td>\n<\/tr>\n<tr>\n<td>\u0110\u1ed9 c\u1ee9ng<\/td>\n<td>: H\u01a1i c\u1ee9ng<\/td>\n<\/tr>\n<tr>\n<td>\u0110\u1ed9 d\u1ea7y<\/td>\n<td>: 6.3mm<\/td>\n<\/tr>\n<tr>\n<td colspan=\"2\"><strong>Theo th\u00f4ng s\u1ed1 chu\u1ea9n c\u1ee7a h\u00e3ng Yasaka<\/strong><br \/>\n<strong>H\u00e0ng ch\u00ednh h\u00e3ng b\u1ea3o h\u00e0nh 1 th\u00e1ng<\/strong><\/p>\n<p>&nbsp;<\/td>\n<\/tr>\n<tr>\n<td colspan=\"2\"><strong>\u200b<\/strong><\/td>\n<\/tr>\n<\/tbody>\n<\/table>\n<p><strong><img decoding=\"async\" src=\"https:\/\/bongban.asia\/image\/data\/BUTTERFLY\/cac-dung-cu-khac\/jin_takuya-768x548.jpg\" alt=\"\" \/><\/strong><\/p>\n<p><strong>V\u1eadn \u0111\u1ed9ng vi\u00ean Jin Takuya v\u00e0 Gi\u00e1m \u0111\u1ed1c c\u1ee7a H\u00e3ng Yasaka<\/strong><br \/>\nHuy ch\u01b0\u01a1ng V\u00e0ng \u0110\u01a1n nam t\u1ea1i Gi\u1ea3i \u00dac m\u1edf r\u1ed9ng n\u0103m 2009<br \/>\n\u0110ang thi \u0111\u1ea5u cho CLB T.T Saitama<\/p>\n<p><strong><img decoding=\"async\" src=\"https:\/\/bongban.asia\/image\/data\/BUTTERFLY\/cac-dung-cu-khac\/Toshio%20Asao%20malin%20extra%20special.jpg\" alt=\"\" \/><\/strong><\/p>\n<p><img decoding=\"async\" src=\"https:\/\/bongban.asia\/image\/data\/BUTTERFLY\/cac-dung-cu-khac\/MATTIAS%20FALCK%20RAKZA%20X.jpg\" alt=\"\" \/><\/p>\n","protected":false},"excerpt":{"rendered":"<p>H\u00c0NG CH\u00cdNH H\u00c3NG YASAKA S\u1ea2N XU\u1ea4T T\u1ea0I TH\u1ee4Y \u0110I\u1ec2N &#8211; MADE IN SWEDEN T\u1ed1c \u0111\u1ed9 : 9 \u0110i\u1ec1u khi\u1ec3n : 8+ \u0110\u1ed9 c\u1ee9ng : H\u01a1i c\u1ee9ng \u0110\u1ed9 d\u1ea7y : 6.3mm Theo th\u00f4ng s\u1ed1 chu\u1ea9n c\u1ee7a h\u00e3ng Yasaka H\u00e0ng ch\u00ednh h\u00e3ng b\u1ea3o h\u00e0nh 1 th\u00e1ng &nbsp; \u200b V\u1eadn \u0111\u1ed9ng vi\u00ean Jin Takuya v\u00e0 Gi\u00e1m \u0111\u1ed1c c\u1ee7a [&hellip;]<\/p>\n","protected":false},"featured_media":3409,"comment_status":"open","ping_status":"closed","template":"","meta":{"_eb_attr":""},"product_cat":[150,26],"product_tag":[],"class_list":["post-3408","product","type-product","status-publish","has-post-thumbnail","hentry","product_cat-cot-vot-yasaka","product_cat-cot-vot"],"_links":{"self":[{"href":"https:\/\/www.phivutabletennis.com\/index.php\/wp-json\/wp\/v2\/product\/3408","targetHints":{"allow":["GET"]}}],"collection":[{"href":"https:\/\/www.phivutabletennis.com\/index.php\/wp-json\/wp\/v2\/product"}],"about":[{"href":"https:\/\/www.phivutabletennis.com\/index.php\/wp-json\/wp\/v2\/types\/product"}],"replies":[{"embeddable":true,"href":"https:\/\/www.phivutabletennis.com\/index.php\/wp-json\/wp\/v2\/comments?post=3408"}],"wp:featuredmedia":[{"embeddable":true,"href":"https:\/\/www.phivutabletennis.com\/index.php\/wp-json\/wp\/v2\/media\/3409"}],"wp:attachment":[{"href":"https:\/\/www.phivutabletennis.com\/index.php\/wp-json\/wp\/v2\/media?parent=3408"}],"wp:term":[{"taxonomy":"product_cat","embeddable":true,"href":"https:\/\/www.phivutabletennis.com\/index.php\/wp-json\/wp\/v2\/product_cat?post=3408"},{"taxonomy":"product_tag","embeddable":true,"href":"https:\/\/www.phivutabletennis.com\/index.php\/wp-json\/wp\/v2\/product_tag?post=3408"}],"curies":[{"name":"wp","href":"https:\/\/api.w.org\/{rel}","templated":true}]}}