{"id":3410,"date":"2023-07-05T22:09:26","date_gmt":"2023-07-05T15:09:26","guid":{"rendered":"https:\/\/www.phivutabletennis.com\/?post_type=product&#038;p=3410"},"modified":"2023-07-05T22:09:26","modified_gmt":"2023-07-05T15:09:26","slug":"reinforce-ac","status":"publish","type":"product","link":"https:\/\/www.phivutabletennis.com\/index.php\/product\/reinforce-ac\/","title":{"rendered":"REINFORCE AC"},"content":{"rendered":"<p>C\u1ed1t v\u1ee3t\u00a0<strong>REINFORCE AC\u00a0<\/strong>\u0111\u01b0\u1ee3c s\u1ea3n xu\u1ea5t b\u1eb1ng quy tr\u00ecnh c\u00f4ng ngh\u1ec7 ti\u00ean ti\u1ebfn, k\u1ebft h\u1ee3p s\u1ee3i Armid Carbon v\u1edbi c\u00e1c l\u1edbp g\u1ed7 nh\u1eb1m t\u0103ng th\u00eam l\u1ef1c \u0111\u1ea9y, mang l\u1ea1i s\u1ee9c m\u1ea1nh v\u00e0 s\u1ef1 \u1ed5n \u0111\u1ecbnh.<\/p>\n<p>S\u1ee3i Armid Carbon \u00a0c\u00f3 \u01b0u \u0111i\u1ec3m v\u01b0\u1ee3t tr\u1ed9i v\u1ec1 \u0111\u1ed9 ki\u1ec3m so\u00e1t b\u00f3ng, \u0111\u1ed9 xo\u00e1y v\u00e0 \u1ed5n \u0111\u1ecbnh cao, c\u1ea3m gi\u00e1c m\u1ec1m l\u1ef1c v\u00e0 hi\u1ec7u su\u1ea5t \u0111\u1ea9y b\u00f3ng t\u1ed1t.<\/p>\n<table border=\"0\" cellspacing=\"1\" cellpadding=\"1\">\n<tbody>\n<tr>\n<td>C\u1ea5u t\u1ea1o<\/td>\n<td>:\u00a05\u00a0l\u1edbp g\u1ed7\u00a0+ 2 l\u1edbp Armid Carbon<\/td>\n<\/tr>\n<tr>\n<td>T\u1ed1c \u0111\u1ed9<\/td>\n<td>:\u00a0Trung b\u00ecnh nhanh<\/td>\n<\/tr>\n<tr>\n<td>C\u1ea3m gi\u00e1c<\/td>\n<td>:\u00a0M\u1ec1m<\/td>\n<\/tr>\n<tr>\n<td>\u0110\u1ed9 d\u1ea7y<\/td>\n<td>: 6.0mm<\/td>\n<\/tr>\n<tr>\n<td>B\u1ea3ng v\u1ee3t<\/td>\n<td>: 157 x 150mm<\/td>\n<\/tr>\n<tr>\n<td>Tr\u1ecdng l\u01b0\u1ee3ng<\/td>\n<td>: 87gr\u00b1<\/td>\n<\/tr>\n<\/tbody>\n<\/table>\n<p><strong>H\u00e0ng ch\u00ednh h\u00e3ng b\u1ea3o h\u00e0nh 1 th\u00e1ng<\/strong><br \/>\n<strong>Theo th\u00f4ng s\u1ed1 chu\u1ea9n c\u1ee7a h\u00e3ng Yasaka<\/strong><br \/>\n<strong>H\u00c0NG CH\u00cdNH H\u00c3NG YASAKA S\u1ea2N XU\u1ea4T T\u1ea0I TRUNG QU\u1ed0C &#8211; MADE IN CHINA<\/strong><\/p>\n","protected":false},"excerpt":{"rendered":"<p>C\u1ed1t v\u1ee3t\u00a0REINFORCE AC\u00a0\u0111\u01b0\u1ee3c s\u1ea3n xu\u1ea5t b\u1eb1ng quy tr\u00ecnh c\u00f4ng ngh\u1ec7 ti\u00ean ti\u1ebfn, k\u1ebft h\u1ee3p s\u1ee3i Armid Carbon v\u1edbi c\u00e1c l\u1edbp g\u1ed7 nh\u1eb1m t\u0103ng th\u00eam l\u1ef1c \u0111\u1ea9y, mang l\u1ea1i s\u1ee9c m\u1ea1nh v\u00e0 s\u1ef1 \u1ed5n \u0111\u1ecbnh. S\u1ee3i Armid Carbon \u00a0c\u00f3 \u01b0u \u0111i\u1ec3m v\u01b0\u1ee3t tr\u1ed9i v\u1ec1 \u0111\u1ed9 ki\u1ec3m so\u00e1t b\u00f3ng, \u0111\u1ed9 xo\u00e1y v\u00e0 \u1ed5n \u0111\u1ecbnh cao, c\u1ea3m gi\u00e1c [&hellip;]<\/p>\n","protected":false},"featured_media":3411,"comment_status":"open","ping_status":"closed","template":"","meta":{"_eb_attr":""},"product_cat":[150,26],"product_tag":[],"class_list":["post-3410","product","type-product","status-publish","has-post-thumbnail","hentry","product_cat-cot-vot-yasaka","product_cat-cot-vot"],"_links":{"self":[{"href":"https:\/\/www.phivutabletennis.com\/index.php\/wp-json\/wp\/v2\/product\/3410","targetHints":{"allow":["GET"]}}],"collection":[{"href":"https:\/\/www.phivutabletennis.com\/index.php\/wp-json\/wp\/v2\/product"}],"about":[{"href":"https:\/\/www.phivutabletennis.com\/index.php\/wp-json\/wp\/v2\/types\/product"}],"replies":[{"embeddable":true,"href":"https:\/\/www.phivutabletennis.com\/index.php\/wp-json\/wp\/v2\/comments?post=3410"}],"wp:featuredmedia":[{"embeddable":true,"href":"https:\/\/www.phivutabletennis.com\/index.php\/wp-json\/wp\/v2\/media\/3411"}],"wp:attachment":[{"href":"https:\/\/www.phivutabletennis.com\/index.php\/wp-json\/wp\/v2\/media?parent=3410"}],"wp:term":[{"taxonomy":"product_cat","embeddable":true,"href":"https:\/\/www.phivutabletennis.com\/index.php\/wp-json\/wp\/v2\/product_cat?post=3410"},{"taxonomy":"product_tag","embeddable":true,"href":"https:\/\/www.phivutabletennis.com\/index.php\/wp-json\/wp\/v2\/product_tag?post=3410"}],"curies":[{"name":"wp","href":"https:\/\/api.w.org\/{rel}","templated":true}]}}