{"id":3412,"date":"2023-07-05T22:10:11","date_gmt":"2023-07-05T15:10:11","guid":{"rendered":"https:\/\/www.phivutabletennis.com\/?post_type=product&#038;p=3412"},"modified":"2023-07-05T22:10:11","modified_gmt":"2023-07-05T15:10:11","slug":"malin-carbon","status":"publish","type":"product","link":"https:\/\/www.phivutabletennis.com\/index.php\/product\/malin-carbon\/","title":{"rendered":"MALIN CARBON"},"content":{"rendered":"<p><strong>H\u00c0NG CH\u00cdNH H\u00c3NG YASAKA S\u1ea2N XU\u1ea4T T\u1ea0I THU\u1ef4 \u0110I\u1ec2N &#8211; MADE IN SWEDEN<\/strong><\/p>\n<p><strong>Malin Carbon<\/strong>&#8211; Uy l\u1ef1c c\u1ee7a s\u1ef1 t\u1ea5n c\u00f4ng ch\u1edbp nho\u00e1ng.<\/p>\n<p>C\u1ed1t v\u1ee3t Malin Carbon \u0111\u01b0\u1ee3c nghi\u00ean c\u1ee9u v\u00e0 s\u1ea3n xu\u1ea5t d\u1ef1a tr\u00ean s\u1ef1 h\u1ed7 tr\u1ee3 v\u1ec1 kinh nghi\u1ec7m thi \u0111\u1ea5u c\u0169ng nh\u01b0 l\u1ed1i \u0111\u00e1nh t\u1ea5n c\u00f4ng \u0111\u1ea7y uy l\u1ef1c c\u1ee7a V\u1eadn \u0111\u1ed9ng vi\u00ean Trung Qu\u1ed1c Malin (M\u00e3 L\u00e2m) &#8211; V\u1eadn \u0111\u1ed9ng vi\u00ean \u0111\u00e3 \u0111\u1ea1t danh hi\u1ec7u V\u00f4 \u0111\u1ecbch \u0111\u01a1n nam m\u00f4n B\u00f3ng b\u00e0n t\u1ea1i \u0110\u1ea1i h\u1ed9i Olympic B\u1eafc kinh 2008 .<\/p>\n<p>C\u1ed1t v\u1ee3t Malin Carbon \u0111\u01b0\u1ee3c ch\u1ebf t\u1ea1o b\u1edfi 5 l\u1edbp g\u1ed7 c\u1ee9ng v\u00e0 2 l\u1edbp Carbon, c\u00f3 \u0111\u1ed9 \u0111\u00e0n h\u1ed3i cao gi\u00fap cho B\u1ea1n t\u1ef1 tin h\u01a1n khi s\u1eed d\u1ee5ng c\u1ed1t v\u1ee3t n\u00e0y \u0111\u1ec3 th\u1ef1c hi\u1ec7n nh\u1eefng c\u00fa t\u1ea5n c\u00f4ng ch\u1edbp nho\u00e1ng v\u00e0 \u0111\u1ea7y uy l\u1ef1c<\/p>\n<p>L\u1ed1i \u0111\u00e1nh t\u1ea5n c\u00f4ng<\/p>\n<table border=\"0\" cellspacing=\"1\" cellpadding=\"1\">\n<tbody>\n<tr>\n<td>C\u1ea5u t\u1ea1o<\/td>\n<td>: 5 l\u1edbp g\u1ed7 + 2 l\u1edbp Carbon<\/td>\n<\/tr>\n<tr>\n<td>T\u1ed1c \u0111\u1ed9<\/td>\n<td>: 10<\/td>\n<\/tr>\n<tr>\n<td>C\u1ea3m gi\u00e1c<\/td>\n<td>: 9-<\/td>\n<\/tr>\n<tr>\n<td>\u0110\u1ed9 d\u1ea7y<\/td>\n<td>: 6.0mm<\/td>\n<\/tr>\n<tr>\n<td>Tr\u1ecdng l\u01b0\u1ee3ng<\/td>\n<td>: \u00b185gr<\/td>\n<\/tr>\n<\/tbody>\n<\/table>\n<p><strong>H\u00e0ng ch\u00ednh h\u00e3ng b\u1ea3o h\u00e0nh 1 th\u00e1ng<\/strong><br \/>\n<strong>Theo th\u00f4ng s\u1ed1 chu\u1ea9n c\u1ee7a h\u00e3ng Yasaka<\/strong><\/p>\n","protected":false},"excerpt":{"rendered":"<p>H\u00c0NG CH\u00cdNH H\u00c3NG YASAKA S\u1ea2N XU\u1ea4T T\u1ea0I THU\u1ef4 \u0110I\u1ec2N &#8211; MADE IN SWEDEN Malin Carbon&#8211; Uy l\u1ef1c c\u1ee7a s\u1ef1 t\u1ea5n c\u00f4ng ch\u1edbp nho\u00e1ng. C\u1ed1t v\u1ee3t Malin Carbon \u0111\u01b0\u1ee3c nghi\u00ean c\u1ee9u v\u00e0 s\u1ea3n xu\u1ea5t d\u1ef1a tr\u00ean s\u1ef1 h\u1ed7 tr\u1ee3 v\u1ec1 kinh nghi\u1ec7m thi \u0111\u1ea5u c\u0169ng nh\u01b0 l\u1ed1i \u0111\u00e1nh t\u1ea5n c\u00f4ng \u0111\u1ea7y uy l\u1ef1c c\u1ee7a V\u1eadn \u0111\u1ed9ng [&hellip;]<\/p>\n","protected":false},"featured_media":3413,"comment_status":"open","ping_status":"closed","template":"","meta":{"_eb_attr":""},"product_cat":[150,26],"product_tag":[],"class_list":["post-3412","product","type-product","status-publish","has-post-thumbnail","hentry","product_cat-cot-vot-yasaka","product_cat-cot-vot"],"_links":{"self":[{"href":"https:\/\/www.phivutabletennis.com\/index.php\/wp-json\/wp\/v2\/product\/3412","targetHints":{"allow":["GET"]}}],"collection":[{"href":"https:\/\/www.phivutabletennis.com\/index.php\/wp-json\/wp\/v2\/product"}],"about":[{"href":"https:\/\/www.phivutabletennis.com\/index.php\/wp-json\/wp\/v2\/types\/product"}],"replies":[{"embeddable":true,"href":"https:\/\/www.phivutabletennis.com\/index.php\/wp-json\/wp\/v2\/comments?post=3412"}],"wp:featuredmedia":[{"embeddable":true,"href":"https:\/\/www.phivutabletennis.com\/index.php\/wp-json\/wp\/v2\/media\/3413"}],"wp:attachment":[{"href":"https:\/\/www.phivutabletennis.com\/index.php\/wp-json\/wp\/v2\/media?parent=3412"}],"wp:term":[{"taxonomy":"product_cat","embeddable":true,"href":"https:\/\/www.phivutabletennis.com\/index.php\/wp-json\/wp\/v2\/product_cat?post=3412"},{"taxonomy":"product_tag","embeddable":true,"href":"https:\/\/www.phivutabletennis.com\/index.php\/wp-json\/wp\/v2\/product_tag?post=3412"}],"curies":[{"name":"wp","href":"https:\/\/api.w.org\/{rel}","templated":true}]}}