{"id":3418,"date":"2023-07-05T22:12:47","date_gmt":"2023-07-05T15:12:47","guid":{"rendered":"https:\/\/www.phivutabletennis.com\/?post_type=product&#038;p=3418"},"modified":"2023-07-05T22:12:48","modified_gmt":"2023-07-05T15:12:48","slug":"mark-wood","status":"publish","type":"product","link":"https:\/\/www.phivutabletennis.com\/index.php\/product\/mark-wood\/","title":{"rendered":"MARK WOOD"},"content":{"rendered":"<p><strong>H\u00c0NG CH\u00cdNH H\u00c3NG YASAKA S\u1ea2N XU\u1ea4T T\u1ea0I\u00a0<\/strong><strong>TH\u1ee4Y \u0110I\u1ec2N &#8211; MADE IN SWEDEN<\/strong><\/p>\n<p><strong>MARK<\/strong><strong>\u00a0WOOD<\/strong>\u00a0c\u1ea5u t\u1ea1o 5 l\u1edbp g\u1ed7 \u0111\u01b0\u1ee3c s\u1ea3n xu\u1ea5t t\u1ea1i Th\u1ee5y \u0110i\u1ec3n v\u1edbi \u0111\u1ed9 \u1ed5n \u0111\u1ecbnh v\u01b0\u1ee3t tr\u1ed9i, mang l\u1ea1i c\u1ea3m gi\u00e1c \u0111\u00e1nh b\u00f3ng tho\u1ea3i m\u00e1i, l\u1ef1c \u0111\u00e1nh v\u1eeba ph\u1ea3i v\u00e0 hi\u1ec7u su\u1ea5t ki\u1ec3m so\u00e1t cao.\u00a0Kh\u1ea3 n\u0103ng t\u01b0\u01a1ng th\u00edch tuy\u1ec7t v\u1eddi khi k\u1ebft h\u1ee3p v\u1edbi m\u1eb7t v\u1ee3t Mark V.<\/p>\n<table border=\"0\" cellspacing=\"1\" cellpadding=\"1\">\n<tbody>\n<tr>\n<td>C\u1ea5u t\u1ea1o<\/td>\n<td>: 5 l\u1edbp g\u1ed7<\/td>\n<\/tr>\n<tr>\n<td>T\u1ed1c \u0111\u1ed9<\/td>\n<td>: Trung b\u00ecnh ch\u1eadm<\/td>\n<\/tr>\n<tr>\n<td>C\u1ea3m gi\u00e1c<\/td>\n<td>: Trung b\u00ecnh<\/td>\n<\/tr>\n<tr>\n<td>\u0110\u1ed9 d\u1ea7y<\/td>\n<td>: 5.8mm<\/td>\n<\/tr>\n<tr>\n<td>Tr\u1ecdng l\u01b0\u1ee3ng<\/td>\n<td>: \u00b183gr<\/td>\n<\/tr>\n<\/tbody>\n<\/table>\n<p><strong>H\u00e0ng ch\u00ednh h\u00e3ng b\u1ea3o h\u00e0nh 1 th\u00e1ng<\/strong><br \/>\n<strong>Theo th\u00f4ng s\u1ed1 chu\u1ea9n c\u1ee7a h\u00e3ng Yasaka<\/strong><\/p>\n","protected":false},"excerpt":{"rendered":"<p>H\u00c0NG CH\u00cdNH H\u00c3NG YASAKA S\u1ea2N XU\u1ea4T T\u1ea0I\u00a0TH\u1ee4Y \u0110I\u1ec2N &#8211; MADE IN SWEDEN MARK\u00a0WOOD\u00a0c\u1ea5u t\u1ea1o 5 l\u1edbp g\u1ed7 \u0111\u01b0\u1ee3c s\u1ea3n xu\u1ea5t t\u1ea1i Th\u1ee5y \u0110i\u1ec3n v\u1edbi \u0111\u1ed9 \u1ed5n \u0111\u1ecbnh v\u01b0\u1ee3t tr\u1ed9i, mang l\u1ea1i c\u1ea3m gi\u00e1c \u0111\u00e1nh b\u00f3ng tho\u1ea3i m\u00e1i, l\u1ef1c \u0111\u00e1nh v\u1eeba ph\u1ea3i v\u00e0 hi\u1ec7u su\u1ea5t ki\u1ec3m so\u00e1t cao.\u00a0Kh\u1ea3 n\u0103ng t\u01b0\u01a1ng th\u00edch tuy\u1ec7t v\u1eddi khi k\u1ebft h\u1ee3p [&hellip;]<\/p>\n","protected":false},"featured_media":3419,"comment_status":"open","ping_status":"closed","template":"","meta":{"_eb_attr":""},"product_cat":[150,26],"product_tag":[],"class_list":["post-3418","product","type-product","status-publish","has-post-thumbnail","hentry","product_cat-cot-vot-yasaka","product_cat-cot-vot"],"_links":{"self":[{"href":"https:\/\/www.phivutabletennis.com\/index.php\/wp-json\/wp\/v2\/product\/3418","targetHints":{"allow":["GET"]}}],"collection":[{"href":"https:\/\/www.phivutabletennis.com\/index.php\/wp-json\/wp\/v2\/product"}],"about":[{"href":"https:\/\/www.phivutabletennis.com\/index.php\/wp-json\/wp\/v2\/types\/product"}],"replies":[{"embeddable":true,"href":"https:\/\/www.phivutabletennis.com\/index.php\/wp-json\/wp\/v2\/comments?post=3418"}],"wp:featuredmedia":[{"embeddable":true,"href":"https:\/\/www.phivutabletennis.com\/index.php\/wp-json\/wp\/v2\/media\/3419"}],"wp:attachment":[{"href":"https:\/\/www.phivutabletennis.com\/index.php\/wp-json\/wp\/v2\/media?parent=3418"}],"wp:term":[{"taxonomy":"product_cat","embeddable":true,"href":"https:\/\/www.phivutabletennis.com\/index.php\/wp-json\/wp\/v2\/product_cat?post=3418"},{"taxonomy":"product_tag","embeddable":true,"href":"https:\/\/www.phivutabletennis.com\/index.php\/wp-json\/wp\/v2\/product_tag?post=3418"}],"curies":[{"name":"wp","href":"https:\/\/api.w.org\/{rel}","templated":true}]}}