{"id":3422,"date":"2023-07-05T22:15:20","date_gmt":"2023-07-05T15:15:20","guid":{"rendered":"https:\/\/www.phivutabletennis.com\/?post_type=product&#038;p=3422"},"modified":"2023-07-05T22:15:21","modified_gmt":"2023-07-05T15:15:21","slug":"bao-vot-yasaka-caro-cam","status":"publish","type":"product","link":"https:\/\/www.phivutabletennis.com\/index.php\/product\/bao-vot-yasaka-caro-cam\/","title":{"rendered":"BAO V\u1ee2T YASAKA CARO CAM"},"content":{"rendered":"<p><strong>BAO V\u1ee2T YASAKA &#8211; H\u00c0NG VI\u1ec6T NAM CH\u1ea4T L\u01af\u1ee2NG CAO S\u1ea2N XU\u1ea4T D\u01af\u1edaI S\u1ef0 GI\u00c1M S\u00c1T C\u1ee6A H\u00c3NG.<\/strong><\/p>\n<p>Bao v\u1ee3t b\u00f3ng b\u00e0n ch\u1ea5t l\u01b0\u1ee3ng gi\u00fap b\u1ea3o v\u1ec7 v\u1ee3t c\u1ee7a b\u1ea1n t\u1ed1t h\u01a1n.<br \/>\n<span class=\"text_exposed_show\"><strong>\u01afu \u0111i\u1ec3m:\u00a0<\/strong>C\u00f3 quai x\u00e1ch ti\u1ec7n l\u1ee3i, ch\u1ea5t li\u1ec7u Polyester 2 l\u1edbp ch\u1eafc ch\u1eafn, c\u00f3 l\u1edbp l\u00f3t l\u01b0\u1edbi b\u00ean trong th\u00f4ng tho\u00e1ng, ng\u0103n ch\u1ee9a r\u1ed9ng c\u00f3 th\u1ec3 \u0111\u1ef1ng \u0111\u01b0\u1ee3c 2 c\u00e2y v\u1ee3t v\u00e0 3 qu\u1ea3 b\u00f3ng b\u00ean trong bao v\u1ee3t.<br \/>\nK\u00edch th\u01b0\u1edbc: D\u00e0i 30cm x ngang 20cm.<\/span><\/p>\n","protected":false},"excerpt":{"rendered":"<p>BAO V\u1ee2T YASAKA &#8211; H\u00c0NG VI\u1ec6T NAM CH\u1ea4T L\u01af\u1ee2NG CAO S\u1ea2N XU\u1ea4T D\u01af\u1edaI S\u1ef0 GI\u00c1M S\u00c1T C\u1ee6A H\u00c3NG. Bao v\u1ee3t b\u00f3ng b\u00e0n ch\u1ea5t l\u01b0\u1ee3ng gi\u00fap b\u1ea3o v\u1ec7 v\u1ee3t c\u1ee7a b\u1ea1n t\u1ed1t h\u01a1n. \u01afu \u0111i\u1ec3m:\u00a0C\u00f3 quai x\u00e1ch ti\u1ec7n l\u1ee3i, ch\u1ea5t li\u1ec7u Polyester 2 l\u1edbp ch\u1eafc ch\u1eafn, c\u00f3 l\u1edbp l\u00f3t l\u01b0\u1edbi b\u00ean trong th\u00f4ng tho\u00e1ng, ng\u0103n ch\u1ee9a [&hellip;]<\/p>\n","protected":false},"featured_media":3423,"comment_status":"open","ping_status":"closed","template":"","meta":{"_eb_attr":""},"product_cat":[85,155],"product_tag":[],"class_list":["post-3422","product","type-product","status-publish","has-post-thumbnail","hentry","product_cat-balo-bao-vot","product_cat-yasaka-bao-vot"],"_links":{"self":[{"href":"https:\/\/www.phivutabletennis.com\/index.php\/wp-json\/wp\/v2\/product\/3422","targetHints":{"allow":["GET"]}}],"collection":[{"href":"https:\/\/www.phivutabletennis.com\/index.php\/wp-json\/wp\/v2\/product"}],"about":[{"href":"https:\/\/www.phivutabletennis.com\/index.php\/wp-json\/wp\/v2\/types\/product"}],"replies":[{"embeddable":true,"href":"https:\/\/www.phivutabletennis.com\/index.php\/wp-json\/wp\/v2\/comments?post=3422"}],"wp:featuredmedia":[{"embeddable":true,"href":"https:\/\/www.phivutabletennis.com\/index.php\/wp-json\/wp\/v2\/media\/3423"}],"wp:attachment":[{"href":"https:\/\/www.phivutabletennis.com\/index.php\/wp-json\/wp\/v2\/media?parent=3422"}],"wp:term":[{"taxonomy":"product_cat","embeddable":true,"href":"https:\/\/www.phivutabletennis.com\/index.php\/wp-json\/wp\/v2\/product_cat?post=3422"},{"taxonomy":"product_tag","embeddable":true,"href":"https:\/\/www.phivutabletennis.com\/index.php\/wp-json\/wp\/v2\/product_tag?post=3422"}],"curies":[{"name":"wp","href":"https:\/\/api.w.org\/{rel}","templated":true}]}}