{"id":3441,"date":"2023-07-05T22:24:21","date_gmt":"2023-07-05T15:24:21","guid":{"rendered":"https:\/\/www.phivutabletennis.com\/?post_type=product&#038;p=3441"},"modified":"2023-07-05T22:24:21","modified_gmt":"2023-07-05T15:24:21","slug":"rising-dragon","status":"publish","type":"product","link":"https:\/\/www.phivutabletennis.com\/index.php\/product\/rising-dragon\/","title":{"rendered":"RISING DRAGON"},"content":{"rendered":"<p>\u0110\u01b0\u1ee3c s\u1ea3n xu\u1ea5t theo c\u00f4ng ngh\u1ec7 m\u00fat t\u00e0u, b\u1ec1 m\u1eb7t m\u00fat c\u00f3 l\u1edbp keo, \u0111\u1ed9 d\u00ednh cao, \u0111\u1ed3ng th\u1eddi k\u1ebft h\u1ee3p v\u1edbi\u00a0l\u1edbp l\u00f3t c\u1ee9ng, gi\u00fap ng\u01b0\u1eddi ch\u01a1i d\u1ec5 d\u00e0ng b\u1eaft b\u00f3ng, t\u1ea1o xo\u00e1y, giao b\u00f3ng v\u00e0 gi\u1eadt b\u00f3ng xo\u00e1y.<\/p>\n<p>R\u1ea5t th\u00edch h\u1ee3p v\u1edbi b\u00f3ng Plastic 40+<\/p>\n<p>\u0110\u1ed9 c\u1ee9ng: 47 ~ 52 \u0111\u1ed9<\/p>\n<p>\u0110\u1ed9 d\u1ea7y: maximum<\/p>\n<p>T\u1ed1c \u0111\u1ed9: 10+<\/p>\n<p>\u0110\u1ed9 xo\u00e1y: 13+<\/p>\n<p>C\u1ea3m gi\u00e1c: 9<\/p>\n<p>Th\u00f4ng s\u1ed1 theo chu\u1ea9n c\u1ee7a h\u00e3ng Yasaka<\/p>\n<p>Xu\u1ea5t x\u1ee9: H\u00e0ng ch\u00ednh h\u00e3ng Yasaka\u00a0s\u1ea3n xu\u1ea5t t\u1ea1i Trung Qu\u1ed1c<\/p>\n","protected":false},"excerpt":{"rendered":"<p>\u0110\u01b0\u1ee3c s\u1ea3n xu\u1ea5t theo c\u00f4ng ngh\u1ec7 m\u00fat t\u00e0u, b\u1ec1 m\u1eb7t m\u00fat c\u00f3 l\u1edbp keo, \u0111\u1ed9 d\u00ednh cao, \u0111\u1ed3ng th\u1eddi k\u1ebft h\u1ee3p v\u1edbi\u00a0l\u1edbp l\u00f3t c\u1ee9ng, gi\u00fap ng\u01b0\u1eddi ch\u01a1i d\u1ec5 d\u00e0ng b\u1eaft b\u00f3ng, t\u1ea1o xo\u00e1y, giao b\u00f3ng v\u00e0 gi\u1eadt b\u00f3ng xo\u00e1y. R\u1ea5t th\u00edch h\u1ee3p v\u1edbi b\u00f3ng Plastic 40+ \u0110\u1ed9 c\u1ee9ng: 47 ~ 52 \u0111\u1ed9 \u0110\u1ed9 d\u1ea7y: maximum [&hellip;]<\/p>\n","protected":false},"featured_media":3450,"comment_status":"open","ping_status":"closed","template":"","meta":{"_eb_attr":""},"product_cat":[154,29],"product_tag":[],"class_list":["post-3441","product","type-product","status-publish","has-post-thumbnail","hentry","product_cat-matvot-yasaka","product_cat-mat-vot"],"_links":{"self":[{"href":"https:\/\/www.phivutabletennis.com\/index.php\/wp-json\/wp\/v2\/product\/3441","targetHints":{"allow":["GET"]}}],"collection":[{"href":"https:\/\/www.phivutabletennis.com\/index.php\/wp-json\/wp\/v2\/product"}],"about":[{"href":"https:\/\/www.phivutabletennis.com\/index.php\/wp-json\/wp\/v2\/types\/product"}],"replies":[{"embeddable":true,"href":"https:\/\/www.phivutabletennis.com\/index.php\/wp-json\/wp\/v2\/comments?post=3441"}],"wp:featuredmedia":[{"embeddable":true,"href":"https:\/\/www.phivutabletennis.com\/index.php\/wp-json\/wp\/v2\/media\/3450"}],"wp:attachment":[{"href":"https:\/\/www.phivutabletennis.com\/index.php\/wp-json\/wp\/v2\/media?parent=3441"}],"wp:term":[{"taxonomy":"product_cat","embeddable":true,"href":"https:\/\/www.phivutabletennis.com\/index.php\/wp-json\/wp\/v2\/product_cat?post=3441"},{"taxonomy":"product_tag","embeddable":true,"href":"https:\/\/www.phivutabletennis.com\/index.php\/wp-json\/wp\/v2\/product_tag?post=3441"}],"curies":[{"name":"wp","href":"https:\/\/api.w.org\/{rel}","templated":true}]}}