{"id":3453,"date":"2023-07-05T22:24:55","date_gmt":"2023-07-05T15:24:55","guid":{"rendered":"https:\/\/www.phivutabletennis.com\/?post_type=product&#038;p=3453"},"modified":"2023-07-05T22:24:55","modified_gmt":"2023-07-05T15:24:55","slug":"shining-dragon","status":"publish","type":"product","link":"https:\/\/www.phivutabletennis.com\/index.php\/product\/shining-dragon\/","title":{"rendered":"SHINING DRAGON"},"content":{"rendered":"<p><strong>HINING DRAGON<\/strong>\u00a0<strong>&#8211; Thay \u0111\u1ed5i quan ni\u1ec7m chung v\u1ec1 m\u00fat t\u00e0u Trung Qu\u1ed1c !<\/strong><\/p>\n<p><strong>Tr\u1ecdng l\u01b0\u1ee3ng nh\u1eb9, \u0111\u1ed9 \u0111\u00e0n h\u1ed3i cao v\u00e0 b\u00e1m d\u00ednh v\u01b0\u1ee3t tr\u1ed9i !<\/strong><\/p>\n<p>Tr\u1ecdng l\u01b0\u1ee3ng m\u1eb7t v\u1ee3t nh\u1eb9 nh\u01b0ng v\u1eabn \u0111\u1ea1t \u0111\u01b0\u1ee3c l\u1ef1c \u0111\u1ea9y b\u00f3ng cao v\u00e0 duy tr\u00ec \u0111\u1ed9 b\u00e1m xo\u00e1y t\u1ed1t.<br \/>\nKeo tr\u00ean b\u1ec1 m\u1eb7t l\u1edbp sheet c\u00f3 \u0111\u1ed9 b\u00e1m d\u00ednh t\u1ed1t v\u1edbi kh\u1ea3 n\u0103ng t\u1ea1o xo\u00e1y m\u1ea1nh m\u1ebd, k\u1ebft h\u1ee3p c\u00f9ng m\u1eb7t l\u00f3t \u0111\u00e0n h\u1ed3i cao t\u1ea1o ra kho\u1ea3ng c\u00e1ch v\u00e0 t\u1ed1c \u0111\u1ed9 b\u00f3ng v\u1eeba \u0111\u1ee7.<br \/>\nTr\u1ecdng l\u01b0\u1ee3ng m\u1eb7t v\u1ee3t nh\u1eb9 h\u01a1n kho\u1ea3ng 10% so v\u1edbi c\u00e1c m\u1eb7t v\u1ee3t c\u00f3 c\u00f9ng t\u00ednh n\u0103ng v\u00e0 \u0111\u1ed9 c\u1ee9ng (m\u00fat t\u00e0u) nh\u01b0ng v\u1eabn cho c\u1ea3m gi\u00e1c b\u00f3ng ti\u1ebfp x\u00fac b\u00f3ng t\u1ed1t.<\/p>\n<table border=\"0\" cellspacing=\"1\" cellpadding=\"1\">\n<tbody>\n<tr>\n<td>T\u1ed1c \u0111\u1ed9<\/td>\n<td>: 10-<\/td>\n<\/tr>\n<tr>\n<td>\u0110\u1ed9 xo\u00e1y<\/td>\n<td>: 13+<\/td>\n<\/tr>\n<tr>\n<td>C\u1ea3m gi\u00e1c<\/td>\n<td>: 10<\/td>\n<\/tr>\n<tr>\n<td>\u0110\u1ed9 c\u1ee9ng<\/td>\n<td>:\u00a045~50<\/td>\n<\/tr>\n<\/tbody>\n<\/table>\n<div><strong>Theo th\u00f4ng s\u1ed1 chu\u1ea9n c\u1ee7a h\u00e3ng Yasaka<\/strong><\/div>\n","protected":false},"excerpt":{"rendered":"<p>HINING DRAGON\u00a0&#8211; Thay \u0111\u1ed5i quan ni\u1ec7m chung v\u1ec1 m\u00fat t\u00e0u Trung Qu\u1ed1c ! Tr\u1ecdng l\u01b0\u1ee3ng nh\u1eb9, \u0111\u1ed9 \u0111\u00e0n h\u1ed3i cao v\u00e0 b\u00e1m d\u00ednh v\u01b0\u1ee3t tr\u1ed9i ! Tr\u1ecdng l\u01b0\u1ee3ng m\u1eb7t v\u1ee3t nh\u1eb9 nh\u01b0ng v\u1eabn \u0111\u1ea1t \u0111\u01b0\u1ee3c l\u1ef1c \u0111\u1ea9y b\u00f3ng cao v\u00e0 duy tr\u00ec \u0111\u1ed9 b\u00e1m xo\u00e1y t\u1ed1t. Keo tr\u00ean b\u1ec1 m\u1eb7t l\u1edbp sheet c\u00f3 \u0111\u1ed9 b\u00e1m [&hellip;]<\/p>\n","protected":false},"featured_media":3448,"comment_status":"open","ping_status":"closed","template":"","meta":{"_eb_attr":""},"product_cat":[154,29],"product_tag":[],"class_list":["post-3453","product","type-product","status-publish","has-post-thumbnail","hentry","product_cat-matvot-yasaka","product_cat-mat-vot"],"_links":{"self":[{"href":"https:\/\/www.phivutabletennis.com\/index.php\/wp-json\/wp\/v2\/product\/3453","targetHints":{"allow":["GET"]}}],"collection":[{"href":"https:\/\/www.phivutabletennis.com\/index.php\/wp-json\/wp\/v2\/product"}],"about":[{"href":"https:\/\/www.phivutabletennis.com\/index.php\/wp-json\/wp\/v2\/types\/product"}],"replies":[{"embeddable":true,"href":"https:\/\/www.phivutabletennis.com\/index.php\/wp-json\/wp\/v2\/comments?post=3453"}],"wp:featuredmedia":[{"embeddable":true,"href":"https:\/\/www.phivutabletennis.com\/index.php\/wp-json\/wp\/v2\/media\/3448"}],"wp:attachment":[{"href":"https:\/\/www.phivutabletennis.com\/index.php\/wp-json\/wp\/v2\/media?parent=3453"}],"wp:term":[{"taxonomy":"product_cat","embeddable":true,"href":"https:\/\/www.phivutabletennis.com\/index.php\/wp-json\/wp\/v2\/product_cat?post=3453"},{"taxonomy":"product_tag","embeddable":true,"href":"https:\/\/www.phivutabletennis.com\/index.php\/wp-json\/wp\/v2\/product_tag?post=3453"}],"curies":[{"name":"wp","href":"https:\/\/api.w.org\/{rel}","templated":true}]}}