{"id":3456,"date":"2023-07-05T22:26:50","date_gmt":"2023-07-05T15:26:50","guid":{"rendered":"https:\/\/www.phivutabletennis.com\/?post_type=product&#038;p=3456"},"modified":"2023-07-05T22:26:50","modified_gmt":"2023-07-05T15:26:50","slug":"xtend-hs","status":"publish","type":"product","link":"https:\/\/www.phivutabletennis.com\/index.php\/product\/xtend-hs\/","title":{"rendered":"XTEND HS"},"content":{"rendered":"<div><strong>M\u1eb6T V\u1ee2T YASAKA XTEND HS\u00a0<\/strong><\/div>\n<div><strong>S\u1ea3n xu\u1ea5t t\u1ea1i \u0110\u1ee9c<\/strong><\/div>\n<div>Kh\u00f4ng c\u1ea7n d\u00f9ng keo t\u0103ng l\u1ef1c nh\u01b0ng v\u1eabn \u0111\u1ea1t hi\u1ec7u qu\u1ea3 v\u1ec1 t\u1ed1c \u0111\u1ed9 v\u00e0 \u0111\u1ed9 xo\u00e1y nh\u01b0 c\u00f3 s\u1eed d\u1ee5ng keo t\u0103ng l\u1ef1c.<\/div>\n<div>M\u1eb7t cao su l\u00f3t d\u01b0\u1edbi c\u1ee9ng n\u00ean \u0111\u1ea1t \u0111\u01b0\u1ee3c t\u1ed1c \u0111\u1ed9 t\u1ed1i \u0111a khi \u0111\u00e1nh nh\u01b0ng v\u1eabn \u0111\u1ea3m b\u1ea3o v\u1ec1 \u0111\u1ed9 b\u00e1m b\u00f3ng.<\/div>\n<div>Nh\u1eefng hi\u1ec7u qu\u1ea3 b\u1ea5t ng\u1edd c\u1ee7a m\u1eb7t v\u1ee3t XTEND HS ch\u1eafc ch\u1eafn s\u1ebd l\u00e0m b\u1ea1n ng\u1ea1c nhi\u00ean khi s\u1eed dung.<\/div>\n<div>\n<table border=\"0\" cellspacing=\"1\" cellpadding=\"1\">\n<tbody>\n<tr>\n<td>T\u1ed1c \u0111\u1ed9<\/td>\n<td>: 12+<\/td>\n<\/tr>\n<tr>\n<td>\u0110\u1ed9 xo\u00e1y<\/td>\n<td>: 11+<\/td>\n<\/tr>\n<tr>\n<td><span style=\"font-family: arial, helvetica, sans-serif;\">C\u1ea3m gi\u00e1c<\/span><\/td>\n<td>: 7+<\/td>\n<\/tr>\n<\/tbody>\n<\/table>\n<\/div>\n<div><strong>Theo th\u00f4ng s\u1ed1 chu\u1ea9n c\u1ee7a h\u00e3ng Yasaka\u00a0<\/strong><\/div>\n","protected":false},"excerpt":{"rendered":"<p>M\u1eb6T V\u1ee2T YASAKA XTEND HS\u00a0 S\u1ea3n xu\u1ea5t t\u1ea1i \u0110\u1ee9c Kh\u00f4ng c\u1ea7n d\u00f9ng keo t\u0103ng l\u1ef1c nh\u01b0ng v\u1eabn \u0111\u1ea1t hi\u1ec7u qu\u1ea3 v\u1ec1 t\u1ed1c \u0111\u1ed9 v\u00e0 \u0111\u1ed9 xo\u00e1y nh\u01b0 c\u00f3 s\u1eed d\u1ee5ng keo t\u0103ng l\u1ef1c. M\u1eb7t cao su l\u00f3t d\u01b0\u1edbi c\u1ee9ng n\u00ean \u0111\u1ea1t \u0111\u01b0\u1ee3c t\u1ed1c \u0111\u1ed9 t\u1ed1i \u0111a khi \u0111\u00e1nh nh\u01b0ng v\u1eabn \u0111\u1ea3m b\u1ea3o v\u1ec1 \u0111\u1ed9 b\u00e1m [&hellip;]<\/p>\n","protected":false},"featured_media":3452,"comment_status":"open","ping_status":"closed","template":"","meta":{"_eb_attr":""},"product_cat":[154,29],"product_tag":[],"class_list":["post-3456","product","type-product","status-publish","has-post-thumbnail","hentry","product_cat-matvot-yasaka","product_cat-mat-vot"],"_links":{"self":[{"href":"https:\/\/www.phivutabletennis.com\/index.php\/wp-json\/wp\/v2\/product\/3456","targetHints":{"allow":["GET"]}}],"collection":[{"href":"https:\/\/www.phivutabletennis.com\/index.php\/wp-json\/wp\/v2\/product"}],"about":[{"href":"https:\/\/www.phivutabletennis.com\/index.php\/wp-json\/wp\/v2\/types\/product"}],"replies":[{"embeddable":true,"href":"https:\/\/www.phivutabletennis.com\/index.php\/wp-json\/wp\/v2\/comments?post=3456"}],"wp:featuredmedia":[{"embeddable":true,"href":"https:\/\/www.phivutabletennis.com\/index.php\/wp-json\/wp\/v2\/media\/3452"}],"wp:attachment":[{"href":"https:\/\/www.phivutabletennis.com\/index.php\/wp-json\/wp\/v2\/media?parent=3456"}],"wp:term":[{"taxonomy":"product_cat","embeddable":true,"href":"https:\/\/www.phivutabletennis.com\/index.php\/wp-json\/wp\/v2\/product_cat?post=3456"},{"taxonomy":"product_tag","embeddable":true,"href":"https:\/\/www.phivutabletennis.com\/index.php\/wp-json\/wp\/v2\/product_tag?post=3456"}],"curies":[{"name":"wp","href":"https:\/\/api.w.org\/{rel}","templated":true}]}}