{"id":3457,"date":"2023-07-05T22:27:33","date_gmt":"2023-07-05T15:27:33","guid":{"rendered":"https:\/\/www.phivutabletennis.com\/?post_type=product&#038;p=3457"},"modified":"2023-07-05T22:27:34","modified_gmt":"2023-07-05T15:27:34","slug":"mark-v-hps-soft","status":"publish","type":"product","link":"https:\/\/www.phivutabletennis.com\/index.php\/product\/mark-v-hps-soft\/","title":{"rendered":"MARK V HPS SOFT"},"content":{"rendered":"<p><strong>M\u1eb6T V\u1ee2T YASAKA MARK V HPS SOFT<\/strong><br \/>\n<span style=\"color: #000000;\"><b>S\u1ea3n xu\u1ea5t t\u1ea1i Nh\u1eadt B\u1ea3n<\/b><\/span><\/p>\n<p><strong>Mark<\/strong>\u00a0<strong>V HPS SOFT\u00a0<\/strong>chu\u1ea9n m\u1edbi nh\u1ea5t c\u1ee7a d\u00f2ng HPS v\u1edbi m\u1eb7t l\u00f3t m\u1ec1m n\u00ean th\u1eddi gian b\u00f3ng ti\u1ebfp x\u00fac v\u1edbi m\u1eb7t v\u1ee3t l\u00e2u h\u01a1n khi t\u00e1c \u0111\u1ed9ng l\u1ef1c l\u1edbn l\u00ean m\u1eb7t v\u1ee3t v\u00e0 t\u00ednh \u1ed5n \u0111\u1ecbnh cao, gi\u00fap ng\u01b0\u1eddi ch\u01a1i d\u1ec5 d\u00e0ng giao b\u00f3ng v\u00e0 b\u1eaft b\u00f3ng ng\u1eafn \u0111\u00f2i h\u1ecfi k\u1ef9 thu\u1eadt, d\u1ec5 d\u00e0ng x\u1eed l\u00fd v\u00e0 \u0111i\u1ec1u khi\u1ec3n b\u00f3ng nh\u01b0 \u00fd.<\/p>\n<p><strong>Mark V HPS SOFT<\/strong>\u00a0th\u00edch h\u1ee3p v\u1edbi ng\u01b0\u1eddi ch\u01a1i c\u00f3 l\u1ed1i \u0111\u00e1nh ch\u1eb7n, \u0111\u1ea9y b\u00f3ng, gi\u1eadt b\u00f3ng xo\u00e1y, giao b\u00f3ng v\u00e0 b\u1eaft b\u00f3ng ng\u1eafn \u0111\u00f2i h\u1ecfi k\u1ef9 thu\u1eadt.<\/p>\n<table border=\"0\" cellspacing=\"1\" cellpadding=\"1\">\n<tbody>\n<tr>\n<td>T\u1ed1c \u0111\u1ed9<\/td>\n<td>:\u00a011+<\/td>\n<td><\/td>\n<\/tr>\n<tr>\n<td>\u0110\u1ed9 xo\u00e1y<\/td>\n<td>:\u00a010+<\/td>\n<td><\/td>\n<\/tr>\n<tr>\n<td>C\u1ea3m gi\u00e1c<\/td>\n<td>: 10+<\/td>\n<td><\/td>\n<\/tr>\n<tr>\n<td>\u0110\u1ed9 c\u1ee9ng<\/td>\n<td>: 35~40<strong>\u00a0<\/strong>\u0111\u1ed9<\/td>\n<\/tr>\n<\/tbody>\n<\/table>\n<p><strong>Th\u00f4ng s\u1ed1 tr\u00ean theo chu\u1ea9n c\u1ee7a H\u00e3ng Yasaka<\/strong><\/p>\n","protected":false},"excerpt":{"rendered":"<p>M\u1eb6T V\u1ee2T YASAKA MARK V HPS SOFT S\u1ea3n xu\u1ea5t t\u1ea1i Nh\u1eadt B\u1ea3n Mark\u00a0V HPS SOFT\u00a0chu\u1ea9n m\u1edbi nh\u1ea5t c\u1ee7a d\u00f2ng HPS v\u1edbi m\u1eb7t l\u00f3t m\u1ec1m n\u00ean th\u1eddi gian b\u00f3ng ti\u1ebfp x\u00fac v\u1edbi m\u1eb7t v\u1ee3t l\u00e2u h\u01a1n khi t\u00e1c \u0111\u1ed9ng l\u1ef1c l\u1edbn l\u00ean m\u1eb7t v\u1ee3t v\u00e0 t\u00ednh \u1ed5n \u0111\u1ecbnh cao, gi\u00fap ng\u01b0\u1eddi ch\u01a1i d\u1ec5 d\u00e0ng giao b\u00f3ng [&hellip;]<\/p>\n","protected":false},"featured_media":3442,"comment_status":"open","ping_status":"closed","template":"","meta":{"_eb_attr":""},"product_cat":[154,29],"product_tag":[],"class_list":["post-3457","product","type-product","status-publish","has-post-thumbnail","hentry","product_cat-matvot-yasaka","product_cat-mat-vot"],"_links":{"self":[{"href":"https:\/\/www.phivutabletennis.com\/index.php\/wp-json\/wp\/v2\/product\/3457","targetHints":{"allow":["GET"]}}],"collection":[{"href":"https:\/\/www.phivutabletennis.com\/index.php\/wp-json\/wp\/v2\/product"}],"about":[{"href":"https:\/\/www.phivutabletennis.com\/index.php\/wp-json\/wp\/v2\/types\/product"}],"replies":[{"embeddable":true,"href":"https:\/\/www.phivutabletennis.com\/index.php\/wp-json\/wp\/v2\/comments?post=3457"}],"wp:featuredmedia":[{"embeddable":true,"href":"https:\/\/www.phivutabletennis.com\/index.php\/wp-json\/wp\/v2\/media\/3442"}],"wp:attachment":[{"href":"https:\/\/www.phivutabletennis.com\/index.php\/wp-json\/wp\/v2\/media?parent=3457"}],"wp:term":[{"taxonomy":"product_cat","embeddable":true,"href":"https:\/\/www.phivutabletennis.com\/index.php\/wp-json\/wp\/v2\/product_cat?post=3457"},{"taxonomy":"product_tag","embeddable":true,"href":"https:\/\/www.phivutabletennis.com\/index.php\/wp-json\/wp\/v2\/product_tag?post=3457"}],"curies":[{"name":"wp","href":"https:\/\/api.w.org\/{rel}","templated":true}]}}