{"id":3465,"date":"2023-07-05T22:35:20","date_gmt":"2023-07-05T15:35:20","guid":{"rendered":"https:\/\/www.phivutabletennis.com\/?post_type=product&#038;p=3465"},"modified":"2023-07-05T22:35:20","modified_gmt":"2023-07-05T15:35:20","slug":"mark-v","status":"publish","type":"product","link":"https:\/\/www.phivutabletennis.com\/index.php\/product\/mark-v\/","title":{"rendered":"MARK V"},"content":{"rendered":"<p><strong>M\u1eb6T V\u1ee2T YASAKA MARK V\u00a0<\/strong><br \/>\n<span style=\"color: #000000;\"><b>S\u1ea3n xu\u1ea5t t\u1ea1i Nh\u1eadt B\u1ea3n<\/b><\/span><\/p>\n<ul>\n<li>M\u0103t v\u1ee3t<strong>\u00a0Mark V<\/strong>\u00a0\u0111\u1ea1t \u0111\u01b0\u1ee3c s\u1ef1 li\u00ean k\u1ebft gi\u1eefa \u0111\u1ed9 xo\u00e1y v\u00e0 l\u1ef1c kh\u1ed1ng ch\u1ebf b\u00f3ng.<\/li>\n<li>T\u0103ng t\u1ed1c \u0111\u1ed9 xo\u00e1y nhanh h\u01a1n so v\u1edbi m\u1eb7t v\u1ee3t th\u00f4ng th\u01b0\u1eddng.<\/li>\n<li>Ph\u1ed1i h\u1ee3p \u0111\u01b0\u1ee3c 3 y\u1ebfu t\u1ed1: \u0111\u1ed9 xo\u00e1y, l\u1ef1c kh\u1ed1ng ch\u1ebf b\u00f3ng v\u00e0 t\u1ed1c \u0111\u1ed9 r\u1ea5t t\u1ed1t.<\/li>\n<li>Tr\u00ean 30 n\u0103m t\u00ednh \u0111\u1ebfn th\u1eddi \u0111i\u1ec3m n\u0103m 2007,\u00a0nhi\u1ec1u v\u1eadn \u0111\u1ed9ng vi\u00ean n\u1ed5i ti\u1ebfng tr\u00ean th\u1ebf gi\u1edbi s\u1eed d\u1ee5ng m\u1eb7t v\u1ee3t\u00a0<strong>Mark\u00a0V<\/strong>\u00a0\u0111\u00e3 tr\u1edf th\u00e0nh nh\u1eefng nh\u00e0 v\u00f4 \u0111\u1ecbch Th\u1ebf Gi\u1edbi v\u00e0 Ch\u00e2u L\u1ee5c.<\/li>\n<\/ul>\n<table border=\"0\" cellspacing=\"1\" cellpadding=\"1\">\n<tbody>\n<tr>\n<td>T\u1ed1c \u0111\u1ed9<\/td>\n<td>: 10<\/td>\n<\/tr>\n<tr>\n<td>\u0110\u1ed9 xo\u00e1y<\/td>\n<td>: 10<\/td>\n<\/tr>\n<tr>\n<td>C\u1ea3m gi\u00e1c<\/td>\n<td>: 10<\/td>\n<\/tr>\n<tr>\n<td>\u0110\u1ed9 c\u1ee9ng<\/td>\n<td>: 40~45 \u0111\u1ed9<\/td>\n<\/tr>\n<\/tbody>\n<\/table>\n<p><strong>Theo th\u00f4ng s\u1ed1 chu\u1ea9n c\u1ee7a H\u00e3ng Yasaka<\/strong><\/p>\n<p><strong>Yasaka Mark V<\/strong>\u00a0&#8211;\u00a0<strong>Made in Japan<\/strong>\u00a0&#8211; Ni\u1ec1m tin c\u1ee7a ng\u01b0\u1eddi h\u00e2m m\u1ed9 b\u00f3ng b\u00e0n v\u1edbi s\u1ea3n ph\u1ea9m s\u1ea3n xu\u1ea5t t\u1ea1i Nh\u1eadt B\u1ea3n.<\/p>\n<div>Mark V \u0111\u00e3 tr\u1edf th\u00e0nh s\u1ea3n ph\u1ea9m b\u00e1n ch\u1ea1y nh\u1ea5t tr\u00ean th\u1ebf gi\u1edbi k\u1ec3 t\u1eeb n\u0103m 1969 v\u1edbi doanh thu l\u00e0 10 tri\u1ec7u s\u1ea3n ph\u1ea9m.<\/div>\n<div><strong>H\u00e3ng Yasaka<\/strong>\u00a0t\u1ef1 h\u00e0o v\u1edbi th\u1ebf gi\u1edbi \u0111\u00e2y l\u00e0 s\u1ea3n ph\u1ea9m \u0111\u01b0\u1ee3c s\u1ea3n xu\u1ea5t b\u1edfi c\u00f9ng m\u1ed9t quy tr\u00ecnh, c\u00f9ng nh\u00e0 m\u00e1y s\u1ea3n xu\u1ea5t v\u00e0 c\u00f9ng ch\u1ea5t li\u1ec7u k\u1ec3 t\u1eeb khi ra \u0111\u1eddi \u0111\u1ebfn nay.<\/div>\n<div>Th\u1eadt s\u1ef1 \u0111\u00e2y l\u00e0 \u0111i\u1ec1u hi\u1ebfm hoi khi s\u1ea3n ph\u1ea9m b\u00f3ng b\u00e0n \u0111\u01b0\u1ee3c s\u1ea3n xu\u1ea5t c\u00e1ch \u0111\u00e2y h\u01a1n 50 n\u0103m \u0111\u1ebfn nay v\u1eabn ti\u1ebfp t\u1ee5c ph\u00e1t tri\u1ec3n v\u00e0 l\u00e0 s\u1ea3n ph\u1ea9m ph\u1ed5 bi\u1ebfn tr\u00ean th\u1ebf gi\u1edbi.<\/div>\n<div><\/div>\n<p><strong><img decoding=\"async\" src=\"https:\/\/bongban.asia\/image\/data\/YASAKA\/Mark%20V%204.jpg\" alt=\"\" \/><\/strong><\/p>\n","protected":false},"excerpt":{"rendered":"<p>M\u1eb6T V\u1ee2T YASAKA MARK V\u00a0 S\u1ea3n xu\u1ea5t t\u1ea1i Nh\u1eadt B\u1ea3n M\u0103t v\u1ee3t\u00a0Mark V\u00a0\u0111\u1ea1t \u0111\u01b0\u1ee3c s\u1ef1 li\u00ean k\u1ebft gi\u1eefa \u0111\u1ed9 xo\u00e1y v\u00e0 l\u1ef1c kh\u1ed1ng ch\u1ebf b\u00f3ng. T\u0103ng t\u1ed1c \u0111\u1ed9 xo\u00e1y nhanh h\u01a1n so v\u1edbi m\u1eb7t v\u1ee3t th\u00f4ng th\u01b0\u1eddng. Ph\u1ed1i h\u1ee3p \u0111\u01b0\u1ee3c 3 y\u1ebfu t\u1ed1: \u0111\u1ed9 xo\u00e1y, l\u1ef1c kh\u1ed1ng ch\u1ebf b\u00f3ng v\u00e0 t\u1ed1c \u0111\u1ed9 r\u1ea5t t\u1ed1t. Tr\u00ean [&hellip;]<\/p>\n","protected":false},"featured_media":3467,"comment_status":"open","ping_status":"closed","template":"","meta":{"_eb_attr":""},"product_cat":[154,29],"product_tag":[],"class_list":["post-3465","product","type-product","status-publish","has-post-thumbnail","hentry","product_cat-matvot-yasaka","product_cat-mat-vot"],"_links":{"self":[{"href":"https:\/\/www.phivutabletennis.com\/index.php\/wp-json\/wp\/v2\/product\/3465","targetHints":{"allow":["GET"]}}],"collection":[{"href":"https:\/\/www.phivutabletennis.com\/index.php\/wp-json\/wp\/v2\/product"}],"about":[{"href":"https:\/\/www.phivutabletennis.com\/index.php\/wp-json\/wp\/v2\/types\/product"}],"replies":[{"embeddable":true,"href":"https:\/\/www.phivutabletennis.com\/index.php\/wp-json\/wp\/v2\/comments?post=3465"}],"wp:featuredmedia":[{"embeddable":true,"href":"https:\/\/www.phivutabletennis.com\/index.php\/wp-json\/wp\/v2\/media\/3467"}],"wp:attachment":[{"href":"https:\/\/www.phivutabletennis.com\/index.php\/wp-json\/wp\/v2\/media?parent=3465"}],"wp:term":[{"taxonomy":"product_cat","embeddable":true,"href":"https:\/\/www.phivutabletennis.com\/index.php\/wp-json\/wp\/v2\/product_cat?post=3465"},{"taxonomy":"product_tag","embeddable":true,"href":"https:\/\/www.phivutabletennis.com\/index.php\/wp-json\/wp\/v2\/product_tag?post=3465"}],"curies":[{"name":"wp","href":"https:\/\/api.w.org\/{rel}","templated":true}]}}