{"id":3468,"date":"2023-07-05T22:36:16","date_gmt":"2023-07-05T15:36:16","guid":{"rendered":"https:\/\/www.phivutabletennis.com\/?post_type=product&#038;p=3468"},"modified":"2023-07-05T22:36:16","modified_gmt":"2023-07-05T15:36:16","slug":"anti-power","status":"publish","type":"product","link":"https:\/\/www.phivutabletennis.com\/index.php\/product\/anti-power\/","title":{"rendered":"ANTI POWER"},"content":{"rendered":"<p><strong>M\u1eb6T V\u1ee2T YASAKA ANTI POWER<\/strong><br \/>\n<span style=\"color: #000000;\"><b>S\u1ea3n xu\u1ea5t t\u1ea1i Nh\u1eadt B\u1ea3n<\/b><\/span><\/p>\n<p><strong>Anti Power<\/strong>\u00a0v\u1edbi kh\u1ea3 n\u0103ng v\u00f4 hi\u1ec7u h\u00f3a xo\u00e1y c\u1ee7a \u0111\u1ed1i ph\u01b0\u01a1ng v\u00e0 gi\u00fap ng\u01b0\u1eddi ch\u01a1i d\u1ec5 d\u00e0ng kh\u1ed1ng ch\u1ebf xo\u00e1y c\u1ee7a \u0111\u1ed1i ph\u01b0\u01a1ng, \u0111\u1eb7c bi\u1ec7t ph\u00f9 h\u1ee3p v\u1edbi nh\u1eefng ng\u01b0\u1eddi l\u1edbn tu\u1ed5i v\u1edbi l\u1ed1i \u0111\u00e1nh ph\u00f2ng th\u1ee7 ph\u1ea3n c\u00f4ng.<\/p>\n<table border=\"0\" cellspacing=\"1\" cellpadding=\"1\">\n<tbody>\n<tr>\n<td>T\u1ed1c \u0111\u1ed9<\/td>\n<td>: 4<\/td>\n<\/tr>\n<tr>\n<td>\u0110\u1ed9 xo\u00e1y<\/td>\n<td>: 3-<\/td>\n<\/tr>\n<tr>\n<td>C\u1ea3m gi\u00e1c<\/td>\n<td>: 10-<\/td>\n<\/tr>\n<tr>\n<td>\u0110\u1ed9 c\u1ee9ng<\/td>\n<td>: 25~30 \u0111\u1ed9<\/td>\n<\/tr>\n<\/tbody>\n<\/table>\n<p><strong>Th\u00f4ng s\u1ed1 theo chu\u1ea9n c\u1ee7a H\u00e3ng Yasaka<\/strong><\/p>\n","protected":false},"excerpt":{"rendered":"<p>M\u1eb6T V\u1ee2T YASAKA ANTI POWER S\u1ea3n xu\u1ea5t t\u1ea1i Nh\u1eadt B\u1ea3n Anti Power\u00a0v\u1edbi kh\u1ea3 n\u0103ng v\u00f4 hi\u1ec7u h\u00f3a xo\u00e1y c\u1ee7a \u0111\u1ed1i ph\u01b0\u01a1ng v\u00e0 gi\u00fap ng\u01b0\u1eddi ch\u01a1i d\u1ec5 d\u00e0ng kh\u1ed1ng ch\u1ebf xo\u00e1y c\u1ee7a \u0111\u1ed1i ph\u01b0\u01a1ng, \u0111\u1eb7c bi\u1ec7t ph\u00f9 h\u1ee3p v\u1edbi nh\u1eefng ng\u01b0\u1eddi l\u1edbn tu\u1ed5i v\u1edbi l\u1ed1i \u0111\u00e1nh ph\u00f2ng th\u1ee7 ph\u1ea3n c\u00f4ng. T\u1ed1c \u0111\u1ed9 : 4 \u0110\u1ed9 xo\u00e1y [&hellip;]<\/p>\n","protected":false},"featured_media":3466,"comment_status":"open","ping_status":"closed","template":"","meta":{"_eb_attr":""},"product_cat":[154,29],"product_tag":[],"class_list":["post-3468","product","type-product","status-publish","has-post-thumbnail","hentry","product_cat-matvot-yasaka","product_cat-mat-vot"],"_links":{"self":[{"href":"https:\/\/www.phivutabletennis.com\/index.php\/wp-json\/wp\/v2\/product\/3468","targetHints":{"allow":["GET"]}}],"collection":[{"href":"https:\/\/www.phivutabletennis.com\/index.php\/wp-json\/wp\/v2\/product"}],"about":[{"href":"https:\/\/www.phivutabletennis.com\/index.php\/wp-json\/wp\/v2\/types\/product"}],"replies":[{"embeddable":true,"href":"https:\/\/www.phivutabletennis.com\/index.php\/wp-json\/wp\/v2\/comments?post=3468"}],"wp:featuredmedia":[{"embeddable":true,"href":"https:\/\/www.phivutabletennis.com\/index.php\/wp-json\/wp\/v2\/media\/3466"}],"wp:attachment":[{"href":"https:\/\/www.phivutabletennis.com\/index.php\/wp-json\/wp\/v2\/media?parent=3468"}],"wp:term":[{"taxonomy":"product_cat","embeddable":true,"href":"https:\/\/www.phivutabletennis.com\/index.php\/wp-json\/wp\/v2\/product_cat?post=3468"},{"taxonomy":"product_tag","embeddable":true,"href":"https:\/\/www.phivutabletennis.com\/index.php\/wp-json\/wp\/v2\/product_tag?post=3468"}],"curies":[{"name":"wp","href":"https:\/\/api.w.org\/{rel}","templated":true}]}}