{"id":3476,"date":"2023-07-05T22:50:13","date_gmt":"2023-07-05T15:50:13","guid":{"rendered":"https:\/\/www.phivutabletennis.com\/?post_type=product&#038;p=3476"},"modified":"2023-07-05T22:50:13","modified_gmt":"2023-07-05T15:50:13","slug":"moristo-sp","status":"publish","type":"product","link":"https:\/\/www.phivutabletennis.com\/index.php\/product\/moristo-sp\/","title":{"rendered":"MORISTO SP"},"content":{"rendered":"<p><strong>M\u1eb6T V\u1ee2T GAI MORISTO SP\u00a0<\/strong><br \/>\n<strong>S\u1ea3n xu\u1ea5t t\u1ea1i \u0110\u1ee9c<\/strong><\/p>\n<p>B\u1ea1n th\u00edch m\u1eb7t v\u1ee3t\u00a0<strong>gai c\u00f4ng<\/strong>,\u00a0<strong>ch\u00e2n gai d\u1ecdc<\/strong>, c\u00f4ng ngh\u1ec7\u00a0<strong>Tension xo\u00e1y+ t\u1ed1c \u0111\u1ed9<\/strong>?<\/p>\n<p>Hi\u1ec7n \u0111ang \u0111\u01b0\u1ee3c\u00a0<strong>V\u1eadn \u0111\u1ed9ng vi\u00ean ITO MIMA<\/strong>\u00a0(Nh\u1eadt b\u1ea3n) s\u1eed d\u1ee5ng v\u1edbi nhi\u1ec1u th\u00e0nh t\u00edch n\u1ed5i b\u1eadt.<\/p>\n<ul>\n<li>Huy ch\u01b0\u01a1ng V\u00e0ng \u0110\u01a1n n\u1eef\u00a0t\u1ea1i Gi\u1ea3i b\u00f3ng b\u00e0n Th\u1ee5y \u0110i\u1ec3n m\u1edf r\u1ed9ng n\u0103m 2018<\/li>\n<li>Huy ch\u01b0\u01a1ng B\u1ea1c \u0110\u00f4i n\u1eef t\u1ea1i Gi\u1ea3i v\u00f4 \u0111\u1ecbch b\u00f3ng b\u00e0n Th\u1ebf Gi\u1edbi n\u0103m 2019<\/li>\n<\/ul>\n<p><img decoding=\"async\" src=\"https:\/\/bongban.asia\/image\/data\/2019\/product_big_17388.jpeg\" alt=\"\" \/><\/p>\n<p>Ch\u1eafc ch\u1eafn b\u1ea1n s\u1ebd b\u1ecb chinh ph\u1ee5c b\u1edfi m\u1eb7t v\u1ee3t gai c\u00f4ng\u00a0<strong>MORSTO SP<\/strong>\u00a0v\u1edbi nh\u1eefng t\u00ednh n\u0103ng v\u01b0\u1ee3t tr\u1ed9i:<\/p>\n<ul>\n<li>C\u00f4ng ngh\u1ec7\u00a0<strong>Tension<\/strong><strong>\u00a0xo\u00e1y + t\u1ed1c \u0111\u1ed9<\/strong>\u00a0v\u1edbi \u0111\u1ed9 \u0111\u00e0n h\u1ed3i cao, c\u1ea5u tr\u00fac ch\u00e2n gai d\u1ecdc, m\u1eb7t gai h\u01a1i c\u1ee9ng, m\u1eb7t l\u00f3t m\u1ec1m v\u00e0 d\u1ec5 \u0111i\u1ec1u khi\u1ec3n gi\u00fap ng\u01b0\u1eddi ch\u01a1i d\u1ec5 d\u00e0ng ph\u1ed1i h\u1ee3p c\u00e1c k\u1ef9 thu\u1eadt b\u1ea1t b\u00f3ng, ch\u1ee5p b\u00f3ng nh\u1edd s\u1ef1 c\u00e2n b\u1eb1ng gi\u1eefa t\u1ed1c \u0111\u1ed9 v\u00e0 \u0111\u1ed9 xo\u00e1y.<\/li>\n<li>Qu\u1ef9 \u0111\u1ea1o b\u00f3ng bay b\u1ed5ng v\u00e0 s\u1eafc n\u00e9t, tr\u1ea3 b\u00f3ng v\u1edbi qu\u1ef9 \u0111\u1ea1o kh\u00f3 l\u01b0\u1eddng v\u00e0 hi\u1ec7u \u1ee9ng gai t\u1ed1t, gi\u00fap b\u1ea1n c\u00f3 th\u1ec3 th\u1ef1c hi\u1ec7n c\u00e1c chi\u1ebfn thu\u1eadt linh ho\u1ea1t.<\/li>\n<li>Ngo\u00e0i ra, c\u00f4ng ngh\u1ec7 m\u1edbi gi\u00fap ng\u01b0\u1eddi ch\u01a1i c\u00f3 th\u1ec3 th\u1ef1c hi\u1ec7n nh\u1eefng c\u00fa \u0111\u00e1nh b\u00f3ng nhanh, m\u1ea1nh v\u00e0 t\u1ed1c \u0111\u1ed9 ngay c\u1ea3 khi \u0111\u00f4i c\u00f4ng, \u0111\u00e2y l\u00e0 m\u1ed9t l\u1ee3i th\u1ebf s\u1ee9c m\u1ea1nh cho ng\u01b0\u1eddi ch\u01a1i.<\/li>\n<\/ul>\n<p>R\u1ea5t ph\u00f9 h\u1ee3p v\u1edbi t\u1ea5t c\u1ea3 c\u00e1c V\u1eadn \u0111\u1ed9ng vi\u00ean v\u00e0 ng\u01b0\u1eddi ch\u01a1i c\u00f3 l\u1ed1i \u0111\u00e1nh t\u1ea5n c\u00f4ng to\u00e0n di\u1ec7n.<\/p>\n<table border=\"0\" cellspacing=\"1\" cellpadding=\"1\">\n<tbody>\n<tr>\n<td>T\u1ed1c \u0111\u1ed9<\/td>\n<td>: 12.50<\/td>\n<\/tr>\n<tr>\n<td>\u0110\u1ed9 xo\u00e1y<\/td>\n<td>: 7.50<\/td>\n<\/tr>\n<tr>\n<td>\u0110\u1ed9 c\u1ee9ng<\/td>\n<td>: 30<\/td>\n<\/tr>\n<tr>\n<td>\u0110\u1ed9 d\u00e0y<\/td>\n<td>:\u00a0Super thick 2.0<\/td>\n<\/tr>\n<\/tbody>\n<\/table>\n<p><strong>Theo th\u00f4ng s\u1ed1 chu\u1ea9n c\u1ee7a h\u00e3ng\u00a0Nittaku<\/strong><\/p>\n","protected":false},"excerpt":{"rendered":"<p>M\u1eb6T V\u1ee2T GAI MORISTO SP\u00a0 S\u1ea3n xu\u1ea5t t\u1ea1i \u0110\u1ee9c B\u1ea1n th\u00edch m\u1eb7t v\u1ee3t\u00a0gai c\u00f4ng,\u00a0ch\u00e2n gai d\u1ecdc, c\u00f4ng ngh\u1ec7\u00a0Tension xo\u00e1y+ t\u1ed1c \u0111\u1ed9? Hi\u1ec7n \u0111ang \u0111\u01b0\u1ee3c\u00a0V\u1eadn \u0111\u1ed9ng vi\u00ean ITO MIMA\u00a0(Nh\u1eadt b\u1ea3n) s\u1eed d\u1ee5ng v\u1edbi nhi\u1ec1u th\u00e0nh t\u00edch n\u1ed5i b\u1eadt. Huy ch\u01b0\u01a1ng V\u00e0ng \u0110\u01a1n n\u1eef\u00a0t\u1ea1i Gi\u1ea3i b\u00f3ng b\u00e0n Th\u1ee5y \u0110i\u1ec3n m\u1edf r\u1ed9ng n\u0103m 2018 Huy ch\u01b0\u01a1ng B\u1ea1c \u0110\u00f4i [&hellip;]<\/p>\n","protected":false},"featured_media":3484,"comment_status":"open","ping_status":"closed","template":"","meta":{"_eb_attr":""},"product_cat":[153,29],"product_tag":[],"class_list":["post-3476","product","type-product","status-publish","has-post-thumbnail","hentry","product_cat-matvot-nittaku","product_cat-mat-vot"],"_links":{"self":[{"href":"https:\/\/www.phivutabletennis.com\/index.php\/wp-json\/wp\/v2\/product\/3476","targetHints":{"allow":["GET"]}}],"collection":[{"href":"https:\/\/www.phivutabletennis.com\/index.php\/wp-json\/wp\/v2\/product"}],"about":[{"href":"https:\/\/www.phivutabletennis.com\/index.php\/wp-json\/wp\/v2\/types\/product"}],"replies":[{"embeddable":true,"href":"https:\/\/www.phivutabletennis.com\/index.php\/wp-json\/wp\/v2\/comments?post=3476"}],"wp:featuredmedia":[{"embeddable":true,"href":"https:\/\/www.phivutabletennis.com\/index.php\/wp-json\/wp\/v2\/media\/3484"}],"wp:attachment":[{"href":"https:\/\/www.phivutabletennis.com\/index.php\/wp-json\/wp\/v2\/media?parent=3476"}],"wp:term":[{"taxonomy":"product_cat","embeddable":true,"href":"https:\/\/www.phivutabletennis.com\/index.php\/wp-json\/wp\/v2\/product_cat?post=3476"},{"taxonomy":"product_tag","embeddable":true,"href":"https:\/\/www.phivutabletennis.com\/index.php\/wp-json\/wp\/v2\/product_tag?post=3476"}],"curies":[{"name":"wp","href":"https:\/\/api.w.org\/{rel}","templated":true}]}}