{"id":3497,"date":"2023-07-05T22:50:58","date_gmt":"2023-07-05T15:50:58","guid":{"rendered":"https:\/\/www.phivutabletennis.com\/?post_type=product&#038;p=3497"},"modified":"2023-07-05T22:50:58","modified_gmt":"2023-07-05T15:50:58","slug":"moristo-sp-ax","status":"publish","type":"product","link":"https:\/\/www.phivutabletennis.com\/index.php\/product\/moristo-sp-ax\/","title":{"rendered":"MORISTO SP AX"},"content":{"rendered":"<p><strong>M\u1eb6T V\u1ee2T GAI MORISTO SP AX<\/strong><br \/>\n<strong>S\u1ea3n xu\u1ea5t t\u1ea1i \u0110\u1ee9c<\/strong><\/p>\n<p>B\u1ea1n th\u00edch m\u1eb7t v\u1ee3t\u00a0<strong>gai c\u00f4ng<\/strong>,\u00a0<strong>ch\u00e2n gai ngang<\/strong>\u00a0c\u00f4ng ngh\u1ec7\u00a0<strong>Tension xo\u00e1y + t\u1ed1c \u0111\u1ed9 ?<\/strong><\/p>\n<p>C\u1ea5u tr\u00fac ch\u00e2n gai ngang m\u1eb7t v\u1ee3t\u00a0<strong>Moristo SP AX<\/strong>\u00a0s\u1ebd chinh ph\u1ee5c b\u1ea1n b\u1edfi nh\u1eefng t\u00ednh n\u0103ng v\u01b0\u1ee3t \u00a0tr\u1ed9i:<\/p>\n<ul>\n<li>C\u00f4ng ngh\u1ec7\u00a0<strong>Tension<\/strong><strong>\u00a0xo\u00e1y + t\u1ed1c \u0111\u1ed9<\/strong>\u00a0v\u1edbi \u0111\u1ed9 \u0111\u00e0n h\u1ed3i cao.<\/li>\n<li>D\u1ec5 d\u00e0ng ph\u00e1t huy c\u00e1c k\u1ef9 thu\u1eadt g\u00f2 b\u00f3ng hay gi\u1eadt b\u00f3ng v\u1edbi b\u1ec1 m\u1eb7t ch\u00e2n gai v\u00e0 m\u1eb7t l\u00f3t m\u1ec1m, th\u1eddi gian l\u01b0u b\u00f3ng l\u00e2u, c\u1ea3m gi\u00e1c b\u00f3ng t\u1ed1t.<\/li>\n<li>V\u01b0\u1ee3t tr\u1ed9i v\u1ec1 c\u1ea3m gi\u00e1c b\u00f3ng \u1ed5n \u0111\u1ecbnh, k\u1ef9 thu\u1eadt gi\u1eadt b\u00f3ng d\u00e0i v\u00e0 xo\u00e1y.<\/li>\n<li>C\u1ea3m nh\u1eadn \u0111\u01b0\u1ee3c l\u1ef1c ti\u1ebfp x\u00fac b\u00f3ng nh\u1edd m\u1eb7t l\u00f3t m\u1ec1m, kh\u00f4ng m\u1ea5t l\u1ef1c khi th\u1ef1c hi\u1ec7n k\u1ef9 thu\u1eadt ch\u1ee5p b\u00f3ng.<\/li>\n<li>L\u1ef1a ch\u1ecdn t\u1ed1i \u01b0u v\u1edbi ng\u01b0\u1eddi ch\u01a1i mu\u1ed1n l\u1ea5y \u0111i\u1ec3m b\u1eb1ng k\u1ef9 thu\u1eadt gi\u1eadt b\u00f3ng xo\u00e1y.<\/li>\n<\/ul>\n<p>B\u1ea1n mu\u1ed1n chi\u1ebfn th\u1eafng v\u1edbi \u0111i\u1ec3m s\u1ed1 cao\u00a0<strong>Moristo SP AX\u00a0<\/strong>s\u1ebd l\u00e0 tr\u1ee3 th\u1ee7 \u0111\u1eafc l\u1ef1c cho b\u1ea1n.<\/p>\n<p><img decoding=\"async\" src=\"https:\/\/bongban.asia\/image\/data\/2019\/product_big_17127.jpeg\" alt=\"\" \/><\/p>\n<table border=\"0\" cellspacing=\"1\" cellpadding=\"1\">\n<tbody>\n<tr>\n<td>T\u1ed1c \u0111\u1ed9<\/td>\n<td>: 13.0<\/td>\n<\/tr>\n<tr>\n<td>\u0110\u1ed9 xo\u00e1y<\/td>\n<td>: 8.50<\/td>\n<\/tr>\n<tr>\n<td>\u0110\u1ed9 c\u1ee9ng<\/td>\n<td>: 30<\/td>\n<\/tr>\n<tr>\n<td>\u0110\u1ed9 d\u00e0y<\/td>\n<td>: Super thick 2.0<\/td>\n<\/tr>\n<\/tbody>\n<\/table>\n<p><strong>Theo th\u00f4ng s\u1ed1 chu\u1ea9n c\u1ee7a h\u00e3ng Nittaku<\/strong><\/p>\n","protected":false},"excerpt":{"rendered":"<p>M\u1eb6T V\u1ee2T GAI MORISTO SP AX S\u1ea3n xu\u1ea5t t\u1ea1i \u0110\u1ee9c B\u1ea1n th\u00edch m\u1eb7t v\u1ee3t\u00a0gai c\u00f4ng,\u00a0ch\u00e2n gai ngang\u00a0c\u00f4ng ngh\u1ec7\u00a0Tension xo\u00e1y + t\u1ed1c \u0111\u1ed9 ? C\u1ea5u tr\u00fac ch\u00e2n gai ngang m\u1eb7t v\u1ee3t\u00a0Moristo SP AX\u00a0s\u1ebd chinh ph\u1ee5c b\u1ea1n b\u1edfi nh\u1eefng t\u00ednh n\u0103ng v\u01b0\u1ee3t \u00a0tr\u1ed9i: C\u00f4ng ngh\u1ec7\u00a0Tension\u00a0xo\u00e1y + t\u1ed1c \u0111\u1ed9\u00a0v\u1edbi \u0111\u1ed9 \u0111\u00e0n h\u1ed3i cao. D\u1ec5 d\u00e0ng ph\u00e1t huy c\u00e1c [&hellip;]<\/p>\n","protected":false},"featured_media":3483,"comment_status":"open","ping_status":"closed","template":"","meta":{"_eb_attr":""},"product_cat":[153,29],"product_tag":[],"class_list":["post-3497","product","type-product","status-publish","has-post-thumbnail","hentry","product_cat-matvot-nittaku","product_cat-mat-vot"],"_links":{"self":[{"href":"https:\/\/www.phivutabletennis.com\/index.php\/wp-json\/wp\/v2\/product\/3497","targetHints":{"allow":["GET"]}}],"collection":[{"href":"https:\/\/www.phivutabletennis.com\/index.php\/wp-json\/wp\/v2\/product"}],"about":[{"href":"https:\/\/www.phivutabletennis.com\/index.php\/wp-json\/wp\/v2\/types\/product"}],"replies":[{"embeddable":true,"href":"https:\/\/www.phivutabletennis.com\/index.php\/wp-json\/wp\/v2\/comments?post=3497"}],"wp:featuredmedia":[{"embeddable":true,"href":"https:\/\/www.phivutabletennis.com\/index.php\/wp-json\/wp\/v2\/media\/3483"}],"wp:attachment":[{"href":"https:\/\/www.phivutabletennis.com\/index.php\/wp-json\/wp\/v2\/media?parent=3497"}],"wp:term":[{"taxonomy":"product_cat","embeddable":true,"href":"https:\/\/www.phivutabletennis.com\/index.php\/wp-json\/wp\/v2\/product_cat?post=3497"},{"taxonomy":"product_tag","embeddable":true,"href":"https:\/\/www.phivutabletennis.com\/index.php\/wp-json\/wp\/v2\/product_tag?post=3497"}],"curies":[{"name":"wp","href":"https:\/\/api.w.org\/{rel}","templated":true}]}}