{"id":3498,"date":"2023-07-05T22:51:42","date_gmt":"2023-07-05T15:51:42","guid":{"rendered":"https:\/\/www.phivutabletennis.com\/?post_type=product&#038;p=3498"},"modified":"2023-07-05T22:51:43","modified_gmt":"2023-07-05T15:51:43","slug":"pimple-slide","status":"publish","type":"product","link":"https:\/\/www.phivutabletennis.com\/index.php\/product\/pimple-slide\/","title":{"rendered":"PIMPLE SLIDE"},"content":{"rendered":"<p><strong>M\u1eb6T V\u1ee2T GAI PIMPLE SLIDE<\/strong><br \/>\n<strong>S\u1ea3n xu\u1ea5t t\u1ea1i Nh\u1eadt B\u1ea3n<\/strong><\/p>\n<p>&#8211; M\u1eb7t gai ph\u1ea3n xo\u00e1y v\u1edbi kh\u1ea3 n\u0103ng ki\u1ec3m so\u00e1t b\u00f3ng cao, tr\u1ea3 b\u00f3ng v\u1edbi qu\u1ef9 \u0111\u1ea1o kh\u00f3 l\u01b0\u1eddng v\u00e0 hi\u1ec7u \u1ee9ng gai t\u1ed1t.<\/p>\n<p>&#8211; M\u1eadt \u0111\u1ed9 ch\u00e2n gai th\u01b0a, m\u1eb7t l\u00f3t m\u1ec1m, t\u1ea1o n\u00ean \u0111\u1ed9 l\u1eafc b\u00f3ng cao l\u00e0m kh\u00f3 \u0111\u1ed1i ph\u01b0\u01a1ng, \u0111\u1ed3ng th\u1eddi d\u1ec5 d\u00e0ng x\u1eed l\u00fd c\u00e1c pha b\u00f3ng t\u1ea5n c\u00f4ng d\u1ee9t \u0111i\u1ec3m \u00f4m b\u00e0n.<\/p>\n<p>&#8211; D\u1ec5 d\u00e0ng t\u1ea1o xo\u00e1y v\u00e0 th\u1ef1c hi\u1ec7n k\u1ef9 thu\u1eadt v\u1ea9y tr\u00e1i tr\u00ean b\u00e0n.<\/p>\n<p>&#8211; D\u1ec5 d\u00e0ng \u0111\u1ee1 giao b\u00f3ng xo\u00e1y c\u1ee7a \u0111\u1ed1i ph\u01b0\u01a1ng<\/p>\n<p>&#8211; Ph\u00e1t huy t\u1ed1t v\u1edbi b\u00f3ng Plastic 40+<\/p>\n<ul>\n<li>T\u1ed1c \u0111\u1ed9\u00a0 \u00a0\u00a0\u00a0\u00a0\u00a0\u00a0\u00a0\u00a0\u00a0\u00a0: 7.50<\/li>\n<li>\u0110\u1ed9 xo\u00e1y\u00a0\u00a0\u00a0\u00a0\u00a0\u00a0\u00a0\u00a0\u00a0\u00a0: 6.50<\/li>\n<li>\u0110\u1ed9 c\u1ee9ng \u00a0\u00a0 \u00a0 \u00a0 \u00a0 : 20<\/li>\n<li>\u0110\u1ed9 bi\u1ebfn h\u00f3a\u00a0 \u00a0 : 11<\/li>\n<li>\u0110\u1ed9 d\u1ea7y\u00a0\u00a0\u00a0\u00a0\u00a0\u00a0\u00a0\u00a0\u00a0\u00a0\u00a0\u00a0 : 0.5\u00a0mm v\u00e0 1.4mm<\/li>\n<\/ul>\n<p><strong>Theo th\u00f4ng s\u1ed1 chu\u1ea9n c\u1ee7a h\u00e3ng Nittaku<\/strong><\/p>\n<p>&nbsp;<\/p>\n<p>&nbsp;<\/p>\n<p><img decoding=\"async\" src=\"https:\/\/bongban.asia\/image\/data\/P1.jpg\" alt=\"\" \/><\/p>\n","protected":false},"excerpt":{"rendered":"<p>M\u1eb6T V\u1ee2T GAI PIMPLE SLIDE S\u1ea3n xu\u1ea5t t\u1ea1i Nh\u1eadt B\u1ea3n &#8211; M\u1eb7t gai ph\u1ea3n xo\u00e1y v\u1edbi kh\u1ea3 n\u0103ng ki\u1ec3m so\u00e1t b\u00f3ng cao, tr\u1ea3 b\u00f3ng v\u1edbi qu\u1ef9 \u0111\u1ea1o kh\u00f3 l\u01b0\u1eddng v\u00e0 hi\u1ec7u \u1ee9ng gai t\u1ed1t. &#8211; M\u1eadt \u0111\u1ed9 ch\u00e2n gai th\u01b0a, m\u1eb7t l\u00f3t m\u1ec1m, t\u1ea1o n\u00ean \u0111\u1ed9 l\u1eafc b\u00f3ng cao l\u00e0m kh\u00f3 \u0111\u1ed1i ph\u01b0\u01a1ng, \u0111\u1ed3ng th\u1eddi [&hellip;]<\/p>\n","protected":false},"featured_media":3492,"comment_status":"open","ping_status":"closed","template":"","meta":{"_eb_attr":""},"product_cat":[153,29],"product_tag":[],"class_list":["post-3498","product","type-product","status-publish","has-post-thumbnail","hentry","product_cat-matvot-nittaku","product_cat-mat-vot"],"_links":{"self":[{"href":"https:\/\/www.phivutabletennis.com\/index.php\/wp-json\/wp\/v2\/product\/3498","targetHints":{"allow":["GET"]}}],"collection":[{"href":"https:\/\/www.phivutabletennis.com\/index.php\/wp-json\/wp\/v2\/product"}],"about":[{"href":"https:\/\/www.phivutabletennis.com\/index.php\/wp-json\/wp\/v2\/types\/product"}],"replies":[{"embeddable":true,"href":"https:\/\/www.phivutabletennis.com\/index.php\/wp-json\/wp\/v2\/comments?post=3498"}],"wp:featuredmedia":[{"embeddable":true,"href":"https:\/\/www.phivutabletennis.com\/index.php\/wp-json\/wp\/v2\/media\/3492"}],"wp:attachment":[{"href":"https:\/\/www.phivutabletennis.com\/index.php\/wp-json\/wp\/v2\/media?parent=3498"}],"wp:term":[{"taxonomy":"product_cat","embeddable":true,"href":"https:\/\/www.phivutabletennis.com\/index.php\/wp-json\/wp\/v2\/product_cat?post=3498"},{"taxonomy":"product_tag","embeddable":true,"href":"https:\/\/www.phivutabletennis.com\/index.php\/wp-json\/wp\/v2\/product_tag?post=3498"}],"curies":[{"name":"wp","href":"https:\/\/api.w.org\/{rel}","templated":true}]}}