{"id":3516,"date":"2023-07-05T23:06:25","date_gmt":"2023-07-05T16:06:25","guid":{"rendered":"https:\/\/www.phivutabletennis.com\/?post_type=product&#038;p=3516"},"modified":"2023-07-05T23:06:25","modified_gmt":"2023-07-05T16:06:25","slug":"acoustic","status":"publish","type":"product","link":"https:\/\/www.phivutabletennis.com\/index.php\/product\/acoustic\/","title":{"rendered":"ACOUSTIC"},"content":{"rendered":"<p><strong>H\u00c0NG CH\u00cdNH H\u00c3NG NITTAKU S\u1ea2N XU\u1ea4T T\u1ea0I NH\u1eacT B\u1ea2N &#8211; MADE IN JAPAN<\/strong><\/p>\n<p>\u0110\u01b0\u1ee3c ng\u01b0\u1eddi ch\u01a1i \u0111\u00e1nh gi\u00e1 cao v\u1ec1 \u0111\u1ed9 ki\u1ec3m so\u00e1t b\u00f3ng, d\u1ec5 ph\u00e1t huy khi k\u1ebft h\u1ee3p v\u1edbi c\u00e1c lo\u1ea1i m\u1eb7t v\u1ee3t Trung Qu\u1ed1c.<\/p>\n<table border=\"0\" cellspacing=\"1\" cellpadding=\"1\">\n<tbody>\n<tr>\n<td>C\u1ea5u t\u1ea1o<\/td>\n<td>:\u00a05 l\u1edbp g\u1ed7<\/td>\n<\/tr>\n<tr>\n<td>T\u1ed1c \u0111\u1ed9<\/td>\n<td>:\u00a0Trung b\u00ecnh<\/td>\n<\/tr>\n<tr>\n<td>C\u1ea3m gi\u00e1c<\/td>\n<td>: Trung b\u00ecnh<\/td>\n<\/tr>\n<tr>\n<td>\u0110\u1ed9 d\u00e0y<\/td>\n<td>: 5.7 mm<\/td>\n<\/tr>\n<tr>\n<td>Tr\u1ecdng l\u01b0\u1ee3ng<\/td>\n<td>: 85gr \u00b1<\/td>\n<\/tr>\n<\/tbody>\n<\/table>\n<p>H\u00e0ng ch\u00ednh h\u00e3ng b\u1ea3o h\u00e0nh 1 th\u00e1ng<br \/>\n<strong><span style=\"color: #000000;\">Theo th\u00f4ng s\u1ed1 chu\u1ea9n c\u1ee7a h\u00e3ng Nittaku<\/span><\/strong><\/p>\n","protected":false},"excerpt":{"rendered":"<p>H\u00c0NG CH\u00cdNH H\u00c3NG NITTAKU S\u1ea2N XU\u1ea4T T\u1ea0I NH\u1eacT B\u1ea2N &#8211; MADE IN JAPAN \u0110\u01b0\u1ee3c ng\u01b0\u1eddi ch\u01a1i \u0111\u00e1nh gi\u00e1 cao v\u1ec1 \u0111\u1ed9 ki\u1ec3m so\u00e1t b\u00f3ng, d\u1ec5 ph\u00e1t huy khi k\u1ebft h\u1ee3p v\u1edbi c\u00e1c lo\u1ea1i m\u1eb7t v\u1ee3t Trung Qu\u1ed1c. C\u1ea5u t\u1ea1o :\u00a05 l\u1edbp g\u1ed7 T\u1ed1c \u0111\u1ed9 :\u00a0Trung b\u00ecnh C\u1ea3m gi\u00e1c : Trung b\u00ecnh \u0110\u1ed9 d\u00e0y : 5.7 [&hellip;]<\/p>\n","protected":false},"featured_media":3517,"comment_status":"open","ping_status":"closed","template":"","meta":{"_eb_attr":""},"product_cat":[139,26],"product_tag":[],"class_list":["post-3516","product","type-product","status-publish","has-post-thumbnail","hentry","product_cat-vot-doc","product_cat-cot-vot"],"_links":{"self":[{"href":"https:\/\/www.phivutabletennis.com\/index.php\/wp-json\/wp\/v2\/product\/3516","targetHints":{"allow":["GET"]}}],"collection":[{"href":"https:\/\/www.phivutabletennis.com\/index.php\/wp-json\/wp\/v2\/product"}],"about":[{"href":"https:\/\/www.phivutabletennis.com\/index.php\/wp-json\/wp\/v2\/types\/product"}],"replies":[{"embeddable":true,"href":"https:\/\/www.phivutabletennis.com\/index.php\/wp-json\/wp\/v2\/comments?post=3516"}],"wp:featuredmedia":[{"embeddable":true,"href":"https:\/\/www.phivutabletennis.com\/index.php\/wp-json\/wp\/v2\/media\/3517"}],"wp:attachment":[{"href":"https:\/\/www.phivutabletennis.com\/index.php\/wp-json\/wp\/v2\/media?parent=3516"}],"wp:term":[{"taxonomy":"product_cat","embeddable":true,"href":"https:\/\/www.phivutabletennis.com\/index.php\/wp-json\/wp\/v2\/product_cat?post=3516"},{"taxonomy":"product_tag","embeddable":true,"href":"https:\/\/www.phivutabletennis.com\/index.php\/wp-json\/wp\/v2\/product_tag?post=3516"}],"curies":[{"name":"wp","href":"https:\/\/api.w.org\/{rel}","templated":true}]}}