{"id":3520,"date":"2023-07-05T23:07:24","date_gmt":"2023-07-05T16:07:24","guid":{"rendered":"https:\/\/www.phivutabletennis.com\/?post_type=product&#038;p=3520"},"modified":"2023-07-05T23:07:25","modified_gmt":"2023-07-05T16:07:25","slug":"excellent-a","status":"publish","type":"product","link":"https:\/\/www.phivutabletennis.com\/index.php\/product\/excellent-a\/","title":{"rendered":"EXCELLENT A"},"content":{"rendered":"<p><img decoding=\"async\" src=\"https:\/\/bongban.asia\/image\/data\/NITTAKU\/cot-vot-thia\/EXCELLENT_A_51c422037d167.jpg\" alt=\"alt\" \/><\/p>\n<p><strong>H\u00c0NG CH\u00cdNH H\u00c3NG NITTAKU S\u1ea2N XU\u1ea4T T\u1ea0I NH\u1eacT B\u1ea2N- MADE IN JAPAN<\/strong><br \/>\n<strong>EXCELLENT A<\/strong>&#8211;\u00a0G\u1ed7 1 l\u1edbp<\/p>\n<ul>\n<li>\u0110\u1ed9 d\u1ea7y: 9.0 mm<\/li>\n<li>B\u1ea3ng v\u1ee3t: 162\u00d7130\uff08mm\uff09<\/li>\n<li>C\u00e1n v\u1ee3t \uff1a95\u00d720\uff08mm\uff09<\/li>\n<li>Tr\u1ecdng l\u01b0\u1ee3ng trung b\u00ecnh: 85gr\uff08\u00b1\uff09<\/li>\n<li>T\u1ed1c \u0111\u1ed9: Trung b\u00ecnh nhanh<\/li>\n<li>C\u1ea3m gi\u00e1c: mm<\/li>\n<\/ul>\n<p><span style=\"color: #000000; font-family: Verdana, Arial, Helvetica, sans-serif;\">H\u00e0ng ch\u00ednh h\u00e3ng b\u1ea3o h\u00e0nh 1 th\u00e1ng<\/span><\/p>\n<p><strong><span style=\"color: #000000; font-family: Verdana, Arial, Helvetica, sans-serif;\">Theo th\u00f4ng s\u1ed1 chu\u1ea9n c\u1ee7a h\u00e3ng Nittaku<\/span><\/strong><\/p>\n","protected":false},"excerpt":{"rendered":"<p>H\u00c0NG CH\u00cdNH H\u00c3NG NITTAKU S\u1ea2N XU\u1ea4T T\u1ea0I NH\u1eacT B\u1ea2N- MADE IN JAPAN EXCELLENT A&#8211;\u00a0G\u1ed7 1 l\u1edbp \u0110\u1ed9 d\u1ea7y: 9.0 mm B\u1ea3ng v\u1ee3t: 162\u00d7130\uff08mm\uff09 C\u00e1n v\u1ee3t \uff1a95\u00d720\uff08mm\uff09 Tr\u1ecdng l\u01b0\u1ee3ng trung b\u00ecnh: 85gr\uff08\u00b1\uff09 T\u1ed1c \u0111\u1ed9: Trung b\u00ecnh nhanh C\u1ea3m gi\u00e1c: mm H\u00e0ng ch\u00ednh h\u00e3ng b\u1ea3o h\u00e0nh 1 th\u00e1ng Theo th\u00f4ng s\u1ed1 chu\u1ea9n c\u1ee7a h\u00e3ng Nittaku<\/p>\n","protected":false},"featured_media":3518,"comment_status":"open","ping_status":"closed","template":"","meta":{"_eb_attr":""},"product_cat":[139,26],"product_tag":[],"class_list":["post-3520","product","type-product","status-publish","has-post-thumbnail","hentry","product_cat-vot-doc","product_cat-cot-vot"],"_links":{"self":[{"href":"https:\/\/www.phivutabletennis.com\/index.php\/wp-json\/wp\/v2\/product\/3520","targetHints":{"allow":["GET"]}}],"collection":[{"href":"https:\/\/www.phivutabletennis.com\/index.php\/wp-json\/wp\/v2\/product"}],"about":[{"href":"https:\/\/www.phivutabletennis.com\/index.php\/wp-json\/wp\/v2\/types\/product"}],"replies":[{"embeddable":true,"href":"https:\/\/www.phivutabletennis.com\/index.php\/wp-json\/wp\/v2\/comments?post=3520"}],"wp:featuredmedia":[{"embeddable":true,"href":"https:\/\/www.phivutabletennis.com\/index.php\/wp-json\/wp\/v2\/media\/3518"}],"wp:attachment":[{"href":"https:\/\/www.phivutabletennis.com\/index.php\/wp-json\/wp\/v2\/media?parent=3520"}],"wp:term":[{"taxonomy":"product_cat","embeddable":true,"href":"https:\/\/www.phivutabletennis.com\/index.php\/wp-json\/wp\/v2\/product_cat?post=3520"},{"taxonomy":"product_tag","embeddable":true,"href":"https:\/\/www.phivutabletennis.com\/index.php\/wp-json\/wp\/v2\/product_tag?post=3520"}],"curies":[{"name":"wp","href":"https:\/\/api.w.org\/{rel}","templated":true}]}}