{"id":3521,"date":"2023-07-05T23:08:13","date_gmt":"2023-07-05T16:08:13","guid":{"rendered":"https:\/\/www.phivutabletennis.com\/?post_type=product&#038;p=3521"},"modified":"2023-07-05T23:08:43","modified_gmt":"2023-07-05T16:08:43","slug":"excellent-p","status":"publish","type":"product","link":"https:\/\/www.phivutabletennis.com\/index.php\/product\/excellent-p\/","title":{"rendered":"EXCELLENT P"},"content":{"rendered":"<p>&nbsp;<\/p>\n<div class=\"mb_breadcrumb_bg\">\n<div id=\"tab-description\" class=\"tab-content\">\n<p><img decoding=\"async\" src=\"https:\/\/bongban.asia\/image\/data\/NITTAKU\/cot-vot-thia\/EXCELLENT_P_51c4230eb0629.jpg\" alt=\"alt\" \/><\/p>\n<p><strong>H\u00c0NG CH\u00cdNH H\u00c3NG NITTAKU S\u1ea2N XU\u00c2T T\u1ea0I NH\u1eacT B\u1ea2N- MADE IN JAPAN<\/strong><\/p>\n<p><strong>EXCELLENT P<\/strong>&#8211;\u00a0G\u1ed7 1 l\u1edbp \u0111\u01b0\u1ee3c tuy\u1ec3n ch\u1ecdn \u0111\u1eb7c bi\u1ec7t.<\/p>\n<ul>\n<li>B\u1ea3ng v\u1ee3t: 160\u00d7140(mm\uff09<\/li>\n<li>C\u00e1n v\u1ee3t \uff1a80\u00d720 (mm\uff09<\/li>\n<li>\u0110\u1ed9 d\u1ea7y\uff1a9.0mm<\/li>\n<li>Tr\u1ecdng l\u01b0\u1ee3ng trung b\u00ecnh \uff1a85gr\uff08\u00b1\uff09<\/li>\n<li>T\u1ed1c \u0111\u1ed9: Trung b\u00ecnh nhanh<\/li>\n<li>C\u1ea3m gi\u00e1c: M\u1ec1m<\/li>\n<\/ul>\n<p>H\u00e0ng ch\u00ednh h\u00e3ng b\u1ea3o h\u00e0nh 1 th\u00e1ng<\/p>\n<p><strong>Theo th\u00f4ng s\u1ed1 chu\u1ea9n c\u1ee7a h\u00e3ng Nittaku<\/strong><\/p>\n<\/div>\n<\/div>\n","protected":false},"excerpt":{"rendered":"<p>&nbsp; H\u00c0NG CH\u00cdNH H\u00c3NG NITTAKU S\u1ea2N XU\u00c2T T\u1ea0I NH\u1eacT B\u1ea2N- MADE IN JAPAN EXCELLENT P&#8211;\u00a0G\u1ed7 1 l\u1edbp \u0111\u01b0\u1ee3c tuy\u1ec3n ch\u1ecdn \u0111\u1eb7c bi\u1ec7t. B\u1ea3ng v\u1ee3t: 160\u00d7140(mm\uff09 C\u00e1n v\u1ee3t \uff1a80\u00d720 (mm\uff09 \u0110\u1ed9 d\u1ea7y\uff1a9.0mm Tr\u1ecdng l\u01b0\u1ee3ng trung b\u00ecnh \uff1a85gr\uff08\u00b1\uff09 T\u1ed1c \u0111\u1ed9: Trung b\u00ecnh nhanh C\u1ea3m gi\u00e1c: M\u1ec1m H\u00e0ng ch\u00ednh h\u00e3ng b\u1ea3o h\u00e0nh 1 th\u00e1ng Theo th\u00f4ng s\u1ed1 chu\u1ea9n [&hellip;]<\/p>\n","protected":false},"featured_media":3519,"comment_status":"open","ping_status":"closed","template":"","meta":{"_eb_attr":""},"product_cat":[139,26],"product_tag":[],"class_list":["post-3521","product","type-product","status-publish","has-post-thumbnail","hentry","product_cat-vot-doc","product_cat-cot-vot"],"_links":{"self":[{"href":"https:\/\/www.phivutabletennis.com\/index.php\/wp-json\/wp\/v2\/product\/3521","targetHints":{"allow":["GET"]}}],"collection":[{"href":"https:\/\/www.phivutabletennis.com\/index.php\/wp-json\/wp\/v2\/product"}],"about":[{"href":"https:\/\/www.phivutabletennis.com\/index.php\/wp-json\/wp\/v2\/types\/product"}],"replies":[{"embeddable":true,"href":"https:\/\/www.phivutabletennis.com\/index.php\/wp-json\/wp\/v2\/comments?post=3521"}],"wp:featuredmedia":[{"embeddable":true,"href":"https:\/\/www.phivutabletennis.com\/index.php\/wp-json\/wp\/v2\/media\/3519"}],"wp:attachment":[{"href":"https:\/\/www.phivutabletennis.com\/index.php\/wp-json\/wp\/v2\/media?parent=3521"}],"wp:term":[{"taxonomy":"product_cat","embeddable":true,"href":"https:\/\/www.phivutabletennis.com\/index.php\/wp-json\/wp\/v2\/product_cat?post=3521"},{"taxonomy":"product_tag","embeddable":true,"href":"https:\/\/www.phivutabletennis.com\/index.php\/wp-json\/wp\/v2\/product_tag?post=3521"}],"curies":[{"name":"wp","href":"https:\/\/api.w.org\/{rel}","templated":true}]}}