{"id":3528,"date":"2023-07-05T23:11:14","date_gmt":"2023-07-05T16:11:14","guid":{"rendered":"https:\/\/www.phivutabletennis.com\/?post_type=product&#038;p=3528"},"modified":"2023-07-05T23:11:14","modified_gmt":"2023-07-05T16:11:14","slug":"malin-soft-carbon-cs","status":"publish","type":"product","link":"https:\/\/www.phivutabletennis.com\/index.php\/product\/malin-soft-carbon-cs\/","title":{"rendered":"MALIN SOFT CARBON CS"},"content":{"rendered":"<p><strong>H\u00c0NG CH\u00cdNH H\u00c3NG YASAKA S\u1ea2N XU\u1ea4T T\u1ea0I TH\u1ee4Y \u0110I\u1ec2N &#8211; MADE IN SWEDEN<\/strong><\/p>\n<p>C\u1ed1t v\u1ee3t\u00a0<strong>MALIN SOFT CARBON\u00a0<\/strong>\u0111\u01b0\u1ee3c s\u1ea3n xu\u1ea5t b\u1eb1ng quy tr\u00ecnh c\u00f4ng ngh\u1ec7 ti\u00ean ti\u1ebfn, k\u1ebft h\u1ee3p s\u1ee3i Carbon c\u00f9ng 2 l\u1edbp g\u1ed7 b\u1ec1 m\u1eb7t m\u1ec1m, c\u1ed1t v\u1ee3t c\u00f3 \u0111\u1ed9 \u1ed5n \u0111\u1ecbnh v\u00e0 ki\u1ec3m so\u00e1t b\u00f3ng cao trong c\u00e1c d\u00f2ng c\u1ed1t v\u1ee3t Carbon hi\u1ec7n nay.<\/p>\n<table border=\"0\" cellspacing=\"1\" cellpadding=\"1\">\n<tbody>\n<tr>\n<td>C\u1ea5u t\u1ea1o<\/td>\n<td>:\u00a05\u00a0l\u1edbp g\u1ed7\u00a0+ 2 l\u1edbp s\u1ee3i Carbon<\/td>\n<\/tr>\n<tr>\n<td>T\u1ed1c \u0111\u1ed9<\/td>\n<td>:\u00a0Trung b\u00ecnh ch\u1eadm<\/td>\n<\/tr>\n<tr>\n<td>C\u1ea3m gi\u00e1c<\/td>\n<td>:\u00a0M\u1ec1m<\/td>\n<\/tr>\n<tr>\n<td>\u0110\u1ed9 d\u1ea7y<\/td>\n<td>:\u00a05.7mm<\/td>\n<\/tr>\n<tr>\n<td>B\u1ea3ng v\u1ee3t<\/td>\n<td>:\u00a0157 x 151mm<\/td>\n<\/tr>\n<tr>\n<td>Tr\u1ecdng l\u01b0\u1ee3ng<\/td>\n<td>:\u00a087gr\u00b1<\/td>\n<\/tr>\n<\/tbody>\n<\/table>\n<p><strong>Theo th\u00f4ng s\u1ed1 chu\u1ea9n c\u1ee7a h\u00e3ng Yasaka<br \/>\nH\u00e0ng ch\u00ednh h\u00e3ng b\u1ea3o h\u00e0nh 1 th\u00e1ng<\/strong><\/p>\n<p><img decoding=\"async\" src=\"https:\/\/bongban.asia\/image\/data\/2019\/TIN%20T%E1%BB%A8C%202019\/MATTIAS%20final%201.jpg\" alt=\"\" \/><\/p>\n<p><b><img decoding=\"async\" src=\"https:\/\/bongban.asia\/image\/data\/BUTTERFLY\/MATTIAS%20FALCK.jpg\" alt=\"\" \/><\/b><br \/>\n<strong>V\u1eadn \u0111\u1ed9ng vi\u00ean MATTIAS FALCK<\/strong><\/p>\n","protected":false},"excerpt":{"rendered":"<p>H\u00c0NG CH\u00cdNH H\u00c3NG YASAKA S\u1ea2N XU\u1ea4T T\u1ea0I TH\u1ee4Y \u0110I\u1ec2N &#8211; MADE IN SWEDEN C\u1ed1t v\u1ee3t\u00a0MALIN SOFT CARBON\u00a0\u0111\u01b0\u1ee3c s\u1ea3n xu\u1ea5t b\u1eb1ng quy tr\u00ecnh c\u00f4ng ngh\u1ec7 ti\u00ean ti\u1ebfn, k\u1ebft h\u1ee3p s\u1ee3i Carbon c\u00f9ng 2 l\u1edbp g\u1ed7 b\u1ec1 m\u1eb7t m\u1ec1m, c\u1ed1t v\u1ee3t c\u00f3 \u0111\u1ed9 \u1ed5n \u0111\u1ecbnh v\u00e0 ki\u1ec3m so\u00e1t b\u00f3ng cao trong c\u00e1c d\u00f2ng c\u1ed1t v\u1ee3t Carbon hi\u1ec7n [&hellip;]<\/p>\n","protected":false},"featured_media":3526,"comment_status":"open","ping_status":"closed","template":"","meta":{"_eb_attr":""},"product_cat":[139,26],"product_tag":[],"class_list":["post-3528","product","type-product","status-publish","has-post-thumbnail","hentry","product_cat-vot-doc","product_cat-cot-vot"],"_links":{"self":[{"href":"https:\/\/www.phivutabletennis.com\/index.php\/wp-json\/wp\/v2\/product\/3528","targetHints":{"allow":["GET"]}}],"collection":[{"href":"https:\/\/www.phivutabletennis.com\/index.php\/wp-json\/wp\/v2\/product"}],"about":[{"href":"https:\/\/www.phivutabletennis.com\/index.php\/wp-json\/wp\/v2\/types\/product"}],"replies":[{"embeddable":true,"href":"https:\/\/www.phivutabletennis.com\/index.php\/wp-json\/wp\/v2\/comments?post=3528"}],"wp:featuredmedia":[{"embeddable":true,"href":"https:\/\/www.phivutabletennis.com\/index.php\/wp-json\/wp\/v2\/media\/3526"}],"wp:attachment":[{"href":"https:\/\/www.phivutabletennis.com\/index.php\/wp-json\/wp\/v2\/media?parent=3528"}],"wp:term":[{"taxonomy":"product_cat","embeddable":true,"href":"https:\/\/www.phivutabletennis.com\/index.php\/wp-json\/wp\/v2\/product_cat?post=3528"},{"taxonomy":"product_tag","embeddable":true,"href":"https:\/\/www.phivutabletennis.com\/index.php\/wp-json\/wp\/v2\/product_tag?post=3528"}],"curies":[{"name":"wp","href":"https:\/\/api.w.org\/{rel}","templated":true}]}}