{"id":356,"date":"2023-04-01T00:33:36","date_gmt":"2023-03-31T17:33:36","guid":{"rendered":"http:\/\/www.phivutabletennis.com\/?post_type=product&#038;p=356"},"modified":"2023-04-01T00:33:37","modified_gmt":"2023-03-31T17:33:37","slug":"andro-rasanter-r50","status":"publish","type":"product","link":"https:\/\/www.phivutabletennis.com\/index.php\/product\/andro-rasanter-r50\/","title":{"rendered":"Andro Rasanter R50"},"content":{"rendered":"<p><b>T\u1ed1c \u0111\u1ed9\u00a0<\/b>: 97\u00a0\u00a0<b>\u0110\u1ed9 xo\u00e1y\u00a0<\/b>: 96 \u00a0<b>Ki\u1ec3m so\u00e1t<\/b>\u00a0: 67\u00a0\u00a0<b>\u0110\u1ed9 c\u1ee9ng<\/b>\u00a0: C\u1ee9ng<\/p>\n<p>L\u1ed1i \u0111\u00e1nh c\u1ee7a b\u1ea1n d\u1ef1a v\u00e0o xo\u00e1y nhi\u1ec1u, b\u1ea1n s\u1ebd d\u1eabn tr\u01b0\u1edbc \u0111\u1ed1i ph\u01b0\u01a1ng khi t\u1ea1o xo\u00e1y v\u1edbi t\u1ed1c \u0111\u1ed9 cao.<\/p>\n<p><img decoding=\"async\" src=\"https:\/\/dungcubongban.vn\/image\/catalog\/andro\/2017\/Icon-Rasanter50.png\" \/><span style=\"color: #1d2129; font-family: Helvetica, Arial, sans-serif;\"><br \/>\n<\/span><\/p>\n<p>&nbsp;<\/p>\n<p><span style=\"color: #1d2129; font-family: Helvetica, Arial, sans-serif;\">Khi l\u00e0 m\u1ed9t v\u1eadn \u0111\u1ed9ng vi\u00ean chuy\u00ean nghi\u1ec7p, b\u1ea1n ph\u1ea3i t\u1eadn d\u1ee5ng h\u1ebft kh\u1ea3 n\u0103ng c\u1ee7a mi\u1ebfng m\u00fat v\u1edbi l\u1edbp l\u00f3t \u0111\u1ed9 c\u1ee9ng 50 \u0111\u1ec3 gi\u00fap b\u1ea1n ph\u00e1t huy to\u00e0n b\u1ed9 uy l\u1ef1c trong c\u00fa \u0111\u00e1nh c\u1ee7a m\u00ecnh. <\/span><\/p>\n<p><span style=\"color: #1d2129; font-family: Helvetica, Arial, sans-serif;\">C\u00fa \u0111\u00e1nh h\u1ebft tay s\u1ebd t\u1ea1o ra uy l\u1ef1c v\u00e0 t\u1ed1c \u0111\u1ed9 v\u00f4 c\u00f9ng l\u1edbn khi d\u00f9ng m\u1eb7t v\u1ee3t R50 l\u00e0m cho \u0111\u1ed1i ph\u01b0\u01a1ng khi\u1ebfp s\u1ee3.<\/span><\/p>\n<p><img decoding=\"async\" src=\"https:\/\/dungcubongban.vn\/image\/catalog\/andro\/2017\/ausgabe-3.png\" \/><\/p>\n<p><img decoding=\"async\" src=\"https:\/\/dungcubongban.vn\/image\/catalog\/andro\/2017\/ausgabe-4.png\" \/><\/p>\n<p><img decoding=\"async\" src=\"https:\/\/dungcubongban.vn\/image\/catalog\/andro\/2017\/ausgabe-5.png\" \/><\/p>\n","protected":false},"excerpt":{"rendered":"<p>T\u1ed1c \u0111\u1ed9\u00a0: 97\u00a0\u00a0\u0110\u1ed9 xo\u00e1y\u00a0: 96 \u00a0Ki\u1ec3m so\u00e1t\u00a0: 67\u00a0\u00a0\u0110\u1ed9 c\u1ee9ng\u00a0: C\u1ee9ng L\u1ed1i \u0111\u00e1nh c\u1ee7a b\u1ea1n d\u1ef1a v\u00e0o xo\u00e1y nhi\u1ec1u, b\u1ea1n s\u1ebd d\u1eabn tr\u01b0\u1edbc \u0111\u1ed1i ph\u01b0\u01a1ng khi t\u1ea1o xo\u00e1y v\u1edbi t\u1ed1c \u0111\u1ed9 cao. &nbsp; Khi l\u00e0 m\u1ed9t v\u1eadn \u0111\u1ed9ng vi\u00ean chuy\u00ean nghi\u1ec7p, b\u1ea1n ph\u1ea3i t\u1eadn d\u1ee5ng h\u1ebft kh\u1ea3 n\u0103ng c\u1ee7a mi\u1ebfng m\u00fat v\u1edbi l\u1edbp l\u00f3t \u0111\u1ed9 c\u1ee9ng [&hellip;]<\/p>\n","protected":false},"featured_media":357,"comment_status":"open","ping_status":"closed","template":"","meta":{"_eb_attr":""},"product_cat":[29,39,30],"product_tag":[],"class_list":["post-356","product","type-product","status-publish","has-post-thumbnail","hentry","product_cat-mat-vot","product_cat-andro","product_cat-rasanter"],"_links":{"self":[{"href":"https:\/\/www.phivutabletennis.com\/index.php\/wp-json\/wp\/v2\/product\/356","targetHints":{"allow":["GET"]}}],"collection":[{"href":"https:\/\/www.phivutabletennis.com\/index.php\/wp-json\/wp\/v2\/product"}],"about":[{"href":"https:\/\/www.phivutabletennis.com\/index.php\/wp-json\/wp\/v2\/types\/product"}],"replies":[{"embeddable":true,"href":"https:\/\/www.phivutabletennis.com\/index.php\/wp-json\/wp\/v2\/comments?post=356"}],"wp:featuredmedia":[{"embeddable":true,"href":"https:\/\/www.phivutabletennis.com\/index.php\/wp-json\/wp\/v2\/media\/357"}],"wp:attachment":[{"href":"https:\/\/www.phivutabletennis.com\/index.php\/wp-json\/wp\/v2\/media?parent=356"}],"wp:term":[{"taxonomy":"product_cat","embeddable":true,"href":"https:\/\/www.phivutabletennis.com\/index.php\/wp-json\/wp\/v2\/product_cat?post=356"},{"taxonomy":"product_tag","embeddable":true,"href":"https:\/\/www.phivutabletennis.com\/index.php\/wp-json\/wp\/v2\/product_tag?post=356"}],"curies":[{"name":"wp","href":"https:\/\/api.w.org\/{rel}","templated":true}]}}