{"id":360,"date":"2023-04-01T00:43:35","date_gmt":"2023-03-31T17:43:35","guid":{"rendered":"http:\/\/www.phivutabletennis.com\/?post_type=product&#038;p=360"},"modified":"2023-04-01T00:43:35","modified_gmt":"2023-03-31T17:43:35","slug":"andro-rasanter-r42","status":"publish","type":"product","link":"https:\/\/www.phivutabletennis.com\/index.php\/product\/andro-rasanter-r42\/","title":{"rendered":"Andro Rasanter R42"},"content":{"rendered":"<p><b>T\u1ed1c \u0111\u1ed9\u00a0<\/b>: 95 \u00a0<b>\u0110\u1ed9 xo\u00e1y\u00a0<\/b>: 96 \u00a0<b>Ki\u1ec3m so\u00e1t<\/b>\u00a0: 69 \u00a0<b>\u0110\u1ed9 c\u1ee9ng<\/b>\u00a0: Trung b\u00ecnh<\/p>\n<p>L\u1ed1i \u0111\u00e1nh c\u1ee7a b\u1ea1n l\u00e0 t\u1ea1o xo\u00e1y nhi\u1ec1u, b\u1ea1n \u0111ang t\u00ecm ki\u1ebfm m\u1ed9t lo\u1ea1i m\u1eb7t v\u1ee3t c\u00f3 \u0111\u1ed9 b\u00e1m t\u1ed1i \u0111a.<strong><br \/>\n<\/strong><\/p>\n<p><img decoding=\"async\" src=\"https:\/\/dungcubongban.vn\/image\/catalog\/andro\/2017\/Icon-Rasanter42.png\" \/><strong><br \/>\n<\/strong><\/p>\n<p>&nbsp;<\/p>\n<p><span style=\"color: #1d2129; font-family: Helvetica, Arial, sans-serif;\">C\u00e0ng ph\u00e1t tri\u1ec3n l\u00ean cao b\u1ea1n c\u00e0ng th\u00edch h\u1ee3p v\u1edbi l\u1edbp sponge c\u00f3 \u0111\u1ed9 c\u1ee9ng 420 \u0111\u1ec3 gi\u00fap b\u1ea1n ki\u1ec3m so\u00e1t ho\u00e0n to\u00e0n \u0111\u1ed9 xo\u00e1y. <\/span><\/p>\n<p><span style=\"color: #1d2129; font-family: Helvetica, Arial, sans-serif;\">N\u1ebful \u1ed1i \u0111\u00e1nh c\u1ee7a b\u1ea1n d\u1ef1a tr\u00ean s\u1ef1 linh \u0111\u1ed9ng v\u00e0 b\u1ea1n c\u00f3 th\u1ec3 s\u1eed d\u1ee5ng m\u1ed9t c\u00e1ch s\u00e1ng su\u1ed1t l\u1edbp l\u00f3t m\u1ec1m \u0111\u1ec3 t\u1ea1o xo\u00e1y v\u00e0 ki\u1ec3m so\u00e1t, th\u00ec khi \u0111\u00f3 lo\u1ea1i m\u00fat R42 s\u1ebd gi\u00fap b\u1ea1n thi \u0111\u1ea5u v\u1edbi hi\u1ec7u qu\u1ea3 cao nh\u1ea5t.<\/span><\/p>\n<div><\/div>\n<p><img decoding=\"async\" src=\"https:\/\/dungcubongban.vn\/image\/catalog\/andro\/2017\/ausgabe-3.png\" \/><\/p>\n<p><img decoding=\"async\" src=\"https:\/\/dungcubongban.vn\/image\/catalog\/andro\/2017\/ausgabe-4.png\" \/><\/p>\n<p><img decoding=\"async\" src=\"https:\/\/dungcubongban.vn\/image\/catalog\/andro\/2017\/ausgabe-5.png\" \/><\/p>\n<p><img decoding=\"async\" src=\"https:\/\/dungcubongban.vn\/image\/catalog\/andro\/2017\/ausgabe-7.png\" \/><\/p>\n","protected":false},"excerpt":{"rendered":"<p>T\u1ed1c \u0111\u1ed9\u00a0: 95 \u00a0\u0110\u1ed9 xo\u00e1y\u00a0: 96 \u00a0Ki\u1ec3m so\u00e1t\u00a0: 69 \u00a0\u0110\u1ed9 c\u1ee9ng\u00a0: Trung b\u00ecnh L\u1ed1i \u0111\u00e1nh c\u1ee7a b\u1ea1n l\u00e0 t\u1ea1o xo\u00e1y nhi\u1ec1u, b\u1ea1n \u0111ang t\u00ecm ki\u1ebfm m\u1ed9t lo\u1ea1i m\u1eb7t v\u1ee3t c\u00f3 \u0111\u1ed9 b\u00e1m t\u1ed1i \u0111a. &nbsp; C\u00e0ng ph\u00e1t tri\u1ec3n l\u00ean cao b\u1ea1n c\u00e0ng th\u00edch h\u1ee3p v\u1edbi l\u1edbp sponge c\u00f3 \u0111\u1ed9 c\u1ee9ng 420 \u0111\u1ec3 gi\u00fap b\u1ea1n ki\u1ec3m [&hellip;]<\/p>\n","protected":false},"featured_media":361,"comment_status":"open","ping_status":"closed","template":"","meta":{"_eb_attr":""},"product_cat":[29,39,30],"product_tag":[],"class_list":["post-360","product","type-product","status-publish","has-post-thumbnail","hentry","product_cat-mat-vot","product_cat-andro","product_cat-rasanter"],"_links":{"self":[{"href":"https:\/\/www.phivutabletennis.com\/index.php\/wp-json\/wp\/v2\/product\/360","targetHints":{"allow":["GET"]}}],"collection":[{"href":"https:\/\/www.phivutabletennis.com\/index.php\/wp-json\/wp\/v2\/product"}],"about":[{"href":"https:\/\/www.phivutabletennis.com\/index.php\/wp-json\/wp\/v2\/types\/product"}],"replies":[{"embeddable":true,"href":"https:\/\/www.phivutabletennis.com\/index.php\/wp-json\/wp\/v2\/comments?post=360"}],"wp:featuredmedia":[{"embeddable":true,"href":"https:\/\/www.phivutabletennis.com\/index.php\/wp-json\/wp\/v2\/media\/361"}],"wp:attachment":[{"href":"https:\/\/www.phivutabletennis.com\/index.php\/wp-json\/wp\/v2\/media?parent=360"}],"wp:term":[{"taxonomy":"product_cat","embeddable":true,"href":"https:\/\/www.phivutabletennis.com\/index.php\/wp-json\/wp\/v2\/product_cat?post=360"},{"taxonomy":"product_tag","embeddable":true,"href":"https:\/\/www.phivutabletennis.com\/index.php\/wp-json\/wp\/v2\/product_tag?post=360"}],"curies":[{"name":"wp","href":"https:\/\/api.w.org\/{rel}","templated":true}]}}