{"id":3624,"date":"2023-07-07T22:45:20","date_gmt":"2023-07-07T15:45:20","guid":{"rendered":"https:\/\/www.phivutabletennis.com\/?post_type=product&#038;p=3624"},"modified":"2023-07-07T22:45:21","modified_gmt":"2023-07-07T15:45:21","slug":"bao-vot-tron-rival-blue-green","status":"publish","type":"product","link":"https:\/\/www.phivutabletennis.com\/index.php\/product\/bao-vot-tron-rival-blue-green\/","title":{"rendered":"Bao v\u1ee3t tr\u00f2n Rival, Blue green"},"content":{"rendered":"<div class=\"chat-date\">\n<div class=\"flx\">\n<div class=\"end line\">Bao V\u1ee3t tr\u00f2n STIGA RIVAL blue green.<\/div>\n<div><\/div>\n<\/div>\n<\/div>\n<div class=\"chat-item flx me\">\n<div class=\"chat-content flx flx-col flx-cell me\">\n<div id=\"bb_msg_id_1688531464027\" class=\"chat-message wrap-message rotate-container me -send-time -reaction\" data-node-type=\"bubble-message\">\n<div class=\"\">\n<div class=\"card me last-msg has-status card--text\" data-id=\"div_LastSentMsg_Text\">\n<div><span class=\"text\">Bao v\u1ee3t tr\u00f2n c\u00f3 m\u00e0u xanh lam c\u00f3 logo STIGA Sports .<\/span><\/div>\n<div><\/div>\n<div><span class=\"text\">Bao tr\u1ecdn v\u00e0 b\u1ea3o v\u1ec7 c\u00e2y v\u1ee3t c\u1ee7a b\u1ea1n .<\/span><\/div>\n<div><\/div>\n<div><span class=\"text\">Ch\u1ea5t li\u1ec7u: \u0110\u01b0\u1ee3c l\u00e0m b\u1eb1ng nylon \/ polyester Oxford b\u1ec1n, ch\u1ed1ng th\u1ea5m n\u01b0\u1edbc.<\/span><\/div>\n<div><\/div>\n<div><span class=\"text\">\u0110\u01b0\u1ee3c thi\u1ebft k\u1ebf t\u1ea1i Eskilstuna, Th\u1ee5y \u0110i\u1ec3n<\/span><\/div>\n<\/div>\n<div>DESCRIPTION<\/div>\n<\/div>\n<\/div>\n<\/div>\n<\/div>\n","protected":false},"excerpt":{"rendered":"<p>Bao V\u1ee3t tr\u00f2n STIGA RIVAL blue green. Bao v\u1ee3t tr\u00f2n c\u00f3 m\u00e0u xanh lam c\u00f3 logo STIGA Sports . Bao tr\u1ecdn v\u00e0 b\u1ea3o v\u1ec7 c\u00e2y v\u1ee3t c\u1ee7a b\u1ea1n . Ch\u1ea5t li\u1ec7u: \u0110\u01b0\u1ee3c l\u00e0m b\u1eb1ng nylon \/ polyester Oxford b\u1ec1n, ch\u1ed1ng th\u1ea5m n\u01b0\u1edbc. \u0110\u01b0\u1ee3c thi\u1ebft k\u1ebf t\u1ea1i Eskilstuna, Th\u1ee5y \u0110i\u1ec3n DESCRIPTION<\/p>\n","protected":false},"featured_media":3625,"comment_status":"open","ping_status":"closed","template":"","meta":{"_eb_attr":""},"product_cat":[85,157],"product_tag":[],"class_list":["post-3624","product","type-product","status-publish","has-post-thumbnail","hentry","product_cat-balo-bao-vot","product_cat-stiga"],"_links":{"self":[{"href":"https:\/\/www.phivutabletennis.com\/index.php\/wp-json\/wp\/v2\/product\/3624","targetHints":{"allow":["GET"]}}],"collection":[{"href":"https:\/\/www.phivutabletennis.com\/index.php\/wp-json\/wp\/v2\/product"}],"about":[{"href":"https:\/\/www.phivutabletennis.com\/index.php\/wp-json\/wp\/v2\/types\/product"}],"replies":[{"embeddable":true,"href":"https:\/\/www.phivutabletennis.com\/index.php\/wp-json\/wp\/v2\/comments?post=3624"}],"wp:featuredmedia":[{"embeddable":true,"href":"https:\/\/www.phivutabletennis.com\/index.php\/wp-json\/wp\/v2\/media\/3625"}],"wp:attachment":[{"href":"https:\/\/www.phivutabletennis.com\/index.php\/wp-json\/wp\/v2\/media?parent=3624"}],"wp:term":[{"taxonomy":"product_cat","embeddable":true,"href":"https:\/\/www.phivutabletennis.com\/index.php\/wp-json\/wp\/v2\/product_cat?post=3624"},{"taxonomy":"product_tag","embeddable":true,"href":"https:\/\/www.phivutabletennis.com\/index.php\/wp-json\/wp\/v2\/product_tag?post=3624"}],"curies":[{"name":"wp","href":"https:\/\/api.w.org\/{rel}","templated":true}]}}