{"id":3630,"date":"2023-07-07T22:48:27","date_gmt":"2023-07-07T15:48:27","guid":{"rendered":"https:\/\/www.phivutabletennis.com\/?post_type=product&#038;p=3630"},"modified":"2023-07-07T22:48:27","modified_gmt":"2023-07-07T15:48:27","slug":"tui-bag-rival-blue-green","status":"publish","type":"product","link":"https:\/\/www.phivutabletennis.com\/index.php\/product\/tui-bag-rival-blue-green\/","title":{"rendered":"T\u00fai \u2013 Bag Rival, Blue green"},"content":{"rendered":"<div class=\"card  me  card--text\" data-id=\"div_SentMsg_Text\">\n<div><span class=\"text\">STIGA BAG RIVAL<\/span><\/div>\n<\/div>\n<div><\/div>\n<div class=\"card  me  card--text\" data-id=\"div_SentMsg_Text\">\n<div><span class=\"text\">*M\u1ed9t chi\u1ebfc t\u00fai th\u1eddi trang nh\u01b0ng \u0111\u1ea7y \u0111\u1ee7 ch\u1ee9c n\u0103ng v\u1edbi thi\u1ebft k\u1ebf Scandinavian .<\/span><\/div>\n<div><span class=\"text\">*Ch\u1ea5t li\u1ec7u nylon Oxford b\u1ec1n,ch\u1ed1ng th\u1ea5m n\u01b0\u1edbc.<\/span><\/div>\n<div><span class=\"text\">* Nhi\u1ec1u ng\u0103n \u0111\u1ec3 ch\u1ee9a t\u1ea5t c\u1ea3 \u0111\u1ed3 \u0111\u1ea1c c\u1ee7a b\u1ea1n.<\/span><\/div>\n<div><span class=\"text\">*D\u00e2y \u0111eo vai v\u00e0 tay c\u1ea7m c\u00f3 \u0111\u1ec7m,c\u00f3 th\u1ec3 \u0111i\u1ec1u ch\u1ec9nh v\u00e0 th\u00e1o r\u1eddi .<\/span><\/div>\n<div><span class=\"text\">*Ph\u00f9 h\u1ee3p cho luy\u1ec7n t\u1eadp t\u1ea5t c\u1ea3 c\u00e1c b\u1ed9 m\u00f4n th\u1ec3 thao ,hay du l\u1ecbch \u2026<\/span><\/div>\n<div><span class=\"text\">*K\u00edch th\u01b0\u1edbc : L= 54cm ; B= 29 cm ; H = 31 cm<\/span><\/div>\n<div><span class=\"text\">*Th\u1ec3 t\u00edch : 48 l\u00edt<\/span><\/div>\n<div>\n<p>STIGA Sports Rival training bag<\/p>\n<p>Rival is a stylish and spacious blue-green training bag from STIGA Sports. Numerous compartments to hold all your belongings. The main compartment is large enough to hold your clothes, shoes and other training equipment. The handy open compartments mean that you can keep your small items within easy reach. The Rival bag is made of durable, water-resistant Oxford nylon that protects your belongings in all weather. The ergonomically adjustable and padded shoulder straps reduce pressure on the shoulders, making the bag very comfy to wear. The bag is also equipped with double, padded handles for greater carrying comfort.<\/p>\n<\/div>\n<\/div>\n","protected":false},"excerpt":{"rendered":"<p>STIGA BAG RIVAL *M\u1ed9t chi\u1ebfc t\u00fai th\u1eddi trang nh\u01b0ng \u0111\u1ea7y \u0111\u1ee7 ch\u1ee9c n\u0103ng v\u1edbi thi\u1ebft k\u1ebf Scandinavian . *Ch\u1ea5t li\u1ec7u nylon Oxford b\u1ec1n,ch\u1ed1ng th\u1ea5m n\u01b0\u1edbc. * Nhi\u1ec1u ng\u0103n \u0111\u1ec3 ch\u1ee9a t\u1ea5t c\u1ea3 \u0111\u1ed3 \u0111\u1ea1c c\u1ee7a b\u1ea1n. *D\u00e2y \u0111eo vai v\u00e0 tay c\u1ea7m c\u00f3 \u0111\u1ec7m,c\u00f3 th\u1ec3 \u0111i\u1ec1u ch\u1ec9nh v\u00e0 th\u00e1o r\u1eddi . *Ph\u00f9 h\u1ee3p cho luy\u1ec7n [&hellip;]<\/p>\n","protected":false},"featured_media":3633,"comment_status":"open","ping_status":"closed","template":"","meta":{"_eb_attr":""},"product_cat":[85,157],"product_tag":[],"class_list":["post-3630","product","type-product","status-publish","has-post-thumbnail","hentry","product_cat-balo-bao-vot","product_cat-stiga"],"_links":{"self":[{"href":"https:\/\/www.phivutabletennis.com\/index.php\/wp-json\/wp\/v2\/product\/3630","targetHints":{"allow":["GET"]}}],"collection":[{"href":"https:\/\/www.phivutabletennis.com\/index.php\/wp-json\/wp\/v2\/product"}],"about":[{"href":"https:\/\/www.phivutabletennis.com\/index.php\/wp-json\/wp\/v2\/types\/product"}],"replies":[{"embeddable":true,"href":"https:\/\/www.phivutabletennis.com\/index.php\/wp-json\/wp\/v2\/comments?post=3630"}],"wp:featuredmedia":[{"embeddable":true,"href":"https:\/\/www.phivutabletennis.com\/index.php\/wp-json\/wp\/v2\/media\/3633"}],"wp:attachment":[{"href":"https:\/\/www.phivutabletennis.com\/index.php\/wp-json\/wp\/v2\/media?parent=3630"}],"wp:term":[{"taxonomy":"product_cat","embeddable":true,"href":"https:\/\/www.phivutabletennis.com\/index.php\/wp-json\/wp\/v2\/product_cat?post=3630"},{"taxonomy":"product_tag","embeddable":true,"href":"https:\/\/www.phivutabletennis.com\/index.php\/wp-json\/wp\/v2\/product_tag?post=3630"}],"curies":[{"name":"wp","href":"https:\/\/api.w.org\/{rel}","templated":true}]}}