{"id":364,"date":"2023-04-01T00:45:24","date_gmt":"2023-03-31T17:45:24","guid":{"rendered":"http:\/\/www.phivutabletennis.com\/?post_type=product&#038;p=364"},"modified":"2023-04-01T00:48:27","modified_gmt":"2023-03-31T17:48:27","slug":"364","status":"publish","type":"product","link":"https:\/\/www.phivutabletennis.com\/index.php\/product\/364\/","title":{"rendered":"Andro Rasanter R37"},"content":{"rendered":"<p><b>T\u1ed1c \u0111\u1ed9 <\/b>: 94 &#8211; <b>\u0110\u1ed9 xo\u00e1y <\/b>: 96 &#8211; <b>Ki\u1ec3m so\u00e1t<\/b> : 70 &#8211; <b>\u0110\u1ed9 c\u1ee9ng<\/b> : M\u1ec1m<\/p>\n<p>Rasanter 37: L\u1ed1i \u0111\u00e1nh c\u1ee7a b\u1ea1n d\u1ef1a v\u00e0o xo\u00e1y.<\/p>\n<p>T\u1ea5n c\u00f4ng m\u1ed9t c\u00e1ch \u0111a d\u1ea1ng \u1edf m\u1ecdi kho\u1ea3ng c\u00e1ch l\u00e0 c\u00f4ng th\u1ee9c chi\u1ebfn th\u1eafng c\u1ee7a b\u1ea1n.<\/p>\n<p>L\u00e0 m\u1ed9t ng\u01b0\u1eddi ch\u01a1i tr\u00ecnh \u0111\u1ed9 trung b\u00ecnh t\u1edbi cao, b\u1ea1n s\u1ebd c\u1ea3m th\u1ea5y m\u00ecnh ph\u00f9 h\u1ee3p v\u1edbi l\u1edbp l\u00f3t 37 \u0111\u1ed9 khi t\u1ea5n c\u00f4ng ch\u1ee7 \u0111\u1ed9ng v\u00e0 ki\u1ec3m so\u00e1t b\u00f3ng.<\/p>\n<p>Xo\u00e1y l\u00e0 ch\u00eca kho\u00e1 th\u00e0nh c\u00f4ng c\u1ee7a b\u1ea1n, v\u00e0 b\u1ea1n s\u1ebd c\u1ea3m th\u1ea5y th\u00edch th\u00fa khi t\u1ea1o \u0111\u01b0\u1ee3c nh\u1eefng v\u00f2ng cung khi gi\u1eadt v\u1edbi t\u1ed1c \u0111\u1ed9 t\u01b0\u01a1ng \u0111\u1ed1i.<\/p>\n<div><\/div>\n<p><img decoding=\"async\" src=\"https:\/\/dungcubongban.vn\/image\/catalog\/andro\/2017\/Icon-Rasanter37.png\" \/><\/p>\n<p><img decoding=\"async\" src=\"https:\/\/dungcubongban.vn\/image\/catalog\/andro\/2017\/ausgabe-3.png\" \/><\/p>\n<p><img decoding=\"async\" src=\"https:\/\/dungcubongban.vn\/image\/catalog\/andro\/2017\/ausgabe-4.png\" \/><\/p>\n<p><img decoding=\"async\" src=\"https:\/\/dungcubongban.vn\/image\/catalog\/andro\/2017\/ausgabe-5.png\" \/><\/p>\n<p><img decoding=\"async\" src=\"https:\/\/dungcubongban.vn\/image\/catalog\/andro\/2017\/ausgabe-7.png\" \/><\/p>\n","protected":false},"excerpt":{"rendered":"<p>T\u1ed1c \u0111\u1ed9 : 94 &#8211; \u0110\u1ed9 xo\u00e1y : 96 &#8211; Ki\u1ec3m so\u00e1t : 70 &#8211; \u0110\u1ed9 c\u1ee9ng : M\u1ec1m Rasanter 37: L\u1ed1i \u0111\u00e1nh c\u1ee7a b\u1ea1n d\u1ef1a v\u00e0o xo\u00e1y. T\u1ea5n c\u00f4ng m\u1ed9t c\u00e1ch \u0111a d\u1ea1ng \u1edf m\u1ecdi kho\u1ea3ng c\u00e1ch l\u00e0 c\u00f4ng th\u1ee9c chi\u1ebfn th\u1eafng c\u1ee7a b\u1ea1n. L\u00e0 m\u1ed9t ng\u01b0\u1eddi ch\u01a1i tr\u00ecnh \u0111\u1ed9 trung b\u00ecnh t\u1edbi cao, [&hellip;]<\/p>\n","protected":false},"featured_media":365,"comment_status":"open","ping_status":"closed","template":"","meta":{"_eb_attr":""},"product_cat":[29,39,30],"product_tag":[],"class_list":["post-364","product","type-product","status-publish","has-post-thumbnail","hentry","product_cat-mat-vot","product_cat-andro","product_cat-rasanter"],"_links":{"self":[{"href":"https:\/\/www.phivutabletennis.com\/index.php\/wp-json\/wp\/v2\/product\/364","targetHints":{"allow":["GET"]}}],"collection":[{"href":"https:\/\/www.phivutabletennis.com\/index.php\/wp-json\/wp\/v2\/product"}],"about":[{"href":"https:\/\/www.phivutabletennis.com\/index.php\/wp-json\/wp\/v2\/types\/product"}],"replies":[{"embeddable":true,"href":"https:\/\/www.phivutabletennis.com\/index.php\/wp-json\/wp\/v2\/comments?post=364"}],"wp:featuredmedia":[{"embeddable":true,"href":"https:\/\/www.phivutabletennis.com\/index.php\/wp-json\/wp\/v2\/media\/365"}],"wp:attachment":[{"href":"https:\/\/www.phivutabletennis.com\/index.php\/wp-json\/wp\/v2\/media?parent=364"}],"wp:term":[{"taxonomy":"product_cat","embeddable":true,"href":"https:\/\/www.phivutabletennis.com\/index.php\/wp-json\/wp\/v2\/product_cat?post=364"},{"taxonomy":"product_tag","embeddable":true,"href":"https:\/\/www.phivutabletennis.com\/index.php\/wp-json\/wp\/v2\/product_tag?post=364"}],"curies":[{"name":"wp","href":"https:\/\/api.w.org\/{rel}","templated":true}]}}