{"id":368,"date":"2023-04-01T00:47:45","date_gmt":"2023-03-31T17:47:45","guid":{"rendered":"http:\/\/www.phivutabletennis.com\/?post_type=product&#038;p=368"},"modified":"2023-04-01T00:47:46","modified_gmt":"2023-03-31T17:47:46","slug":"andro-rasanter-v42","status":"publish","type":"product","link":"https:\/\/www.phivutabletennis.com\/index.php\/product\/andro-rasanter-v42\/","title":{"rendered":"Andro Rasanter V42"},"content":{"rendered":"<p>&nbsp;<\/p>\n<p><b>T\u1ed1c \u0111\u1ed9\u00a0<\/b>: 96\u00a0\u00a0<b>\u0110\u1ed9 xo\u00e1y\u00a0<\/b>: 93\u00a0\u00a0<b>Ki\u1ec3m so\u00e1t<\/b>\u00a0: 70\u00a0\u00a0<b>\u0110\u1ed9 c\u1ee9ng<\/b>\u00a0: Trung b\u00ecnh<\/p>\n<p><img decoding=\"async\" src=\"https:\/\/dungcubongban.vn\/image\/catalog\/andro\/2017\/Icon-Rasanter42.png\" \/><\/p>\n<p>L\u1ed1i \u0111\u00e1nh c\u1ee7a b\u1ea1n d\u1ef1a v\u00e0o t\u1ed1c \u0111\u1ed9. B\u1ea1n ghi \u0111i\u1ec3m b\u1eb1ng l\u1ed1i \u0111\u00e1nh nhanh, \u0111\u00f4i c\u00f4ng.<\/p>\n<p>L\u00e0 m\u1ed9t ng\u01b0\u1eddi ch\u01a1i tr\u00ecnh \u0111\u1ed9 trung b\u00ecnh t\u1edbi cao, b\u1ea1n s\u1ebd nh\u1edd v\u00e0o nh\u1eefng \u01b0u \u0111i\u1ec3m c\u1ee7a l\u1edbp l\u00f3t 42 \u0111\u1ed9 \u0111\u1ec3 b\u00f9 qua ph\u1ea7n thi\u1ebfu ch\u00ednh x\u00e1c c\u1ee7a v\u00f9ng Sweetspot nh\u1ecf trong nh\u1eefng c\u00fa \u0111\u00e1nh c\u1ee7a b\u1ea1n.<\/p>\n<p>H\u00e3y t\u1ef1 tin v\u00e0 ch\u1ea5p nh\u1eadn r\u1ee7i ro khi \u0111\u00e1nh nhanh khi l\u1ef1a ch\u1ecdn l\u1ed1i \u0111\u00e1nh t\u1ea5n c\u00f4ng \u1edf c\u1ef1 ly trung.<\/p>\n<p>V42 s\u1ebd l\u00e0m t\u0103ng v\u00f9ng Sweetspot, h\u1ea1n ch\u1ebf m\u1ea5t \u0111i\u1ec3m cho b\u1ea1n khi t\u1ea5n c\u00f4ng \u1edf t\u1ed1c \u0111\u1ed9 cao.<\/p>\n<p><img decoding=\"async\" src=\"https:\/\/dungcubongban.vn\/image\/catalog\/andro\/2017\/ausgabe-3.png\" \/><\/p>\n<p><img decoding=\"async\" src=\"https:\/\/dungcubongban.vn\/image\/catalog\/andro\/2017\/ausgabe-4.png\" \/><\/p>\n<p><img decoding=\"async\" src=\"https:\/\/dungcubongban.vn\/image\/catalog\/andro\/2017\/ausgabe-5.png\" \/><\/p>\n<p><img decoding=\"async\" src=\"https:\/\/dungcubongban.vn\/image\/catalog\/andro\/2017\/ausgabe-8.png\" \/><\/p>\n","protected":false},"excerpt":{"rendered":"<p>&nbsp; T\u1ed1c \u0111\u1ed9\u00a0: 96\u00a0\u00a0\u0110\u1ed9 xo\u00e1y\u00a0: 93\u00a0\u00a0Ki\u1ec3m so\u00e1t\u00a0: 70\u00a0\u00a0\u0110\u1ed9 c\u1ee9ng\u00a0: Trung b\u00ecnh L\u1ed1i \u0111\u00e1nh c\u1ee7a b\u1ea1n d\u1ef1a v\u00e0o t\u1ed1c \u0111\u1ed9. B\u1ea1n ghi \u0111i\u1ec3m b\u1eb1ng l\u1ed1i \u0111\u00e1nh nhanh, \u0111\u00f4i c\u00f4ng. L\u00e0 m\u1ed9t ng\u01b0\u1eddi ch\u01a1i tr\u00ecnh \u0111\u1ed9 trung b\u00ecnh t\u1edbi cao, b\u1ea1n s\u1ebd nh\u1edd v\u00e0o nh\u1eefng \u01b0u \u0111i\u1ec3m c\u1ee7a l\u1edbp l\u00f3t 42 \u0111\u1ed9 \u0111\u1ec3 b\u00f9 qua ph\u1ea7n thi\u1ebfu [&hellip;]<\/p>\n","protected":false},"featured_media":369,"comment_status":"open","ping_status":"closed","template":"","meta":{"_eb_attr":""},"product_cat":[29,39,30],"product_tag":[],"class_list":["post-368","product","type-product","status-publish","has-post-thumbnail","hentry","product_cat-mat-vot","product_cat-andro","product_cat-rasanter"],"_links":{"self":[{"href":"https:\/\/www.phivutabletennis.com\/index.php\/wp-json\/wp\/v2\/product\/368","targetHints":{"allow":["GET"]}}],"collection":[{"href":"https:\/\/www.phivutabletennis.com\/index.php\/wp-json\/wp\/v2\/product"}],"about":[{"href":"https:\/\/www.phivutabletennis.com\/index.php\/wp-json\/wp\/v2\/types\/product"}],"replies":[{"embeddable":true,"href":"https:\/\/www.phivutabletennis.com\/index.php\/wp-json\/wp\/v2\/comments?post=368"}],"wp:featuredmedia":[{"embeddable":true,"href":"https:\/\/www.phivutabletennis.com\/index.php\/wp-json\/wp\/v2\/media\/369"}],"wp:attachment":[{"href":"https:\/\/www.phivutabletennis.com\/index.php\/wp-json\/wp\/v2\/media?parent=368"}],"wp:term":[{"taxonomy":"product_cat","embeddable":true,"href":"https:\/\/www.phivutabletennis.com\/index.php\/wp-json\/wp\/v2\/product_cat?post=368"},{"taxonomy":"product_tag","embeddable":true,"href":"https:\/\/www.phivutabletennis.com\/index.php\/wp-json\/wp\/v2\/product_tag?post=368"}],"curies":[{"name":"wp","href":"https:\/\/api.w.org\/{rel}","templated":true}]}}