{"id":3723,"date":"2023-07-07T23:51:05","date_gmt":"2023-07-07T16:51:05","guid":{"rendered":"https:\/\/www.phivutabletennis.com\/?post_type=product&#038;p=3723"},"modified":"2024-12-03T21:05:16","modified_gmt":"2024-12-03T14:05:16","slug":"cybershape-wood","status":"publish","type":"product","link":"https:\/\/www.phivutabletennis.com\/index.php\/product\/cybershape-wood\/","title":{"rendered":"Cybershape Wood"},"content":{"rendered":"<div class=\"w-full\">\n<div class=\"py-3 flex justify-between w-full border-t cursor-pointer\">Th\u00f4ng s\u1ed1 s\u1ea3n ph\u1ea9m :<\/div>\n<div class=\"pb-3\">\n<div>\n<p>Ki\u1ec3m so\u00e1t : 76\u00a0 \u00a0;T\u1ed1c \u0111\u1ed9 : 78\u00a0 ;C\u1ea5u t\u1ea1o : 5 l\u1edbp g\u1ed7<\/p>\n<\/div>\n<\/div>\n<\/div>\n<div class=\"w-full\">\n<div>. L\u00e0 m\u1ed9t c\u1ed1t v\u1ee3t b\u00f3ng b\u00e0n t\u1ea5n c\u00f4ng mang t\u00ednh c\u00e1ch m\u1ea1ng,\u0111ang ch\u1edd c\u1ea5p b\u1eb1ng s\u00e1ng ch\u1ebf v\u00e0 \u0111\u01b0\u1ee3c b\u1ea3o v\u1ec7 theo thi\u1ebft k\u1ebf ,cung c\u1ea5p khu v\u1ef1c \u0111\u00e1nh b\u00f3ng \u0111\u01b0\u1ee3c\u00a0 t\u1ed1i \u01b0u.<\/div>\n<div>. S\u1ef1 k\u1ebft h\u1ee3p c\u1ee7a c\u00e1c v\u1eadt li\u1ec7u \u0111\u1ed9c quy\u1ec1n ,thi\u1ebft k\u1ebf Cybershape \u0111\u1ed9c \u0111\u00e1o,t\u1ea1o ra m\u1ed9t c\u1ed1t v\u1ee3t linh ho\u1ea1t ph\u00f9 h\u1ee3p v\u1edbi nhi\u1ec1u phong c\u00e1ch ch\u01a1i kh\u00e1c nhau.<\/div>\n<div>. \u0110\u01b0\u1ee3c ph\u00e1t tri\u1ec3n c\u00f9ng v\u1edbi nh\u1eefng V\u0110V chuy\u00ean nghi\u1ec7p h\u00e0ng \u0111\u1ea7u c\u1ee7a STIGA \u0111\u1ec3 ho\u1ea1t \u0111\u1ed9ng t\u1ed1i \u01b0u v\u1edbi nhi\u1ec1u lo\u1ea1i m\u1eb7t m\u00fat b\u00f3ng b\u00e0n c\u1ee7a STIGA.<\/div>\n<div>. Theo c\u00e1c ph\u00e9p \u0111o t\u1eeb c\u00e1c th\u1eed nghi\u1ec7m \u0111\u01b0\u1ee3c th\u1ef1c hi\u1ec7n v\u1edbi s\u1ef1 c\u1ed9ng t\u00e1c c\u1ee7a KTH , Cybershape c\u00f3 \u0111i\u1ec3m ng\u1ecdt l\u1edbn h\u01a1n \u0111\u01b0\u1ee3c \u0111\u1eb7t \u1edf v\u1ecb tr\u00ed cao h\u01a1n tr\u00ean c\u1ed1t v\u1ee3t so v\u1edbi h\u00ecnh d\u1ea1ng ti\u00eau chu\u1ea9n ,mang l\u1ea1i nhi\u1ec1u l\u1ef1c h\u01a1n trong c\u00e1c c\u00fa \u0111\u00e1nh c\u1ee7a ng\u01b0\u1eddi ch\u01a1i m\u00e0 kh\u00f4ng l\u00e0m m\u1ea5t ki\u1ec3m so\u00e1t b\u00f3ng.<\/div>\n<div>. Tay c\u1ea7m \u0111\u01b0\u1ee3c l\u00e0m b\u1eb1ng g\u1ed7 ch\u1ea5t l\u01b0\u1ee3ng h\u00e0ng \u0111\u1ea7u c\u1ee7a \u00dd v\u00e0 c\u00f3 b\u1ec1 m\u1eb7t nh\u00e1m \u0111\u1ea3m b\u1ea3o b\u1ec1 m\u1eb7t c\u1ea7m n\u1eafm t\u1ed1i \u01b0u m\u00e0 kh\u00f4ng g\u00e2y c\u1ea3m gi\u00e1c tr\u01a1n tr\u01b0\u1ee3t.<\/div>\n<div>B\u1ec1 m\u1eb7t S\u01a1n b\u00f3ng t\u1ea1i nh\u00e0 m\u00e1y.<\/div>\n<div>\n<div class=\"text-sm leading-6 mb-3 mt-6 overflow-hidden \">\n<div>\n<ul class=\"list-disc ml-6\">\n<li>An offensive table tennis blade with a revolutionary, patent pending and design-protected shape that provides an optimised hitting area.<\/li>\n<li>The symbiosis of exclusive materials, the unique Cybershape design, result in a flexible blade that fits several different play styles.<\/li>\n<li>Developed together with STIGA professional players to work optimally with a wide range of STIGA\u2019s table tennis rubbers.<\/li>\n<li>According to measurements from tests carried out in collaboration with KTH, Cybershape has a larger sweet spot placed higher up on the blade than a standard shape which gives more power in your strokes without losing control of the ball.<\/li>\n<li>Handles are made of the top-quality Italian wood and have a surface roughness that ensures an optimal gripping surface without the handle feeling slippery.<\/li>\n<li>Factory-lacquered surface and a weight of: 80-85 g.<\/li>\n<\/ul>\n<\/div>\n<\/div>\n<h2>lutionary \u201cCybershape\u201d design from STIGA Sports<\/h2>\n<p>The future is here! Cybershape Wood is the second table tennis blade in the Cybershape family with the revolutionary shape that took Truls M\u00f6reg\u00e5rdh to the 2021 World Cup final. Cybershape Wood is a factory-lacquered, offensive blade that is made up of five exclusive wooden layers and developed to work optimally with a wide range of STIGA\u2019s table tennis rubbers. This makes Cybershape Wood a blade that suits the majority of playing styles.<\/p>\n<p>In addition to the unique Cybershape design delivering a larger sweet spot and optimized hitting area, the shape also provides clear advantages when it comes to game development and improving technical skills. The six edges of the blade make it easier to see and find the correct angle using different strokes. Both players and coaches benefit from being able to easily see and ensure that the angle of the blade is correct at the beginning and end of a forehand loop, or that the player has the bat at the correct angle when receiving. Cybershape Wood is the perfect blade to start your career with and will also help you continue to progress all the way up to elite level.<\/p>\n<\/div>\n<\/div>\n","protected":false},"excerpt":{"rendered":"<p>Th\u00f4ng s\u1ed1 s\u1ea3n ph\u1ea9m : Ki\u1ec3m so\u00e1t : 76\u00a0 \u00a0;T\u1ed1c \u0111\u1ed9 : 78\u00a0 ;C\u1ea5u t\u1ea1o : 5 l\u1edbp g\u1ed7 . L\u00e0 m\u1ed9t c\u1ed1t v\u1ee3t b\u00f3ng b\u00e0n t\u1ea5n c\u00f4ng mang t\u00ednh c\u00e1ch m\u1ea1ng,\u0111ang ch\u1edd c\u1ea5p b\u1eb1ng s\u00e1ng ch\u1ebf v\u00e0 \u0111\u01b0\u1ee3c b\u1ea3o v\u1ec7 theo thi\u1ebft k\u1ebf ,cung c\u1ea5p khu v\u1ef1c \u0111\u00e1nh b\u00f3ng \u0111\u01b0\u1ee3c\u00a0 t\u1ed1i \u01b0u. . S\u1ef1 [&hellip;]<\/p>\n","protected":false},"featured_media":3724,"comment_status":"open","ping_status":"closed","template":"","meta":{"_eb_attr":""},"product_cat":[77,26],"product_tag":[],"class_list":["post-3723","product","type-product","status-publish","has-post-thumbnail","hentry","product_cat-stiga-cot-vot","product_cat-cot-vot"],"_links":{"self":[{"href":"https:\/\/www.phivutabletennis.com\/index.php\/wp-json\/wp\/v2\/product\/3723","targetHints":{"allow":["GET"]}}],"collection":[{"href":"https:\/\/www.phivutabletennis.com\/index.php\/wp-json\/wp\/v2\/product"}],"about":[{"href":"https:\/\/www.phivutabletennis.com\/index.php\/wp-json\/wp\/v2\/types\/product"}],"replies":[{"embeddable":true,"href":"https:\/\/www.phivutabletennis.com\/index.php\/wp-json\/wp\/v2\/comments?post=3723"}],"wp:featuredmedia":[{"embeddable":true,"href":"https:\/\/www.phivutabletennis.com\/index.php\/wp-json\/wp\/v2\/media\/3724"}],"wp:attachment":[{"href":"https:\/\/www.phivutabletennis.com\/index.php\/wp-json\/wp\/v2\/media?parent=3723"}],"wp:term":[{"taxonomy":"product_cat","embeddable":true,"href":"https:\/\/www.phivutabletennis.com\/index.php\/wp-json\/wp\/v2\/product_cat?post=3723"},{"taxonomy":"product_tag","embeddable":true,"href":"https:\/\/www.phivutabletennis.com\/index.php\/wp-json\/wp\/v2\/product_tag?post=3723"}],"curies":[{"name":"wp","href":"https:\/\/api.w.org\/{rel}","templated":true}]}}