{"id":3734,"date":"2023-07-07T23:58:13","date_gmt":"2023-07-07T16:58:13","guid":{"rendered":"https:\/\/www.phivutabletennis.com\/?post_type=product&#038;p=3734"},"modified":"2024-12-03T21:04:55","modified_gmt":"2024-12-03T14:04:55","slug":"dynasty-carbon-xuxin-edition","status":"publish","type":"product","link":"https:\/\/www.phivutabletennis.com\/index.php\/product\/dynasty-carbon-xuxin-edition\/","title":{"rendered":"Dynasty Carbon Xuxin Edition"},"content":{"rendered":"<div class=\"row\">\n<div class=\"col-lg-12 col-md-12 col-sm-12 col-xs-12\"><b>T\u1ed1c \u0111\u1ed9:<\/b>\u00a0\u00a096<\/div>\n<\/div>\n<div class=\"row\">\n<div class=\"col-lg-12 col-md-12 col-sm-12 col-xs-12\"><b>Ki\u1ec3m so\u00e1t:<\/b>\u00a0\u00a062<\/div>\n<\/div>\n<div class=\"row\">\n<div class=\"col-lg-12 col-md-12 col-sm-12 col-xs-12\"><b>Tr\u1ecdng l\u01b0\u1ee3ng l\u01b0\u1ee1i dao:<\/b>\u00a0\u00a090<\/div>\n<\/div>\n<div class=\"row\">\n<div class=\"col-lg-12 col-md-12 col-sm-12 col-xs-12\"><b>Ch\u1ea5t li\u1ec7u:<\/b>\u00a0\u00a0G\u1ed7 + Composite<\/div>\n<\/div>\n<div>\n<p>Phi\u00ean b\u1ea3n Stiga Dynasty Carbon Xu Xin l\u00e0 k\u1ebft qu\u1ea3 c\u1ee7a nhi\u1ec1u n\u0103m ph\u00e1t tri\u1ec3n nh\u1eb1m t\u00ecm ki\u1ebfm m\u1ed9t c\u1ed1t v\u1ee3t carbon v\u1edbi s\u1ef1 c\u00e2n b\u1eb1ng t\u1ed1i \u01b0u gi\u1eefa c\u1ea3m gi\u00e1c g\u1ed7 c\u1ed5 \u0111i\u1ec3n, \u0111\u01b0\u1ee3c g\u1ecdi l\u00e0 \u201cc\u1ea3m gi\u00e1c Stiga\u201d v\u00e0 s\u1ef1 ph\u00e1t tri\u1ec3n c\u1ee7a v\u1ea3i carbon.<\/p>\n<p>Stiga \u0111\u00e3 ph\u00e1t tri\u1ec3n v\u00e0 thi\u1ebft k\u1ebf Dynasty Carbon c\u00f9ng v\u1edbi nh\u00e0 v\u00f4 \u0111\u1ecbch Th\u1ebf gi\u1edbi v\u00e0 Olympic Xu Xin, \u0111\u1ec3 t\u1ea1o ra m\u1ed9t c\u1ed1t v\u1ee3t \u0111\u1eb7c bi\u1ec7t d\u00e0nh cho ng\u01b0\u1eddi ch\u01a1i th\u00f4ng th\u1ea1o t\u1ea5t c\u1ea3 c\u00e1c y\u1ebfu t\u1ed1 c\u1ee7a B\u00f3ng b\u00e0n.<\/p>\n<p>Dynasty Carbon s\u1eed d\u1ee5ng c\u00f4ng ngh\u1ec7 carbon m\u1edbi \u0111\u01b0\u1ee3c ph\u00e1t tri\u1ec3n v\u00e0 \u0111\u01b0\u1ee3c c\u1ea5p b\u1eb1ng s\u00e1ng ch\u1ebf c\u1ee7a Th\u1ee5y \u0110i\u1ec3n, gi\u00fap cho v\u1ea3i carbon \u1ed5n \u0111\u1ecbnh v\u00e0 ch\u1eafc ch\u1eafn \u1edf g\u1ea7n c\u00e1c c\u1ea1nh c\u0169ng nh\u01b0 \u1edf gi\u1eefa m\u00e0 kh\u00f4ng \u1ea3nh h\u01b0\u1edfng \u0111\u1ebfn s\u1ef1 c\u00e2n b\u1eb1ng t\u1ed5ng th\u1ec3 v\u00e0 tr\u1ecdng l\u01b0\u1ee3ng c\u1ee7a c\u1ed1t v\u1ee3t.\u00a0C\u00f4ng ngh\u1ec7 Carbon m\u1edbi n\u00e0y \u0111\u01b0\u1ee3c g\u1ecdi l\u00e0 TeXtreme+.\u00a0TeXtreme+ r\u00fat ra t\u1eeb C\u00f4ng ngh\u1ec7 TeXtreme Spread Tow Carbon ban \u0111\u1ea7u v\u00e0 bao g\u1ed3m m\u1ed9t lo\u1ea1i v\u1ea3i s\u1ee3i carbon si\u00eau m\u1ecfng, ti\u00ean ti\u1ebfn gi\u00fap t\u1ed1i \u0111a h\u00f3a t\u1ef7 l\u1ec7 \u0111\u1ed9 b\u1ec1n tr\u00ean tr\u1ecdng l\u01b0\u1ee3ng.<\/p>\n<p>Dynasty Carbon \u0111\u01b0\u1ee3c ch\u1ebf t\u1ea1o v\u1edbi l\u1edbp veneer d\u00e0y \u1edf gi\u1eefa gi\u00fap t\u0103ng c\u01b0\u1eddng c\u1ea3m gi\u00e1c c\u1ed1t l\u00f5i v\u00e0 s\u1ef1 c\u00e2n b\u1eb1ng t\u1ed5ng th\u1ec3 c\u1ee7a c\u1ed1t v\u1ee3t.\u00a0L\u1edbp v\u1ecf b\u00ean ngo\u00e0i l\u00e0 Koto, \u0111\u01b0\u1ee3c ch\u1ecdn v\u00ec ch\u1ea5t l\u01b0\u1ee3ng v\u00e0 th\u1eddi gian d\u1eebng trong tr\u00f2 ch\u01a1i ng\u1eafn so v\u1edbi c\u00e1c l\u1edbp b\u00ean ngo\u00e0i truy\u1ec1n th\u1ed1ng h\u01a1n.<\/p>\n<p>L\u01b0\u1ee1i ki\u1ebfm n\u00e0y k\u1ebft h\u1ee3p c\u1ea3m \u1ee9ng tuy\u1ec7t v\u1eddi v\u1edbi s\u1ee9c m\u1ea1nh v\u00f4 \u0111\u1ecbch, mang \u0111\u1ebfn cho b\u1ea1n kh\u1ea3 n\u0103ng s\u00e1ng t\u1ea1o, k\u1ef9 thu\u1eadt v\u00e0 m\u1ea1nh m\u1ebd nh\u01b0 Xu Xin.<\/p>\n<p>Phi\u00ean b\u1ea3n Dynasty Carbon Xu Xin c\u00f3 ch\u1eef k\u00fd c\u1ee7a Xu Xin v\u00e0 c\u00f3 m\u1ed9t \u1ed1ng k\u00ednh \u0111\u01b0\u1ee3c thi\u1ebft k\u1ebf \u0111\u1ed9c \u0111\u00e1o b\u1edfi Xu Xin v\u00e0 v\u1ee3 anh, c\u1ef1u tuy\u1ec3n th\u1ee7 \u0110\u1ed9i tuy\u1ec3n Qu\u1ed1c gia Trung Qu\u1ed1c Yao Yan, m\u00f4 t\u1ea3 c\u00e2u chuy\u1ec7n t\u00ecnh y\u00eau c\u1ee7a h\u1ecd.<\/p>\n<\/div>\n","protected":false},"excerpt":{"rendered":"<p>T\u1ed1c \u0111\u1ed9:\u00a0\u00a096 Ki\u1ec3m so\u00e1t:\u00a0\u00a062 Tr\u1ecdng l\u01b0\u1ee3ng l\u01b0\u1ee1i dao:\u00a0\u00a090 Ch\u1ea5t li\u1ec7u:\u00a0\u00a0G\u1ed7 + Composite Phi\u00ean b\u1ea3n Stiga Dynasty Carbon Xu Xin l\u00e0 k\u1ebft qu\u1ea3 c\u1ee7a nhi\u1ec1u n\u0103m ph\u00e1t tri\u1ec3n nh\u1eb1m t\u00ecm ki\u1ebfm m\u1ed9t c\u1ed1t v\u1ee3t carbon v\u1edbi s\u1ef1 c\u00e2n b\u1eb1ng t\u1ed1i \u01b0u gi\u1eefa c\u1ea3m gi\u00e1c g\u1ed7 c\u1ed5 \u0111i\u1ec3n, \u0111\u01b0\u1ee3c g\u1ecdi l\u00e0 \u201cc\u1ea3m gi\u00e1c Stiga\u201d v\u00e0 s\u1ef1 ph\u00e1t [&hellip;]<\/p>\n","protected":false},"featured_media":3735,"comment_status":"open","ping_status":"closed","template":"","meta":{"_eb_attr":""},"product_cat":[77,26],"product_tag":[],"class_list":["post-3734","product","type-product","status-publish","has-post-thumbnail","hentry","product_cat-stiga-cot-vot","product_cat-cot-vot"],"_links":{"self":[{"href":"https:\/\/www.phivutabletennis.com\/index.php\/wp-json\/wp\/v2\/product\/3734","targetHints":{"allow":["GET"]}}],"collection":[{"href":"https:\/\/www.phivutabletennis.com\/index.php\/wp-json\/wp\/v2\/product"}],"about":[{"href":"https:\/\/www.phivutabletennis.com\/index.php\/wp-json\/wp\/v2\/types\/product"}],"replies":[{"embeddable":true,"href":"https:\/\/www.phivutabletennis.com\/index.php\/wp-json\/wp\/v2\/comments?post=3734"}],"wp:featuredmedia":[{"embeddable":true,"href":"https:\/\/www.phivutabletennis.com\/index.php\/wp-json\/wp\/v2\/media\/3735"}],"wp:attachment":[{"href":"https:\/\/www.phivutabletennis.com\/index.php\/wp-json\/wp\/v2\/media?parent=3734"}],"wp:term":[{"taxonomy":"product_cat","embeddable":true,"href":"https:\/\/www.phivutabletennis.com\/index.php\/wp-json\/wp\/v2\/product_cat?post=3734"},{"taxonomy":"product_tag","embeddable":true,"href":"https:\/\/www.phivutabletennis.com\/index.php\/wp-json\/wp\/v2\/product_tag?post=3734"}],"curies":[{"name":"wp","href":"https:\/\/api.w.org\/{rel}","templated":true}]}}