{"id":3817,"date":"2023-07-08T18:07:59","date_gmt":"2023-07-08T11:07:59","guid":{"rendered":"https:\/\/www.phivutabletennis.com\/?post_type=product&#038;p=3817"},"modified":"2023-07-08T18:07:59","modified_gmt":"2023-07-08T11:07:59","slug":"ice-cream-azx","status":"publish","type":"product","link":"https:\/\/www.phivutabletennis.com\/index.php\/product\/ice-cream-azx\/","title":{"rendered":"Ice cream AZX"},"content":{"rendered":"<div class=\"kvgmc6g5 cxmmr5t8 oygrvhab hcukyx3x c1et5uql ii04i59q\">\n<div dir=\"auto\">\n<p><iframe loading=\"lazy\" title=\"XIOM ICECREAM BLADE [JEOUNG YOUNGSIK]\" src=\"https:\/\/www.youtube.com\/embed\/jyfhF0d1OFU?feature=oembed\" width=\"640\" height=\"360\" frameborder=\"0\" allowfullscreen=\"allowfullscreen\" data-mce-fragment=\"1\"><\/iframe><\/p>\n<p><strong>Ice Cream AZX<\/strong>\u00a0 OFF+<\/p>\n<\/div>\n<div dir=\"auto\"><\/div>\n<div dir=\"auto\">C\u1ed0T V\u1ee2T ICE CREAM AZX- Made in KOREA<\/div>\n<\/div>\n<div class=\"o9v6fnle cxmmr5t8 oygrvhab hcukyx3x c1et5uql ii04i59q\">\n<div dir=\"auto\">\u0110\u00e2y l\u00e0 d\u00f2ng c\u1ed1t v\u1ee3t Hybrid \u0111\u1ea7u ti\u00ean tr\u00ean th\u1ebf gi\u1edbi v\u1edbi c\u1ea5u t\u1ea1o \u0111\u1eb7c bi\u1ec7t 2 lo\u1ea1i Carbon \u1edf 2 m\u1eb7t kh\u00e1c nhau.<\/div>\n<div dir=\"auto\">ICE CREAM AZX bao g\u1ed3m 5 l\u1edbp g\u1ed7 KOTO + s\u1ee3i ARYLATE Carbon (ALC) v\u00e0 s\u1ee3i ZEPHYLIUM carbon (ZLC) ( KOTO-ALC-LIMBA-KIRI-LIMBA-ZLC-KOTO)<\/div>\n<div dir=\"auto\">S\u1ee3i ALC mang \u0111\u1ebfn nh\u1eefng \u0111\u00f2n t\u1ea5n c\u00f4ng uy l\u1ef1c v\u00e0 t\u1ed1c \u0111\u1ed9 .<\/div>\n<div dir=\"auto\">S\u1ee3i (ZLC) ph\u00f9 h\u1ee3p cho backhand mang \u0111\u1ebfn s\u1ef1 ki\u1ec3m so\u00e1t tuy\u1ec7t v\u1eddi trong ph\u00f2ng th\u1ee7 v\u00e0 \u0111\u1ed9 xo\u00e1y c\u1ef1c cao .<\/div>\n<\/div>\n","protected":false},"excerpt":{"rendered":"<p>Ice Cream AZX\u00a0 OFF+ C\u1ed0T V\u1ee2T ICE CREAM AZX- Made in KOREA \u0110\u00e2y l\u00e0 d\u00f2ng c\u1ed1t v\u1ee3t Hybrid \u0111\u1ea7u ti\u00ean tr\u00ean th\u1ebf gi\u1edbi v\u1edbi c\u1ea5u t\u1ea1o \u0111\u1eb7c bi\u1ec7t 2 lo\u1ea1i Carbon \u1edf 2 m\u1eb7t kh\u00e1c nhau. ICE CREAM AZX bao g\u1ed3m 5 l\u1edbp g\u1ed7 KOTO + s\u1ee3i ARYLATE Carbon (ALC) v\u00e0 s\u1ee3i ZEPHYLIUM carbon (ZLC) [&hellip;]<\/p>\n","protected":false},"featured_media":3797,"comment_status":"open","ping_status":"closed","template":"","meta":{"_eb_attr":""},"product_cat":[161,26],"product_tag":[],"class_list":["post-3817","product","type-product","status-publish","has-post-thumbnail","hentry","product_cat-xiom-cot-vot","product_cat-cot-vot"],"_links":{"self":[{"href":"https:\/\/www.phivutabletennis.com\/index.php\/wp-json\/wp\/v2\/product\/3817","targetHints":{"allow":["GET"]}}],"collection":[{"href":"https:\/\/www.phivutabletennis.com\/index.php\/wp-json\/wp\/v2\/product"}],"about":[{"href":"https:\/\/www.phivutabletennis.com\/index.php\/wp-json\/wp\/v2\/types\/product"}],"replies":[{"embeddable":true,"href":"https:\/\/www.phivutabletennis.com\/index.php\/wp-json\/wp\/v2\/comments?post=3817"}],"wp:featuredmedia":[{"embeddable":true,"href":"https:\/\/www.phivutabletennis.com\/index.php\/wp-json\/wp\/v2\/media\/3797"}],"wp:attachment":[{"href":"https:\/\/www.phivutabletennis.com\/index.php\/wp-json\/wp\/v2\/media?parent=3817"}],"wp:term":[{"taxonomy":"product_cat","embeddable":true,"href":"https:\/\/www.phivutabletennis.com\/index.php\/wp-json\/wp\/v2\/product_cat?post=3817"},{"taxonomy":"product_tag","embeddable":true,"href":"https:\/\/www.phivutabletennis.com\/index.php\/wp-json\/wp\/v2\/product_tag?post=3817"}],"curies":[{"name":"wp","href":"https:\/\/api.w.org\/{rel}","templated":true}]}}