{"id":3819,"date":"2023-07-08T18:09:57","date_gmt":"2023-07-08T11:09:57","guid":{"rendered":"https:\/\/www.phivutabletennis.com\/?post_type=product&#038;p=3819"},"modified":"2023-07-08T18:09:57","modified_gmt":"2023-07-08T11:09:57","slug":"ice-cream-azx-pro","status":"publish","type":"product","link":"https:\/\/www.phivutabletennis.com\/index.php\/product\/ice-cream-azx-pro\/","title":{"rendered":"Ice Cream Azx Pro"},"content":{"rendered":"<div class=\"kvgmc6g5 cxmmr5t8 oygrvhab hcukyx3x c1et5uql ii04i59q\">\n<div dir=\"auto\"><strong>C\u1ed0T V\u1ee2T ICE CREAM AZX Pro- Made in KOREA<\/strong><\/div>\n<\/div>\n<div class=\"o9v6fnle cxmmr5t8 oygrvhab hcukyx3x c1et5uql ii04i59q\">\n<div dir=\"auto\"><a href=\"https:\/\/www.phivutabletennis.com\/wp-content\/uploads\/2023\/07\/Untitled.png\"><img loading=\"lazy\" decoding=\"async\" class=\"alignnone size-full wp-image-3820\" src=\"https:\/\/www.phivutabletennis.com\/wp-content\/uploads\/2023\/07\/Untitled.png\" alt=\"\" width=\"823\" height=\"607\" srcset=\"https:\/\/www.phivutabletennis.com\/wp-content\/uploads\/2023\/07\/Untitled.png 823w, https:\/\/www.phivutabletennis.com\/wp-content\/uploads\/2023\/07\/Untitled-300x221.png 300w, https:\/\/www.phivutabletennis.com\/wp-content\/uploads\/2023\/07\/Untitled-768x566.png 768w, https:\/\/www.phivutabletennis.com\/wp-content\/uploads\/2023\/07\/Untitled-720x530.png 720w, https:\/\/www.phivutabletennis.com\/wp-content\/uploads\/2023\/07\/Untitled-600x443.png 600w\" sizes=\"auto, (max-width: 823px) 100vw, 823px\" \/><\/a><\/div>\n<div dir=\"auto\">\u0110\u00e2y l\u00e0 d\u00f2ng c\u1ed1t v\u1ee3t Hybrid \u0111\u1ea7u ti\u00ean tr\u00ean th\u1ebf gi\u1edbi v\u1edbi c\u1ea5u t\u1ea1o \u0111\u1eb7c bi\u1ec7t 2 lo\u1ea1i Carbon \u1edf 2 m\u1eb7t kh\u00e1c nhau.<\/div>\n<div dir=\"auto\">ICE CREAM AZX Pro bao g\u1ed3m 5 l\u1edbp g\u1ed7 KOTO + s\u1ee3i ARYLATE Carbon (ALC) v\u00e0 s\u1ee3i ZEPHYLIUM carbon (ZLC) ( KOTO-ALC-LIMBA-KIRI-LIMBA-ZLC-KOTO)<\/div>\n<div dir=\"auto\">S\u1ee3i ALC mang \u0111\u1ebfn nh\u1eefng \u0111\u00f2n t\u1ea5n c\u00f4ng uy l\u1ef1c v\u00e0 t\u1ed1c \u0111\u1ed9 .<\/div>\n<div dir=\"auto\">S\u1ee3i (ZLC) ph\u00f9 h\u1ee3p cho backhand mang \u0111\u1ebfn s\u1ef1 ki\u1ec3m so\u00e1t tuy\u1ec7t v\u1eddi trong ph\u00f2ng th\u1ee7 v\u00e0 \u0111\u1ed9 xo\u00e1y c\u1ef1c cao .<\/div>\n<div dir=\"auto\">C\u0169ng gi\u1ed1ng nh\u01b0 phi\u00ean b\u1ea3n tr\u01b0\u1edbc, nh\u01b0ng phi\u00ean b\u1ea3n Pro c\u00e1c l\u1edbp s\u1ee3i \u0111\u01b0\u1ee3c b\u1ed1 tr\u00ed v\u1edbi m\u1eadt \u0111\u1ed9 t\u0103ng c\u01b0\u1eddng s\u1ee3i s\u01a1 cao c\u1ea5p Zylon,Arylate c\u0169ng nh\u01b0 Carbon gi\u00fap c\u00e1i thi\u1ec7n t\u1ed1c \u0111\u1ed9, \u0111\u1ed9 xo\u00e1y , s\u1ef1 \u0111\u00e0n h\u1ed3i c\u0169ng nh\u01b0 \u1ed5n \u0111\u1ecbnh trong m\u1ed7i pha b\u00f3ng<\/div>\n<\/div>\n","protected":false},"excerpt":{"rendered":"<p>C\u1ed0T V\u1ee2T ICE CREAM AZX Pro- Made in KOREA \u0110\u00e2y l\u00e0 d\u00f2ng c\u1ed1t v\u1ee3t Hybrid \u0111\u1ea7u ti\u00ean tr\u00ean th\u1ebf gi\u1edbi v\u1edbi c\u1ea5u t\u1ea1o \u0111\u1eb7c bi\u1ec7t 2 lo\u1ea1i Carbon \u1edf 2 m\u1eb7t kh\u00e1c nhau. ICE CREAM AZX Pro bao g\u1ed3m 5 l\u1edbp g\u1ed7 KOTO + s\u1ee3i ARYLATE Carbon (ALC) v\u00e0 s\u1ee3i ZEPHYLIUM carbon (ZLC) ( KOTO-ALC-LIMBA-KIRI-LIMBA-ZLC-KOTO) [&hellip;]<\/p>\n","protected":false},"featured_media":3799,"comment_status":"open","ping_status":"closed","template":"","meta":{"_eb_attr":""},"product_cat":[161,26],"product_tag":[],"class_list":["post-3819","product","type-product","status-publish","has-post-thumbnail","hentry","product_cat-xiom-cot-vot","product_cat-cot-vot"],"_links":{"self":[{"href":"https:\/\/www.phivutabletennis.com\/index.php\/wp-json\/wp\/v2\/product\/3819","targetHints":{"allow":["GET"]}}],"collection":[{"href":"https:\/\/www.phivutabletennis.com\/index.php\/wp-json\/wp\/v2\/product"}],"about":[{"href":"https:\/\/www.phivutabletennis.com\/index.php\/wp-json\/wp\/v2\/types\/product"}],"replies":[{"embeddable":true,"href":"https:\/\/www.phivutabletennis.com\/index.php\/wp-json\/wp\/v2\/comments?post=3819"}],"wp:featuredmedia":[{"embeddable":true,"href":"https:\/\/www.phivutabletennis.com\/index.php\/wp-json\/wp\/v2\/media\/3799"}],"wp:attachment":[{"href":"https:\/\/www.phivutabletennis.com\/index.php\/wp-json\/wp\/v2\/media?parent=3819"}],"wp:term":[{"taxonomy":"product_cat","embeddable":true,"href":"https:\/\/www.phivutabletennis.com\/index.php\/wp-json\/wp\/v2\/product_cat?post=3819"},{"taxonomy":"product_tag","embeddable":true,"href":"https:\/\/www.phivutabletennis.com\/index.php\/wp-json\/wp\/v2\/product_tag?post=3819"}],"curies":[{"name":"wp","href":"https:\/\/api.w.org\/{rel}","templated":true}]}}