{"id":389,"date":"2023-04-01T01:28:38","date_gmt":"2023-03-31T18:28:38","guid":{"rendered":"http:\/\/www.phivutabletennis.com\/?post_type=product&#038;p=389"},"modified":"2023-04-02T00:48:03","modified_gmt":"2023-04-01T17:48:03","slug":"andro-hexer-powergrip-sfx","status":"publish","type":"product","link":"https:\/\/www.phivutabletennis.com\/index.php\/product\/andro-hexer-powergrip-sfx\/","title":{"rendered":"Andro Hexer PowerGrip SFX"},"content":{"rendered":"<div id=\"ProductDescriptionSystem_Bx7ALQdc\" class=\"tb_wt tb_wt_product_description_system display-block tb_system_product_description\">\n<div class=\"panel-body tb_product_description tb_text_wrap\">\n<p><b>T\u1ed1c \u0111\u1ed9:<\/b>\u00a092<\/p>\n<p><b>\u0110\u1ed9 xo\u00e1y:<\/b>\u00a092<\/p>\n<p><b>Ki\u1ec3m so\u00e1t:\u00a0<\/b>73<\/p>\n<p><b>\u0110\u1ed9 c\u1ee9ng:<\/b>\u00a0Trung b\u00ecnh<\/p>\n<p><b>\u0110\u1eb7c \u0111i\u1ec3m\u00a0<\/b><\/p>\n<p>L\u1edbp topsheet c\u1ea3i ti\u1ebfn \u0111\u1ec3 ph\u00f9 h\u1ee3p v\u1edbi b\u00f3ng plastic, v\u1edbi 100% cao su t\u1ef1 nhi\u00ean gi\u00fap t\u0103ng t\u1ed1i \u0111a kh\u1ea3 n\u0103ng t\u1ea1o xo\u00e1y v\u00e0 t\u1ea1o v\u00f2ng cung cho b\u00f3ng.<\/p>\n<p>L\u1edbp l\u00f3t 42.5 \u0111\u1ed9, trung b\u00ecnh gi\u00fap l\u01b0u b\u00f3ng t\u1ed1t, gi\u1ea3m r\u1ee7i ro khi \u0111\u00e1nh b\u00f3ng, t\u0103ng ki\u1ec3m so\u00e1t l\u00ean m\u1ee9c t\u1ed1i \u0111a.<\/p>\n<p>H\u1ed9i t\u1ee5 c\u00e1c y\u1ebfu t\u1ed1 \u0110\u1ed8 XO\u00c1Y &#8211; C\u1ea2M GI\u00c1C B\u00d3NG &#8211; \u0110\u1ed8 CHU\u1ea8N X\u00c1C &#8211; KH\u1ea2 N\u0102NG \u0110I\u1ec0U KHI\u1ec2N<\/p>\n<p>L\u1edbp b\u1ecdt kh\u00ed m\u1ecbn k\u1ebft h\u1ee3p v\u1edbi \u0111\u1ed9 b\u00e1m xo\u00e1y t\u1ed1t c\u1ee7a b\u1ec1 m\u1eb7t tr\u00ean, t\u1ea1o n\u00ean m\u1ed9t m\u1eb7t v\u1ee3t c\u00f3 \u0111\u1ed9 xo\u00e1y v\u00e0 ki\u1ec3m xo\u00e1y b\u00f3ng tuy\u1ec7t v\u1eddi<\/p>\n<p>S\u1ea3n ph\u1ea9m ph\u00f9 h\u1ee3p v\u1edbi b\u00f3ng th\u1ebf h\u1ec7 m\u1edbi;<\/p>\n<\/div>\n<\/div>\n<div id=\"ProductTagsSystem_JY1H3g1R\" class=\"tb_wt tb_wt_product_tags_system tb_mt_20 display-block tb_system_product_tags\">\n<div class=\"panel-heading tb_mb_10\"><\/div>\n<\/div>\n","protected":false},"excerpt":{"rendered":"<p>T\u1ed1c \u0111\u1ed9:\u00a092 \u0110\u1ed9 xo\u00e1y:\u00a092 Ki\u1ec3m so\u00e1t:\u00a073 \u0110\u1ed9 c\u1ee9ng:\u00a0Trung b\u00ecnh \u0110\u1eb7c \u0111i\u1ec3m\u00a0 L\u1edbp topsheet c\u1ea3i ti\u1ebfn \u0111\u1ec3 ph\u00f9 h\u1ee3p v\u1edbi b\u00f3ng plastic, v\u1edbi 100% cao su t\u1ef1 nhi\u00ean gi\u00fap t\u0103ng t\u1ed1i \u0111a kh\u1ea3 n\u0103ng t\u1ea1o xo\u00e1y v\u00e0 t\u1ea1o v\u00f2ng cung cho b\u00f3ng. L\u1edbp l\u00f3t 42.5 \u0111\u1ed9, trung b\u00ecnh gi\u00fap l\u01b0u b\u00f3ng t\u1ed1t, gi\u1ea3m r\u1ee7i ro khi [&hellip;]<\/p>\n","protected":false},"featured_media":390,"comment_status":"open","ping_status":"closed","template":"","meta":{"_eb_attr":""},"product_cat":[44,29,39],"product_tag":[],"class_list":["post-389","product","type-product","status-publish","has-post-thumbnail","hentry","product_cat-hexer-mv","product_cat-mat-vot","product_cat-andro"],"_links":{"self":[{"href":"https:\/\/www.phivutabletennis.com\/index.php\/wp-json\/wp\/v2\/product\/389","targetHints":{"allow":["GET"]}}],"collection":[{"href":"https:\/\/www.phivutabletennis.com\/index.php\/wp-json\/wp\/v2\/product"}],"about":[{"href":"https:\/\/www.phivutabletennis.com\/index.php\/wp-json\/wp\/v2\/types\/product"}],"replies":[{"embeddable":true,"href":"https:\/\/www.phivutabletennis.com\/index.php\/wp-json\/wp\/v2\/comments?post=389"}],"wp:featuredmedia":[{"embeddable":true,"href":"https:\/\/www.phivutabletennis.com\/index.php\/wp-json\/wp\/v2\/media\/390"}],"wp:attachment":[{"href":"https:\/\/www.phivutabletennis.com\/index.php\/wp-json\/wp\/v2\/media?parent=389"}],"wp:term":[{"taxonomy":"product_cat","embeddable":true,"href":"https:\/\/www.phivutabletennis.com\/index.php\/wp-json\/wp\/v2\/product_cat?post=389"},{"taxonomy":"product_tag","embeddable":true,"href":"https:\/\/www.phivutabletennis.com\/index.php\/wp-json\/wp\/v2\/product_tag?post=389"}],"curies":[{"name":"wp","href":"https:\/\/api.w.org\/{rel}","templated":true}]}}