{"id":3935,"date":"2023-07-08T18:58:50","date_gmt":"2023-07-08T11:58:50","guid":{"rendered":"https:\/\/www.phivutabletennis.com\/?post_type=product&#038;p=3935"},"modified":"2023-07-08T18:58:50","modified_gmt":"2023-07-08T11:58:50","slug":"khan-xiom-chinh-hang","status":"publish","type":"product","link":"https:\/\/www.phivutabletennis.com\/index.php\/product\/khan-xiom-chinh-hang\/","title":{"rendered":"Kh\u0103n Xiom ch\u00ednh h\u00e3ng"},"content":{"rendered":"","protected":false},"excerpt":{"rendered":"","protected":false},"featured_media":3914,"comment_status":"open","ping_status":"closed","template":"","meta":{"_eb_attr":""},"product_cat":[68,67,164],"product_tag":[],"class_list":["post-3935","product","type-product","status-publish","has-post-thumbnail","hentry","product_cat-khan","product_cat-phu-kien","product_cat-xiom-phu-kien"],"_links":{"self":[{"href":"https:\/\/www.phivutabletennis.com\/index.php\/wp-json\/wp\/v2\/product\/3935","targetHints":{"allow":["GET"]}}],"collection":[{"href":"https:\/\/www.phivutabletennis.com\/index.php\/wp-json\/wp\/v2\/product"}],"about":[{"href":"https:\/\/www.phivutabletennis.com\/index.php\/wp-json\/wp\/v2\/types\/product"}],"replies":[{"embeddable":true,"href":"https:\/\/www.phivutabletennis.com\/index.php\/wp-json\/wp\/v2\/comments?post=3935"}],"wp:featuredmedia":[{"embeddable":true,"href":"https:\/\/www.phivutabletennis.com\/index.php\/wp-json\/wp\/v2\/media\/3914"}],"wp:attachment":[{"href":"https:\/\/www.phivutabletennis.com\/index.php\/wp-json\/wp\/v2\/media?parent=3935"}],"wp:term":[{"taxonomy":"product_cat","embeddable":true,"href":"https:\/\/www.phivutabletennis.com\/index.php\/wp-json\/wp\/v2\/product_cat?post=3935"},{"taxonomy":"product_tag","embeddable":true,"href":"https:\/\/www.phivutabletennis.com\/index.php\/wp-json\/wp\/v2\/product_tag?post=3935"}],"curies":[{"name":"wp","href":"https:\/\/api.w.org\/{rel}","templated":true}]}}