{"id":3953,"date":"2023-07-11T23:08:24","date_gmt":"2023-07-11T16:08:24","guid":{"rendered":"https:\/\/www.phivutabletennis.com\/?post_type=product&#038;p=3953"},"modified":"2023-07-11T23:08:24","modified_gmt":"2023-07-11T16:08:24","slug":"giay-bong-ban-nagado-2023","status":"publish","type":"product","link":"https:\/\/www.phivutabletennis.com\/index.php\/product\/giay-bong-ban-nagado-2023\/","title":{"rendered":"GI\u00c0Y B\u00d3NG B\u00c0N NAGADO 2023"},"content":{"rendered":"<div class=\"title-bl\">\n<h2>M\u00d4 T\u1ea2<\/h2>\n<\/div>\n<div class=\"description-content\">\n<div class=\"description-productdetail\">\n<p><strong>GI\u00c0Y B\u00d3NG B\u00c0N KAMITO NAGADO 2023 \u2013 THAY \u0110\u1ed4I \u0110\u1ec2 B\u1ee8T PH\u00c1\u00a0<\/strong><\/p>\n<p>Sau khi \u0111\u01b0\u1ee3c ra m\u1eaft l\u00e0 s\u1ea3n ph\u1ea7m gi\u00e0y b\u00f3ng b\u00e0n \u0111\u1ea7u ti\u00ean c\u1ee7a Kamito th\u00ec m\u1eabu gi\u00e0y Nagado \u0111\u00e3 g\u00e2y ch\u00fa \u00fd v\u00e0 thu h\u00fat cho m\u00ecnh m\u1ed9t l\u01b0\u1ee3ng fan v\u00f4 c\u00f9ng \u0111\u00f4ng \u0111\u1ea3o. Ch\u00ednh v\u00ec v\u1eady, \u0111\u1ebfn n\u0103m 2023, Kamito \u0111\u00e3 ti\u1ebfp t\u1ee5c cho ra m\u1eaft BST gi\u00e0y b\u00f3ng b\u00e0n Nagado v\u1edbi b\u1ed9 ba phi\u00ean b\u1ea3n m\u00e0u s\u1eafc m\u1edbi n\u1ed5i b\u1eadt h\u01a1n v\u00e0 th\u1eddi trang h\u01a1n r\u1ea5t nhi\u1ec1u.<\/p>\n<p>Kamito Nagado l\u00e0 m\u1eabu gi\u00e0y h\u01b0\u1edbng t\u1edbi ng\u01b0\u1eddi ch\u01a1i phong tr\u00e0o v\u00e0 c\u00f3 m\u1ee9c gi\u00e1 v\u00f4 c\u00f9ng h\u1ee3p l\u00fd tuy nhi\u00ean v\u1eabn \u0111\u1ea3m b\u1ea3o \u0111\u1ea7y \u0111\u1ee7 c\u00e1c y\u1ebfu t\u1ed1 t\u1eeb th\u1ea9m m\u1ef9 cho t\u1edbi \u0111\u1ed9 \u00eam \u00e1i, ph\u00f2ng tr\u00e1nh ch\u1ea5n th\u01b0\u01a1ng cho ng\u01b0\u1eddi ch\u01a1i. \u0110\u1eb7c bi\u1ec7t, form gi\u00e0y \u0111\u01b0\u1ee3c thi\u1ebft k\u1ebf ri\u00eang theo form b\u00e0n ch\u00e2n ng\u01b0\u1eddi ch\u00e2u \u00c1, ph\u00f9 h\u1ee3p v\u1edbi h\u1ea7u h\u1ebft nh\u1eefng ng\u01b0\u1eddi ch\u01a1i t\u1ea1i Vi\u1ec7t Nam.<\/p>\n<p><strong>\u00a0\u01afu \u0110i\u1ec3m N\u1ed5i B\u1eadt:\u00a0<\/strong><\/p>\n<p>\u0110\u1eb7c \u0111i\u1ec3m n\u1ed5i b\u1eadt c\u1ee7a gi\u00e0y b\u00f3ng b\u00e0n Kamito Nagado:<\/p>\n<p>&#8211; Thi\u1ebft k\u1ebf tinh t\u1ebf v\u1edbi nh\u1eefng h\u1ecda ti\u1ebft tr\u1ea3i d\u00e0i theo th\u00e2n gi\u00e0y, mang t\u1edbi t\u1ed5ng th\u1ec3 h\u00ecnh \u1ea3nh \u0111\u01a1n gi\u1ea3n nh\u01b0ng v\u1eabn v\u00f4 c\u00f9ng n\u1ed5i b\u1eadt.<\/p>\n<p>&#8211; B\u1ed9 ba m\u00e0u s\u1eafc v\u1edbi nh\u1eefng \u00fd ngh\u0129a v\u00f4 c\u00f9ng \u0111\u1ed9c \u0111\u00e1o: T\u00edm s\u1ee9c m\u1ea1nh, V\u00e0ng t\u1ef1 tin v\u00e0 Xanh \u1ea5n t\u01b0\u1ee3ng.<\/p>\n<p>&#8211; \u0110\u1eb7c bi\u1ec7t, d\u00f9 l\u00e0 m\u1eabu gi\u00e0y ph\u00e2n kh\u00fac t\u1ea7m trung nh\u01b0ng Nagado v\u1eabn \u0111\u01b0\u1ee3c trang b\u1ecb l\u1edbp \u0111\u1ec7m gi\u1ea3m ch\u1ea5n \u00eam \u00e1i th\u01b0\u1eddng \u0111\u01b0\u1ee3c s\u1eed d\u1ee5ng \u1edf nh\u1eefng m\u1eabu gi\u00e0y cao c\u1ea5p, ph\u00f2ng tr\u00e1nh ch\u1ea5n th\u01b0\u01a1ng v\u00e0 mang t\u1edbi s\u1ef1 y\u00ean t\u00e2m cho ng\u01b0\u1eddi s\u1eed d\u1ee5ng.<\/p>\n<p>&#8211; L\u1edbp \u0111\u1ebf ngo\u00e0i \u0111\u01b0\u1ee3c l\u00e0m t\u1eeb cao su cao c\u1ea5p c\u00f3 \u0111\u1ed9 b\u1ec1n cao v\u00e0 b\u00e1m s\u00e2n hi\u1ec7u qu\u1ea3 v\u1edbi nh\u1eefng g\u1edd n\u1ed5i \u0111\u01b0\u1ee3c b\u1ed1 tr\u00ed khoa h\u1ecdc, ph\u00f9 h\u1ee3p v\u1edbi \u0111\u1eb7c \u0111i\u1ec3m di chuy\u1ec3n c\u1ee7a b\u1ed9 m\u00f4n b\u00f3ng b\u00e0n.<\/p>\n<p>&#8211; Ph\u1ea7n th\u00e2n gi\u00e0y v\u00e0 m\u0169i gi\u00e0y \u0111\u01b0\u1ee3c l\u00e0m v\u1ea3i l\u01b0\u1edbi k\u1ebft h\u1ee3p v\u1edbi l\u1edbp da t\u1ed5ng h\u1ee3p m\u1ec1m m\u1ea1i mang t\u1edbi s\u1ef1 tho\u1ea3i m\u00e1i v\u00e0 kh\u00f4 tho\u00e1ng cho ng\u01b0\u1eddi \u0111i.<\/p>\n<p>V\u1edbi m\u1ee9c gi\u00e1 v\u00f4 c\u00f9ng h\u1ee3p l\u00fd nh\u01b0ng v\u1eabn \u0111\u01b0\u1ee3c \u00e1p d\u1ee5ng nh\u1eefng \u0111\u1eb7c \u0111i\u1ec3m c\u00f4ng ngh\u1ec7 cao c\u1ea5p, Kamito Nagado ch\u1eafc ch\u1eafn s\u1ebd l\u00e0m h\u00e0i l\u00f2ng nh\u1eefng ng\u01b0\u1eddi \u0111i kh\u00f3 t\u00ednh nh\u1ea5t. H\u00e3y tr\u1ea3i nghi\u1ec7m v\u00e0 c\u1ea3m nh\u1eadn c\u00e1c b\u1ea1n nh\u00e9.<br \/>\n<img decoding=\"async\" src=\"https:\/\/file.hstatic.net\/1000341630\/file\/sz_giay_kamito_e8db41f7a82141d2b0280b5f25ad0376.jpg\" \/><\/p>\n<p>&nbsp;<\/p>\n<\/div>\n<\/div>\n","protected":false},"excerpt":{"rendered":"<p>M\u00d4 T\u1ea2 GI\u00c0Y B\u00d3NG B\u00c0N KAMITO NAGADO 2023 \u2013 THAY \u0110\u1ed4I \u0110\u1ec2 B\u1ee8T PH\u00c1\u00a0 Sau khi \u0111\u01b0\u1ee3c ra m\u1eaft l\u00e0 s\u1ea3n ph\u1ea7m gi\u00e0y b\u00f3ng b\u00e0n \u0111\u1ea7u ti\u00ean c\u1ee7a Kamito th\u00ec m\u1eabu gi\u00e0y Nagado \u0111\u00e3 g\u00e2y ch\u00fa \u00fd v\u00e0 thu h\u00fat cho m\u00ecnh m\u1ed9t l\u01b0\u1ee3ng fan v\u00f4 c\u00f9ng \u0111\u00f4ng \u0111\u1ea3o. Ch\u00ednh v\u00ec v\u1eady, \u0111\u1ebfn n\u0103m 2023, [&hellip;]<\/p>\n","protected":false},"featured_media":3962,"comment_status":"open","ping_status":"closed","template":"","meta":{"_eb_attr":""},"product_cat":[59,65],"product_tag":[],"class_list":["post-3953","product","type-product","status-publish","has-post-thumbnail","hentry","product_cat-giay-vo","product_cat-kamito-giay-vo"],"_links":{"self":[{"href":"https:\/\/www.phivutabletennis.com\/index.php\/wp-json\/wp\/v2\/product\/3953","targetHints":{"allow":["GET"]}}],"collection":[{"href":"https:\/\/www.phivutabletennis.com\/index.php\/wp-json\/wp\/v2\/product"}],"about":[{"href":"https:\/\/www.phivutabletennis.com\/index.php\/wp-json\/wp\/v2\/types\/product"}],"replies":[{"embeddable":true,"href":"https:\/\/www.phivutabletennis.com\/index.php\/wp-json\/wp\/v2\/comments?post=3953"}],"wp:featuredmedia":[{"embeddable":true,"href":"https:\/\/www.phivutabletennis.com\/index.php\/wp-json\/wp\/v2\/media\/3962"}],"wp:attachment":[{"href":"https:\/\/www.phivutabletennis.com\/index.php\/wp-json\/wp\/v2\/media?parent=3953"}],"wp:term":[{"taxonomy":"product_cat","embeddable":true,"href":"https:\/\/www.phivutabletennis.com\/index.php\/wp-json\/wp\/v2\/product_cat?post=3953"},{"taxonomy":"product_tag","embeddable":true,"href":"https:\/\/www.phivutabletennis.com\/index.php\/wp-json\/wp\/v2\/product_tag?post=3953"}],"curies":[{"name":"wp","href":"https:\/\/api.w.org\/{rel}","templated":true}]}}