{"id":3966,"date":"2023-07-11T23:38:24","date_gmt":"2023-07-11T16:38:24","guid":{"rendered":"https:\/\/www.phivutabletennis.com\/?post_type=product&#038;p=3966"},"modified":"2023-07-11T23:38:25","modified_gmt":"2023-07-11T16:38:25","slug":"ban-bong-ban-kamito-6825p","status":"publish","type":"product","link":"https:\/\/www.phivutabletennis.com\/index.php\/product\/ban-bong-ban-kamito-6825p\/","title":{"rendered":"B\u00c0N B\u00d3NG B\u00c0N KAMITO 6825P"},"content":{"rendered":"<div class=\"title-bl\">\n<h2>M\u00d4 T\u1ea2<\/h2>\n<\/div>\n<div class=\"description-content\">\n<div class=\"description-productdetail\">\n<h1><strong>B\u00c0N B\u00d3NG B\u00c0N KAMITO KM6825P<\/strong><\/h1>\n<p><strong>1. Gi\u1edbi thi\u1ec7u v\u1ec1 s\u1ea3n ph\u1ea9m:<\/strong><\/p>\n<p>Ba d\u00f2ng s\u1ea3n ph\u1ea9m b\u00e0n b\u00f3ng b\u00e0n \u0111\u1ea7u ti\u00ean c\u1ee7a Kamito \u0111\u00f3 l\u00e0 6815 6818 v\u00e0 6825 ngay t\u1eeb khi xu\u1ea5t hi\u1ec7n \u0111\u00e3 g\u00e2y ti\u1ebfng vang l\u1edbn trong c\u1ed9ng \u0111\u1ed3ng b\u00f3ng b\u00e0n \u0111\u1eb7c bi\u1ec7t l\u00e0 m\u1eabu b\u00e0n cao c\u1ea5p 6825 \u0111\u01b0\u1ee3c s\u1eed d\u1ee5ng \u1edf r\u1ea5t nhi\u1ec1u CLB v\u00e0 c\u00e1c gi\u1ea3i \u0111\u1ea5u uy t\u00edn tr\u00ean To\u00e0n qu\u1ed1c.<\/p>\n<p>V\u1edbi ph\u01b0\u01a1ng ch\u00e2m kh\u00f4ng ng\u1eebng thay \u0111\u1ed5i v\u00e0 ph\u00e1t tri\u1ec3n s\u1ea3n ph\u1ea9m, \u0111\u1ed9i ng\u0169 c\u1ee7a Kamito \u0111\u00e3 nghi\u00ean c\u1ee9u v\u00e0 n\u00e2ng c\u1ea5p b\u00e0n 6825 \u0111\u1ec3 cho ra m\u1eaft m\u1ed9t m\u1eabu b\u00e0n m\u1edbi: B\u00e0n b\u00f3ng b\u00e0n KAMITO 6825P v\u1edbi r\u1ea5t nhi\u1ec1u \u0111i\u1ec3m c\u1ea3i ti\u1ebfn \u0111\u00e1ng ch\u00fa \u00fd:<\/p>\n<p>&#8211; C\u00e1c th\u00f4ng s\u1ed1 k\u0129 thu\u1eadt \u0111\u1ea1t chu\u1ea9n c\u1ee7a m\u1ed9t b\u00e0n thi \u0111\u1ea5u Qu\u1ed1c t\u1ebf.<\/p>\n<p>&#8211; B\u00e0n Kamito 6825P \u0111\u01b0\u1ee3c l\u00e0m t\u1eeb g\u1ed7 MDF cao c\u1ea5p, b\u1ec1n b\u1ec9 theo th\u1eddi gian. M\u1eb7t b\u00e0n \u0111\u01b0\u1ee3c ph\u1ee7 l\u1edbp s\u01a1n ch\u1ed1ng l\u00f3a v\u00e0 tinh ch\u1ec9nh, n\u00e2ng c\u1ea5p gi\u00fap \u0111\u1ed9 n\u1ea3y c\u1ee7a b\u00f3ng lu\u00f4n r\u1ea5t \u0111\u1ec1u v\u00e0 \u1ed5n \u0111\u1ecbnh.<\/p>\n<p><img decoding=\"async\" src=\"https:\/\/file.hstatic.net\/1000341630\/file\/z4451309203770_4b5bb5f9205843e8dd35a6581d0288e6_9453156f0012437aa0de9365178ad1b0.jpg\" \/><\/p>\n<p>&#8211; B\u1ed9 ch\u00e2n \u0111\u1ebf \u0111\u01b0\u1ee3c l\u00e0m t\u1eeb th\u00e9p cao c\u1ea5p ch\u1ecbu l\u1ef1c v\u1edbi k\u00edch th\u01b0\u1edbc 50x50mm v\u00e0 \u0111\u01b0\u1eddng k\u00ednh ch\u00e2n tr\u1ee5 60mm, mang t\u1edbi s\u1ef1 v\u1eefng ch\u1eafc v\u00e0 c\u00e2n b\u1eb1ng cho b\u00e0n.<\/p>\n<p>&#8211; Kamito 6825P c\u00f3 th\u1ec3 g\u1eadp \u0111\u00f4i l\u1ea1i, d\u1ec5 d\u00e0ng di chuy\u1ec3n v\u00e0 ti\u1ebft ki\u1ec7m di\u1ec7n t\u00edch. B\u1ed9 ch\u1ed1t \u0111\u00f4i c\u1ef1c k\u1ef3 an to\u00e0n cho ng\u01b0\u1eddi s\u1eed d\u1ee5ng m\u1ed7i l\u1ea7n g\u1eadp b\u00e0n.<\/p>\n<p>&#8211; B\u00e1nh xe c\u1ee7a b\u00e0n Kamito 6825P c\u00f3 k\u00edch th\u01b0\u1edbc l\u1edbn 100mm mang t\u1edbi s\u1ef1 ch\u1eafc ch\u1eafn, tr\u01a1n tru khi d\u1ecbch chuy\u1ec3n v\u00e0 g\u00f3p ph\u1ea7n gi\u00fap b\u00e0n v\u1eefng ch\u1eafc khi s\u1eed d\u1ee5ng.<\/p>\n<p>V\u1edbi r\u1ea5t nhi\u1ec1u s\u1ef1 n\u00e2ng c\u1ea5p \u0111\u00e1ng ch\u00fa \u00fd v\u00e0 mang nh\u1eefng th\u00f4ng s\u1ed1 k\u0129 thu\u1eadt \u0111\u1ea1t chu\u1ea9n thi \u0111\u1ea5u, Kamito hy v\u1ecdng r\u1eb1ng b\u00e0n b\u00f3ng b\u00e0n Kamito 6825P s\u1ebd mang t\u1edbi nh\u1eefng tr\u1ea3i nghi\u1ec7m \u1ea5n t\u01b0\u1ee3ng cho ng\u01b0\u1eddi ch\u01a1i b\u00f3ng b\u00e0n c\u1ea3 n\u01b0\u1edbc, t\u1eeb c\u00e1c CLB cho t\u1edbi c\u00e1c gi\u1ea3i \u0111\u1ea5u.<\/p>\n<p>&nbsp;<\/p>\n<p><strong>2. Th\u00f4ng s\u1ed1 k\u0129 thu\u1eadt b\u00e0n b\u00f3ng b\u00e0n Kamito 6825P:<\/strong><\/p>\n<p>&#8211; K\u00edch th\u01b0\u1edbc: 2740mm x 1525mm x 760mm<\/p>\n<p>&#8211; Ch\u1ea5t li\u1ec7u MDF cao c\u1ea5p.<\/p>\n<p>&#8211; \u0110\u1ed9 d\u00e0y m\u1eb7t b\u00e0n: 25mm<\/p>\n<p>&#8211; \u0110\u1ed9 d\u00e0y n\u1eb9p b\u00e0n: 50mm.<\/p>\n<p>&#8211; K\u00edch th\u01b0\u1edbc ch\u00e2n b\u00e0n: 50*50mm &amp; \u00d860<\/p>\n<p>&#8211; K\u00edch th\u01b0\u1edbc b\u00e1nh xe: 100mm<\/p>\n<p>&#8211; Tr\u1ecdng l\u01b0\u1ee3ng: 113Kg<\/p>\n<p><strong>3. B\u1ea3o H\u00e0nh:<\/strong><\/p>\n<p>S\u1ea3n ph\u1ea9m \u0111\u01b0\u1ee3c b\u1ea3o h\u00e0nh mi\u1ec5n ph\u00ed 01 n\u0103m cho c\u00e1c l\u1ed7i k\u0129 thu\u1eadt c\u1ee7a nh\u00e0 s\u1ea3n xu\u1ea5t, kh\u00f4ng b\u1ea3o h\u00e0nh do ng\u01b0\u1eddi s\u1eed d\u1ee5ng l\u00e0m h\u1ecfng ho\u1eb7c t\u1ef1 \u00fd can thi\u1ec7p s\u1eeda ch\u1eefa s\u1ea3n ph\u1ea9m.<\/p>\n<p><strong>4. B\u1ea3o qu\u1ea3n:\u00a0<\/strong><\/p>\n<p>Tr\u00e1nh ti\u1ebfp x\u00fac tr\u1ef1c ti\u1ebfp v\u1edbi \u00e1nh n\u1eafng m\u1eb7t tr\u1eddi, l\u1eeda v\u00e0 n\u01a1i \u1ea9m \u01b0\u1edbt.<\/p>\n<p>=========<\/p>\n<p>**** T\u1ea1i sao n\u00ean mua s\u1ea3n ph\u1ea9m t\u1ea1i\u00a0KAMITO:<\/p>\n<p>&#8211; Kamito \u0111em \u0111\u1ebfn nh\u1eefng s\u1ea3n ph\u1ea9m th\u1ec3 thao mang d\u1ea5u \u1ea5n Nh\u1eadt B\u1ea3n.<\/p>\n<p>&#8211; Ch\u1ea5t li\u1ec7u cao c\u1ea5p, s\u1eed d\u1ee5ng c\u00f4ng ngh\u1ec7 m\u1edbi nh\u1ea5t v\u00e0 s\u1ef1 t\u1ec9 m\u1ec9 qua t\u1eebng chi ti\u1ebft.<\/p>\n<p>&#8211; \u0110\u1ebfn v\u1edbi Kamito, b\u1ea1n d\u1ec5 d\u00e0ng c\u00f3 th\u1ec3 t\u00ecm \u0111\u01b0\u1ee3c s\u1ea3n ph\u1ea9m th\u1ec3 thao \u01b0ng \u00fd nh\u1ea5t bao g\u1ed3m: trang ph\u1ee5c, gi\u00e0y, balo, b\u00f3ng,..ho\u00e0n to\u00e0n ph\u00f9 h\u1ee3p v\u1edbi t\u00fai ti\u1ec1n.<\/p>\n<p>#kamito #kamitovn #bongban #bong #ban #banbongban #sport #thethao<\/p>\n<\/div>\n<\/div>\n","protected":false},"excerpt":{"rendered":"<p>M\u00d4 T\u1ea2 B\u00c0N B\u00d3NG B\u00c0N KAMITO KM6825P 1. Gi\u1edbi thi\u1ec7u v\u1ec1 s\u1ea3n ph\u1ea9m: Ba d\u00f2ng s\u1ea3n ph\u1ea9m b\u00e0n b\u00f3ng b\u00e0n \u0111\u1ea7u ti\u00ean c\u1ee7a Kamito \u0111\u00f3 l\u00e0 6815 6818 v\u00e0 6825 ngay t\u1eeb khi xu\u1ea5t hi\u1ec7n \u0111\u00e3 g\u00e2y ti\u1ebfng vang l\u1edbn trong c\u1ed9ng \u0111\u1ed3ng b\u00f3ng b\u00e0n \u0111\u1eb7c bi\u1ec7t l\u00e0 m\u1eabu b\u00e0n cao c\u1ea5p 6825 \u0111\u01b0\u1ee3c s\u1eed [&hellip;]<\/p>\n","protected":false},"featured_media":3967,"comment_status":"open","ping_status":"closed","template":"","meta":{"_eb_attr":""},"product_cat":[165],"product_tag":[],"class_list":["post-3966","product","type-product","status-publish","has-post-thumbnail","hentry","product_cat-ban-bong-ban"],"_links":{"self":[{"href":"https:\/\/www.phivutabletennis.com\/index.php\/wp-json\/wp\/v2\/product\/3966","targetHints":{"allow":["GET"]}}],"collection":[{"href":"https:\/\/www.phivutabletennis.com\/index.php\/wp-json\/wp\/v2\/product"}],"about":[{"href":"https:\/\/www.phivutabletennis.com\/index.php\/wp-json\/wp\/v2\/types\/product"}],"replies":[{"embeddable":true,"href":"https:\/\/www.phivutabletennis.com\/index.php\/wp-json\/wp\/v2\/comments?post=3966"}],"wp:featuredmedia":[{"embeddable":true,"href":"https:\/\/www.phivutabletennis.com\/index.php\/wp-json\/wp\/v2\/media\/3967"}],"wp:attachment":[{"href":"https:\/\/www.phivutabletennis.com\/index.php\/wp-json\/wp\/v2\/media?parent=3966"}],"wp:term":[{"taxonomy":"product_cat","embeddable":true,"href":"https:\/\/www.phivutabletennis.com\/index.php\/wp-json\/wp\/v2\/product_cat?post=3966"},{"taxonomy":"product_tag","embeddable":true,"href":"https:\/\/www.phivutabletennis.com\/index.php\/wp-json\/wp\/v2\/product_tag?post=3966"}],"curies":[{"name":"wp","href":"https:\/\/api.w.org\/{rel}","templated":true}]}}