{"id":3972,"date":"2023-07-11T23:39:59","date_gmt":"2023-07-11T16:39:59","guid":{"rendered":"https:\/\/www.phivutabletennis.com\/?post_type=product&#038;p=3972"},"modified":"2023-07-11T23:39:59","modified_gmt":"2023-07-11T16:39:59","slug":"ban-bong-ban-kamito-km6815","status":"publish","type":"product","link":"https:\/\/www.phivutabletennis.com\/index.php\/product\/ban-bong-ban-kamito-km6815\/","title":{"rendered":"B\u00c0N B\u00d3NG B\u00c0N KAMITO KM6815"},"content":{"rendered":"<div class=\"title-bl\">\n<h2>M\u00d4 T\u1ea2<\/h2>\n<\/div>\n<div class=\"description-content\">\n<div class=\"description-productdetail\">\n<table>\n<tbody>\n<tr>\n<td>\n<h1>B\u00c0N B\u00d3NG B\u00c0N KAMITO KM6815<\/h1>\n<p>K\u00edch th\u01b0\u1edbc: 2740mm x 1525mm x 760mm<br \/>\n&#8211; Ch\u1ea5t li\u1ec7u: MDF cao c\u1ea5p.<br \/>\n&#8211; \u0110\u1ed9 d\u00e0y m\u1eb7t b\u00e0n: 15mm<br \/>\n&#8211; \u0110\u1ed9 d\u00e0y n\u1eb9p b\u00e0n: 30mm.<br \/>\n&#8211; K\u00edch th\u01b0\u1edbc ch\u00e2n b\u00e0n: 30*30mm<br \/>\n&#8211; K\u00edch th\u01b0\u1edbc b\u00e1nh xe: 50mm<br \/>\n&#8211; Tr\u1ecdng l\u01b0\u1ee3ng: 64 kg<\/td>\n<\/tr>\n<\/tbody>\n<\/table>\n<\/div>\n<\/div>\n","protected":false},"excerpt":{"rendered":"<p>M\u00d4 T\u1ea2 B\u00c0N B\u00d3NG B\u00c0N KAMITO KM6815 K\u00edch th\u01b0\u1edbc: 2740mm x 1525mm x 760mm &#8211; Ch\u1ea5t li\u1ec7u: MDF cao c\u1ea5p. &#8211; \u0110\u1ed9 d\u00e0y m\u1eb7t b\u00e0n: 15mm &#8211; \u0110\u1ed9 d\u00e0y n\u1eb9p b\u00e0n: 30mm. &#8211; K\u00edch th\u01b0\u1edbc ch\u00e2n b\u00e0n: 30*30mm &#8211; K\u00edch th\u01b0\u1edbc b\u00e1nh xe: 50mm &#8211; Tr\u1ecdng l\u01b0\u1ee3ng: 64 kg<\/p>\n","protected":false},"featured_media":3974,"comment_status":"open","ping_status":"closed","template":"","meta":{"_eb_attr":""},"product_cat":[165],"product_tag":[],"class_list":["post-3972","product","type-product","status-publish","has-post-thumbnail","hentry","product_cat-ban-bong-ban"],"_links":{"self":[{"href":"https:\/\/www.phivutabletennis.com\/index.php\/wp-json\/wp\/v2\/product\/3972","targetHints":{"allow":["GET"]}}],"collection":[{"href":"https:\/\/www.phivutabletennis.com\/index.php\/wp-json\/wp\/v2\/product"}],"about":[{"href":"https:\/\/www.phivutabletennis.com\/index.php\/wp-json\/wp\/v2\/types\/product"}],"replies":[{"embeddable":true,"href":"https:\/\/www.phivutabletennis.com\/index.php\/wp-json\/wp\/v2\/comments?post=3972"}],"wp:featuredmedia":[{"embeddable":true,"href":"https:\/\/www.phivutabletennis.com\/index.php\/wp-json\/wp\/v2\/media\/3974"}],"wp:attachment":[{"href":"https:\/\/www.phivutabletennis.com\/index.php\/wp-json\/wp\/v2\/media?parent=3972"}],"wp:term":[{"taxonomy":"product_cat","embeddable":true,"href":"https:\/\/www.phivutabletennis.com\/index.php\/wp-json\/wp\/v2\/product_cat?post=3972"},{"taxonomy":"product_tag","embeddable":true,"href":"https:\/\/www.phivutabletennis.com\/index.php\/wp-json\/wp\/v2\/product_tag?post=3972"}],"curies":[{"name":"wp","href":"https:\/\/api.w.org\/{rel}","templated":true}]}}