{"id":3980,"date":"2023-07-11T23:43:24","date_gmt":"2023-07-11T16:43:24","guid":{"rendered":"https:\/\/www.phivutabletennis.com\/?post_type=product&#038;p=3980"},"modified":"2023-07-11T23:43:24","modified_gmt":"2023-07-11T16:43:24","slug":"ban-kamito-km6825","status":"publish","type":"product","link":"https:\/\/www.phivutabletennis.com\/index.php\/product\/ban-kamito-km6825\/","title":{"rendered":"B\u00c0N KAMITO KM6825"},"content":{"rendered":"<div class=\"title-bl\">\n<h2>M\u00d4 T\u1ea2<\/h2>\n<\/div>\n<div class=\"description-content\">\n<div class=\"description-productdetail\">\n<p>B\u00c0N B\u00d3NG B\u00c0N KAMITO KM6825<\/p>\n<p><strong>&#8211; K\u00edch th\u01b0\u1edbc:<\/strong>\u00a02740mm x 1525mm x 760mm<br \/>\n<strong>&#8211; Ch\u1ea5t li\u1ec7u<\/strong>\u00a0MDF cao c\u1ea5p.<br \/>\n<strong>&#8211; \u0110\u1ed9 d\u00e0y m\u1eb7t b\u00e0n<\/strong>: 25mm<br \/>\n<strong>&#8211; \u0110\u1ed9 d\u00e0y n\u1eb9p b\u00e0n:<\/strong>\u00a050mm.<br \/>\n<strong>&#8211; K\u00edch th\u01b0\u1edbc ch\u00e2n b\u00e0n:<\/strong>\u00a050*50mm &amp; \u00d860<br \/>\n<strong>&#8211; K\u00edch th\u01b0\u1edbc b\u00e1nh xe:<\/strong>\u00a0100mm<br \/>\nG. W. 113Kg N. W.117Kg<\/p>\n<\/div>\n<\/div>\n","protected":false},"excerpt":{"rendered":"<p>M\u00d4 T\u1ea2 B\u00c0N B\u00d3NG B\u00c0N KAMITO KM6825 &#8211; K\u00edch th\u01b0\u1edbc:\u00a02740mm x 1525mm x 760mm &#8211; Ch\u1ea5t li\u1ec7u\u00a0MDF cao c\u1ea5p. &#8211; \u0110\u1ed9 d\u00e0y m\u1eb7t b\u00e0n: 25mm &#8211; \u0110\u1ed9 d\u00e0y n\u1eb9p b\u00e0n:\u00a050mm. &#8211; K\u00edch th\u01b0\u1edbc ch\u00e2n b\u00e0n:\u00a050*50mm &amp; \u00d860 &#8211; K\u00edch th\u01b0\u1edbc b\u00e1nh xe:\u00a0100mm G. W. 113Kg N. W.117Kg<\/p>\n","protected":false},"featured_media":3983,"comment_status":"open","ping_status":"closed","template":"","meta":{"_eb_attr":""},"product_cat":[165],"product_tag":[],"class_list":["post-3980","product","type-product","status-publish","has-post-thumbnail","hentry","product_cat-ban-bong-ban"],"_links":{"self":[{"href":"https:\/\/www.phivutabletennis.com\/index.php\/wp-json\/wp\/v2\/product\/3980","targetHints":{"allow":["GET"]}}],"collection":[{"href":"https:\/\/www.phivutabletennis.com\/index.php\/wp-json\/wp\/v2\/product"}],"about":[{"href":"https:\/\/www.phivutabletennis.com\/index.php\/wp-json\/wp\/v2\/types\/product"}],"replies":[{"embeddable":true,"href":"https:\/\/www.phivutabletennis.com\/index.php\/wp-json\/wp\/v2\/comments?post=3980"}],"wp:featuredmedia":[{"embeddable":true,"href":"https:\/\/www.phivutabletennis.com\/index.php\/wp-json\/wp\/v2\/media\/3983"}],"wp:attachment":[{"href":"https:\/\/www.phivutabletennis.com\/index.php\/wp-json\/wp\/v2\/media?parent=3980"}],"wp:term":[{"taxonomy":"product_cat","embeddable":true,"href":"https:\/\/www.phivutabletennis.com\/index.php\/wp-json\/wp\/v2\/product_cat?post=3980"},{"taxonomy":"product_tag","embeddable":true,"href":"https:\/\/www.phivutabletennis.com\/index.php\/wp-json\/wp\/v2\/product_tag?post=3980"}],"curies":[{"name":"wp","href":"https:\/\/api.w.org\/{rel}","templated":true}]}}