{"id":3986,"date":"2023-07-12T00:07:46","date_gmt":"2023-07-11T17:07:46","guid":{"rendered":"https:\/\/www.phivutabletennis.com\/?post_type=product&#038;p=3986"},"modified":"2023-07-24T14:41:24","modified_gmt":"2023-07-24T07:41:24","slug":"wave-drive-9","status":"publish","type":"product","link":"https:\/\/www.phivutabletennis.com\/index.php\/product\/wave-drive-9\/","title":{"rendered":"WAVE DRIVE 9"},"content":{"rendered":"<h1><strong>MIZUNO WAVE DRIVE 9<\/strong><\/h1>\n<div>\n<p>Mizuno Wave Drive 9 l\u00e0 m\u1eabu gi\u00e0y b\u00f3ng b\u00e0n s\u01a1\u0309 h\u01b0\u0303u form gia\u0300y \u0111\u0103\u0323c bi\u00ea\u0323t v\u01b0\u0300a v\u0103\u0323n v\u01a1\u0301i ba\u0300n ch\u00e2n ng\u01b0\u01a1\u0300i Ch\u00e2u A\u0301 no\u0301i chung va\u0300 ng\u01b0\u01a1\u0300i Vi\u00ea\u0323t no\u0301i ri\u00eang, l\u01a1\u0301p \u0111\u00ea\u0323m gia\u0309m ch\u00e2\u0301n c\u01b0\u0323c \u00eam a\u0301i, tro\u0323ng l\u01b0\u01a1\u0323ng nhe\u0323 mang \u0111\u00ea\u0301n hi\u00ea\u0323u su\u00e2\u0301t thi \u0111\u00e2\u0301u cao cho ng\u01b0\u01a1\u0300i du\u0300ng. Mizuno Wave Drive 9 \u0111\u01b0\u1ee3c r\u1ea5t nhi\u1ec1u v\u00e2\u0323n \u0111\u00f4\u0323ng vi\u00ean h\u00e0ng \u0111\u1ea7u Th\u1ebf Gi\u1edbi: Xu Xin (Trung Qu\u1ed1c), Dimitrij Ovtcharov (\u0110\u1ee9c), Jeoung Youngsik (H\u00e0n Qu\u1ed1c), Kasumi Ishikawa (Nh\u1eadt B\u1ea3n), Mima Ito (Nh\u1eadt B\u1ea3n),&#8230; l\u01b0\u0323a cho\u0323n \u0111\u00f4\u0300ng ha\u0300nh tham gia ca\u0301c gi\u1ea3i \u0111\u1ea5u qu\u1ed1c t\u1ebf trong nhi\u1ec1u n\u0103m qua.<\/p>\n<h2><strong>1. \u01afU \u0110I\u00ca\u0309M N\u00d4\u0309I B\u00c2\u0323T\u00a0CU\u0309A MIZUNO WAVE DRIVE 9<\/strong><\/h2>\n<p>Form gia\u0300y Mizuno Wave Drive 9 \u0111\u01b0\u01a1\u0323c ha\u0303ng da\u0300y c\u00f4ng nghi\u00ean c\u01b0\u0301u va\u0300 pha\u0301t tri\u00ea\u0309n \u0111\u00ea\u0309 ph\u00f9 h\u1ee3p ho\u00e0n to\u00e0n v\u1edbi h\u00ecnh d\u00e1ng, k\u00edch th\u01b0\u1edbc b\u00e0n ch\u00e2n cu\u0309a ng\u01b0\u1eddi Ch\u00e2u \u00c1, \u0111\u1eb7c bi\u1ec7t l\u00e0 ng\u01b0\u1eddi Vi\u1ec7t.<\/p>\n<p>L\u01a1\u0301p \u0111\u00ea\u0323m gia\u0309m ch\u00e2\u0301n \u00eam a\u0301i d\u01b0\u01a1\u0301i lo\u0300ng ba\u0300n ch\u00e2n co\u0301 kha\u0309 n\u0103ng h\u00e2\u0301p thu\u0323 va\u0300 ph\u00e2n ta\u0301n l\u01b0\u0323c qua l\u01a1\u0301p \u0111\u00ea\u0323m giu\u0301p gia\u0309m thi\u00ea\u0309u pha\u0309n l\u01b0\u0323c t\u01b0\u0300 m\u0103\u0323t s\u00e2n ta\u0301c \u0111\u00f4\u0323ng l\u00ean ba\u0300n ch\u00e2n, mang \u0111\u00ea\u0301n s\u01b0\u0323 thoa\u0309i ma\u0301i \u0111\u00ea\u0309 ng\u01b0\u01a1\u0300i ch\u01a1i d\u00f4\u0300n s\u01b0\u0323 t\u00e2\u0323p trung va\u0300o thi \u0111\u00e2\u0301u.<\/p>\n<p>Upper da m\u1ec1m m\u1ea1i c\u00f3 kh\u1ea3 n\u0103ng co gi\u00e3n, \u0111i\u1ec1u ch\u1ec9nh theo h\u00ecnh d\u1ea1ng va\u0300 k\u00edch th\u01b0\u1edbc c\u1ee7a ch\u00e2n, \u0111em la\u0323i c\u1ea3m gi\u00e1c \u00eam \u00e1i v\u00e0 d\u1ec5 ch\u1ecbu cho b\u1ea1n.<\/p>\n<h2><strong>2. 4 C\u00d4NG NGH\u00ca\u0323 \u0110\u01af\u01a0\u0323C A\u0301P DU\u0323NG TR\u00caN MIZUNO WAVE DRIVE 9<\/strong><\/h2>\n<\/div>\n<div>\n<p>&#8211; AP+ (Advanced Plus): L\u1edbp \u0111\u1ec7m AP+ \u00eam a\u0301i \u0111\u01b0\u01a1\u0323c \u0111\u0103\u0323t \u01a1\u0309 \u0111\u00ea\u0301 gia\u0300y Mizuno Wave Drive 9 c\u00f3 kh\u1ea3 n\u0103ng h\u1ea5p th\u1ee5 v\u00e0 ph\u00e2n t\u00e1n l\u1ef1c t\u00e1c \u0111\u1ed9ng gi\u00fap gi\u1ea3m thi\u1ec3u \u00e1p l\u1ef1c l\u00ean x\u01b0\u01a1ng va\u0300 c\u00e1c kh\u1edbp ch\u00e2n mang \u0111\u00ea\u0301n s\u01b0\u0323 thoa\u0309i ma\u0301i \u0111\u00ea\u0309 b\u1ea1n t\u1eadp trung thi \u0111\u00e2\u0301u va\u0300 th\u1ef1c hi\u1ec7n ca\u0301c pha t\u00e2\u0301n c\u00f4ng ma\u0303n nha\u0303n.<\/p>\n<p>&#8211; Mizuno Wave: C\u00f4ng ngh\u1ec7 \u0111\u00f4\u0323c quy\u00ea\u0300n v\u01a1\u0301i l\u1edbp \u0111\u1ebf \u0111\u01b0\u01a1\u0323c thi\u00ea\u0301t k\u00ea\u0301 da\u0323ng so\u0301ng k\u00ea\u0301t h\u01a1\u0323p cu\u0300ng AP+ gi\u00fap d\u00e0n tr\u1ea3i l\u1ef1c ra to\u00e0n \u0111\u00f4i gi\u00e0y khi gia\u0300y ti\u00ea\u0301p xu\u0301c v\u01a1\u0301i m\u0103\u0323t s\u00e2n \u0111\u1ed3ng th\u1eddi t\u1ea1o s\u1ef1 \u1ed5n \u0111\u1ecbnh, \u00eam a\u0301i cho ba\u0300n ch\u00e2n cu\u0309a ba\u0323n va\u0300 ph\u00f2ng tr\u00e1nh nh\u1eefng ch\u1ea5n th\u01b0\u01a1ng kh\u00f4ng \u0111\u00e1ng c\u00f3.<\/p>\n<p>&#8211; SR Touch: C\u00f4ng ngh\u00ea\u0323 cung c\u00e2\u0301p ch\u00e2\u0301t li\u00ea\u0323u \u0111\u0103\u0323c bi\u00ea\u0323t trong l\u01a1\u0301p \u0111\u00ea\u0323m gi\u01b0\u0303a cu\u0309a gia\u0300y v\u01a1\u0301i \u0111\u00f4\u0323 \u0111a\u0300n h\u00f4\u0300i cao. Ti\u0301ch h\u01a1\u0323p cu\u0300ng AP+ va\u0300 Mizuno Wave, c\u00f4ng ngh\u00ea\u0323 na\u0300y giu\u0301p gia\u0300y h\u00e2\u0301p th\u1ee5 l\u1ef1c hi\u1ec7u qu\u1ea3 va\u0300 gia\u0309m l\u01b0\u0323c ta\u0301c \u0111\u00f4\u0323ng l\u00ean c\u01a1 v\u00e0 kh\u1edbp ch\u00e2n, h\u1ed7 tr\u1ee3 t\u1ed1i \u0111a cho c\u00e1c pha di chuy\u1ec3n kh\u00f3 cu\u0309a v\u00e2\u0323n \u0111\u00f4\u0323ng vi\u00ean.<\/p>\n<p>&#8211; XG Rubber: \u0110\u00ea\u0301 gia\u0300y \u0111\u01b0\u01a1\u0323c s\u01b0\u0309 du\u0323ng ch\u00e2\u0301t li\u00ea\u0323u cao su XG v\u01a1\u0301i thi\u00ea\u0301t k\u00ea\u0301 ca\u0301c \u0111\u01b0\u01a1\u0300ng ra\u0303nh hi\u0300nh x\u01b0\u01a1ng ca\u0301 giu\u0301p ch\u00f4\u0301ng tr\u01a1n tr\u01b0\u01a1\u0323t, ba\u0301m s\u00e2n c\u01b0\u0323c t\u00f4\u0301t.<\/p>\n<p>Mizuno Wave Drive 9 l\u00e0 m\u1eabu gi\u00e0y thi \u0111\u1ea5u b\u00f3ng b\u00e0n \u0111\u01b0\u1ee3c \u00e1p d\u1ee5ng nhi\u1ec1u c\u00f4ng ngh\u1ec7 hi\u1ec7n \u0111\u1ea1i. Mizuno Wave Drive 9 s\u01a1\u0309 h\u01b0\u0303u tr\u1ecdng l\u01b0\u1ee3ng nh\u1eb9, \u0111\u1ed9 b\u1ec1n cao v\u00e0 \u0111\u01b0\u1ee3c tin d\u00f9ng b\u1edfi c\u00e1c v\u1eadn \u0111\u1ed9ng vi\u00ean chuy\u00ean nghi\u1ec7p tr\u00ean toa\u0300n th\u00ea\u0301 gi\u01a1\u0301i. M\u00e2\u0303u gia\u0300y mang \u0111\u1ebfn cho ng\u01b0\u1eddi ch\u01a1i nh\u1eefng tr\u1ea3i nghi\u1ec7m \u1ea5n t\u01b0\u1ee3ng v\u00e0 hi\u1ec7u su\u1ea5t thi \u0111\u1ea5u cao.<\/p>\n<h2><strong>3. TH\u00d4NG TIN SA\u0309N PH\u00c2\u0309M\u00a0<\/strong><\/h2>\n<p>&#8211; T\u00ean s\u1ea3n ph\u1ea9m: Gia\u0300y bo\u0301ng ba\u0300n Mizuno Wave Drive 9.<\/p>\n<p>&#8211; Th\u01b0\u01a1ng hi\u1ec7u: Mizuno.<\/p>\n<p>&#8211; Xu\u1ea5t x\u1ee9: Nh\u1eadt B\u1ea3n.<\/p>\n<h2><strong>4. CHI\u0301NH SA\u0301CH BA\u0309O HA\u0300NH MIZUNO WAVE DRIVE 9<\/strong><\/h2>\n<p>&#8211; Ba\u0309o ha\u0300nh 90 nga\u0300y.<\/p>\n<h3><strong>5. GI\u1edaI THI\u1ec6U V\u1ec0 MIZUNO<\/strong><\/h3>\n<p>Mizuno l\u00e0 th\u01b0\u01a1ng hi\u1ec7u th\u1ec3 thao n\u1ed5i ti\u1ebfng to\u00e0n c\u1ea7u, l\u00e2u \u0111\u1eddi c\u1ee7a Nh\u1eadt B\u1ea3n v\u1edbi l\u1ecbch s\u1eed h\u00ecnh th\u00e0nh v\u00e0 ph\u00e1t tri\u1ec3n h\u01a1n 100 n\u0103m (1906 &#8211; nay).<\/p>\n<p>Hi\u1ec7n nay, Mizuno s\u1ea3n xu\u1ea5t v\u00e0 cung c\u1ea5p c\u00e1c d\u1ee5ng c\u1ee5 th\u1ec3 thao trong c\u00e1c b\u1ed9 m\u00f4n: c\u1ea7u l\u00f4ng, b\u00f3ng \u0111\u00e1, tennis,&#8230; c\u00f9ng nhi\u1ec1u ph\u1ee5 ki\u1ec7n, \u0111\u1ed3 th\u1ec3 thao kh\u00e1c.<\/p>\n<p>Th\u01b0\u01a1ng hi\u1ec7u Mizuno kh\u00f4ng ch\u1ec9 th\u1ed1ng l\u0129nh th\u1ecb tr\u01b0\u1eddng Nh\u1eadt B\u1ea3n m\u00e0 c\u00f2n \u0111\u01b0\u1ee3c \u01b0a chu\u1ed9ng t\u1ea1i c\u00e1c qu\u1ed1c gia nh\u01b0: Nh\u1eadt, M\u1ef9, Ph\u00e1p, \u0110\u1ee9c, \u00dd,&#8230; T\u1ea1i Vi\u1ec7t Nam, Mizuno \u0111\u01b0\u1ee3c c\u00e1c v\u1eadn \u0111\u1ed9ng vi\u00ean th\u1ec3 thao n\u1ed5i ti\u1ebfng tin d\u00f9ng nh\u01b0: Nghi\u00eam Xu\u00e2n T\u00fa, H\u00e0 \u0110\u1ee9c Chinh, D\u01b0\u01a1ng T\u00f9ng L\u00e2m, Nguy\u1ec5n Linh Chi, L\u00ea Thanh Th\u00fay&#8230;<\/p>\n<\/div>\n","protected":false},"excerpt":{"rendered":"<p>MIZUNO WAVE DRIVE 9 Mizuno Wave Drive 9 l\u00e0 m\u1eabu gi\u00e0y b\u00f3ng b\u00e0n s\u01a1\u0309 h\u01b0\u0303u form gia\u0300y \u0111\u0103\u0323c bi\u00ea\u0323t v\u01b0\u0300a v\u0103\u0323n v\u01a1\u0301i ba\u0300n ch\u00e2n ng\u01b0\u01a1\u0300i Ch\u00e2u A\u0301 no\u0301i chung va\u0300 ng\u01b0\u01a1\u0300i Vi\u00ea\u0323t no\u0301i ri\u00eang, l\u01a1\u0301p \u0111\u00ea\u0323m gia\u0309m ch\u00e2\u0301n c\u01b0\u0323c \u00eam a\u0301i, tro\u0323ng l\u01b0\u01a1\u0323ng nhe\u0323 mang \u0111\u00ea\u0301n hi\u00ea\u0323u su\u00e2\u0301t thi \u0111\u00e2\u0301u cao cho ng\u01b0\u01a1\u0300i du\u0300ng. Mizuno [&hellip;]<\/p>\n","protected":false},"featured_media":4244,"comment_status":"open","ping_status":"closed","template":"","meta":{"_eb_attr":""},"product_cat":[59,62],"product_tag":[],"class_list":["post-3986","product","type-product","status-publish","has-post-thumbnail","hentry","product_cat-giay-vo","product_cat-mizuno-giay"],"_links":{"self":[{"href":"https:\/\/www.phivutabletennis.com\/index.php\/wp-json\/wp\/v2\/product\/3986","targetHints":{"allow":["GET"]}}],"collection":[{"href":"https:\/\/www.phivutabletennis.com\/index.php\/wp-json\/wp\/v2\/product"}],"about":[{"href":"https:\/\/www.phivutabletennis.com\/index.php\/wp-json\/wp\/v2\/types\/product"}],"replies":[{"embeddable":true,"href":"https:\/\/www.phivutabletennis.com\/index.php\/wp-json\/wp\/v2\/comments?post=3986"}],"wp:featuredmedia":[{"embeddable":true,"href":"https:\/\/www.phivutabletennis.com\/index.php\/wp-json\/wp\/v2\/media\/4244"}],"wp:attachment":[{"href":"https:\/\/www.phivutabletennis.com\/index.php\/wp-json\/wp\/v2\/media?parent=3986"}],"wp:term":[{"taxonomy":"product_cat","embeddable":true,"href":"https:\/\/www.phivutabletennis.com\/index.php\/wp-json\/wp\/v2\/product_cat?post=3986"},{"taxonomy":"product_tag","embeddable":true,"href":"https:\/\/www.phivutabletennis.com\/index.php\/wp-json\/wp\/v2\/product_tag?post=3986"}],"curies":[{"name":"wp","href":"https:\/\/api.w.org\/{rel}","templated":true}]}}