{"id":3989,"date":"2023-07-12T00:10:34","date_gmt":"2023-07-11T17:10:34","guid":{"rendered":"https:\/\/www.phivutabletennis.com\/?post_type=product&#038;p=3989"},"modified":"2023-07-20T23:11:50","modified_gmt":"2023-07-20T16:11:50","slug":"wave-kaiserburg-7","status":"publish","type":"product","link":"https:\/\/www.phivutabletennis.com\/index.php\/product\/wave-kaiserburg-7\/","title":{"rendered":"WAVE KAISERBURG 7"},"content":{"rendered":"<h1><strong>MIZUNO WAVE KAISERBURG 7<\/strong><\/h1>\n<p>Mizuno Wave Kaiserburg la\u0300 do\u0300ng gia\u0300y thi \u0111\u00e2\u0301u bo\u0301ng ba\u0300n \u0111\u01b0\u1ee3c ca\u0301c v\u00e2\u0323n \u0111\u00f4\u0323ng vi\u00ean n\u00f4\u0309i ti\u00ea\u0301ng toa\u0300n th\u00ea\u0301 gi\u01a1\u0301i tin d\u00f9ng: Timo Boll (\u0110\u1ee9c), Ai Fukuhara (Nh\u1eadt B\u1ea3n),&#8230;<\/p>\n<p>V\u01a1\u0301i ph\u01b0\u01a1ng ch\u00e2m: \u201cKh\u00f4ng bao gi\u01a1\u0300 d\u01b0\u0300ng la\u0323i\u201d, Mizuno cho ra m\u0103\u0301t m\u00e2\u0303u gia\u0300y Wave Kaiserburg 7 v\u01a1\u0301i thi\u00ea\u0301t k\u00ea\u0301 form gia\u0300y c\u01b0\u0323c ky\u0300 v\u01b0\u0300a v\u0103\u0323n, l\u01a1\u0301p \u0111\u00ea\u0323m gia\u0309m ch\u00e2\u0301n cu\u0300ng ca\u0301c c\u00f4ng ngh\u00ea\u0323 v\u01b0\u01a1\u0323t tr\u00f4\u0323i mang \u0111\u00ea\u0301n tra\u0309i nghi\u00ea\u0323m tuy\u00ea\u0323t v\u01a1\u0300i cho ng\u01b0\u01a1\u0300i s\u01b0\u0309 du\u0323ng.<\/p>\n<h2><strong>1. \u01afU \u0110I\u00ca\u0309M N\u00d4\u0309I B\u00c2\u0323T CU\u0309A MIZUNO WAVE KAISERBURG 7<\/strong><\/h2>\n<p>Form gia\u0300y Mizuno Wave Kaiserburg 7 \u0111\u01b0\u01a1\u0323c ha\u0303ng da\u0300y c\u00f4ng nghi\u00ean c\u01b0\u0301u va\u0300 pha\u0301t tri\u00ea\u0309n \u0111\u00ea\u0309 ph\u00f9 h\u1ee3p ho\u00e0n to\u00e0n v\u1edbi h\u00ecnh d\u00e1ng, k\u00edch th\u01b0\u1edbc b\u00e0n ch\u00e2n cu\u0309a ng\u01b0\u1eddi Ch\u00e2u \u00c1, \u0111\u1eb7c bi\u1ec7t l\u00e0 ng\u01b0\u1eddi Vi\u1ec7t.<\/p>\n<p>L\u01a1\u0301p \u0111\u00ea\u0323m gia\u0309m ch\u00e2\u0301n \u00eam a\u0301i d\u01b0\u01a1\u0301i lo\u0300ng ba\u0300n ch\u00e2n co\u0301 kha\u0309 n\u0103ng h\u00e2\u0301p thu\u0323 va\u0300 ph\u00e2n ta\u0301n l\u01b0\u0323c qua l\u01a1\u0301p \u0111\u00ea\u0323m giu\u0301p gia\u0309m thi\u00ea\u0309u pha\u0309n l\u01b0\u0323c t\u01b0\u0300 m\u0103\u0323t s\u00e2n ta\u0301c \u0111\u00f4\u0323ng l\u00ean ba\u0300n ch\u00e2n, mang \u0111\u00ea\u0301n s\u01b0\u0323 thoa\u0309i ma\u0301i \u0111\u00ea\u0309 ng\u01b0\u01a1\u0300i ch\u01a1i d\u00f4\u0300n s\u01b0\u0323 t\u00e2\u0323p trung va\u0300o thi \u0111\u00e2\u0301u.<\/p>\n<p>Upper m\u1ec1m m\u1ea1i c\u00f9ng l\u1edbp v\u1ea3i l\u01b0\u1edbi th\u00f4ng thoa\u0301ng gi\u00fap tho\u00e1t h\u01a1i nhanh ch\u00f3ng v\u00e0 gi\u1eef cho ch\u00e2n ba\u0323n lu\u00f4n kh\u00f4 r\u00e1o, tho\u1ea3i m\u00e1i trong qu\u00e1 tr\u00ecnh thi \u0111\u1ea5u.<\/p>\n<p>B\u00ean c\u1ea1nh \u0111\u00f3, Mizuno Wave Kaiserburg 7 co\u0301 tro\u0323ng l\u01b0\u01a1\u0323ng nhe\u0323 giu\u0301p ng\u01b0\u01a1\u0300i ch\u01a1i d\u00ea\u0303 da\u0300ng th\u01b0\u0323c hi\u00ea\u0323n ca\u0301c \u0111\u00f4\u0323ng ta\u0301c pha\u0309n \u01b0\u0301ng linh hoa\u0323t v\u01a1\u0301i ca\u0301c ti\u0300nh hu\u00f4\u0301ng b\u00e2\u0301t ng\u01a1\u0300 trong tr\u00e2\u0323n \u0111\u00e2\u0301u.<\/p>\n<h2><strong>2. CA\u0301C C\u00d4NG NGH\u00ca\u0323 \u0110\u01af\u01a0\u0323C A\u0301P DU\u0323NG TR\u00caN MIZUNO WAVE KAISERBURG 7<\/strong><\/h2>\n<p>&#8211; Mizuno Wave: C\u00f4ng ngh\u1ec7 \u0111\u00f4\u0323c quy\u00ea\u0300n v\u01a1\u0301i l\u1edbp \u0111\u1ebf \u0111\u01b0\u01a1\u0323c thi\u00ea\u0301t k\u00ea\u0301 da\u0323ng so\u0301ng gi\u00fap d\u00e0n tr\u1ea3i l\u1ef1c ra to\u00e0n \u0111\u00f4i gi\u00e0y khi gia\u0300y ti\u00ea\u0301p xu\u0301c v\u01a1\u0301i m\u0103\u0323t s\u00e2n \u0111\u1ed3ng th\u1eddi t\u1ea1o s\u1ef1 \u1ed5n \u0111\u1ecbnh, \u00eam a\u0301i cho ba\u0300n ch\u00e2n cu\u0309a ba\u0323n va\u0300 gia\u0309m nh\u1eefng ch\u1ea5n th\u01b0\u01a1ng kh\u00f4ng \u0111\u00e1ng c\u00f3.<\/p>\n<p>&#8211; EVA (Ethylene Vinyl Acetate): L\u01a1\u0301p \u0111\u00ea\u0301 gi\u01b0\u0303a \u0111\u01b0\u01a1\u0323c s\u01b0\u0309 du\u0323ng v\u00e2\u0323t li\u00ea\u0323u EVA cao c\u00e2\u0301p &#8211; \u0110\u00e2y la\u0300 loa\u0323i nh\u01b0\u0323a \u0111\u01b0\u01a1\u0323c sinh ra trong m\u00f4i tr\u01b0\u1eddng \u00e1p su\u1ea5t cao t\u01b0\u0300 s\u1ef1 k\u1ebft h\u1ee3p gi\u01b0\u0303a Ethylene v\u00e0 Acetate ta\u0323o th\u00e0nh m\u1ed9t c\u1ea5u tr\u00fac m\u1ea1ng l\u01b0\u01a1\u0301i ph\u00e2n t\u01b0\u0309 h\u00ecnh thoi giu\u0301p t\u0103ng \u0111\u00f4\u0323 b\u00ea\u0300n bi\u0309, ch\u00f4\u0301ng tr\u01a1n tr\u01b0\u01a1\u0323t. Trong qua\u0301 tri\u0300nh ng\u01b0\u01a1\u0300i ch\u01a1i di chuy\u00ea\u0309n nhanh cho\u0301ng va\u0300 thay \u0111\u00f4\u0309i h\u01b0\u01a1\u0301ng chuy\u00ea\u0309n \u0111\u00f4\u0323ng li\u00ean tu\u0323c, c\u00f4ng ngh\u00ea\u0323 EVA tr\u00ean \u0111\u00ea\u0301 gi\u01b0\u0303a pha\u0301t huy t\u00f4\u0301i \u0111a c\u00f4ng du\u0323ng ch\u00f4\u0301ng s\u00f4\u0301c, h\u00e2\u0301p thu\u0323 va\u0300 ph\u00e2n ta\u0301n l\u01b0\u0323c ta\u0301c \u0111\u00f4\u0323ng, giu\u0301p gia\u0309m l\u01b0\u0323c ch\u00e2\u0301n l\u00ean x\u01b0\u01a1ng ba\u0300n ch\u00e2n, t\u0103ng \u0111\u00f4\u0323 \u00eam a\u0301i va\u0300 h\u00f4\u0303 tr\u01a1\u0323 nh\u01b0\u0303ng \u0111\u00f4\u0323ng ta\u0301c xoay, ph\u1ea3n c\u00f4ng m\u1ed9t c\u00e1ch linh ho\u1ea1t.<\/p>\n<p>&#8211; \u0110\u00ea\u0301 Non-marking: \u0110\u1ebf gi\u00e0y \u0111\u01b0\u01a1\u0323c la\u0300m t\u01b0\u0300 ch\u00e2\u0301t li\u00ea\u0323u cao su \u0111\u0103\u0323c bi\u00ea\u0323t cu\u0300ng thi\u00ea\u0301t k\u00ea\u0301 ra\u0303nh \u0111\u00ea\u0301 pha\u0301t huy t\u00f4\u0301i \u0111a kha\u0309 n\u0103ng ma sa\u0301t cao khi gia\u0300y ti\u00ea\u0301p xu\u0301c v\u01a1\u0301i m\u0103\u0323t s\u00e2n giu\u0301p ch\u00f4\u0301ng tr\u01a1n tr\u01b0\u01a1\u0323t, ha\u0323n ch\u00ea\u0301 vi\u00ea\u0323c t\u1ea1o d\u1ea5u v\u1ebft hay g\u00e2y tr\u1ea7y x\u01b0\u1edbc tr\u00ean b\u1ec1 m\u1eb7t sa\u0300n.<\/p>\n<p>V\u1edbi s\u1ef1 k\u1ebft h\u1ee3p gi\u1eefa ca\u0301c c\u00f4ng ngh\u1ec7 hi\u00ea\u0323n \u0111a\u0323i, upper m\u00ea\u0300m ma\u0323i thoa\u0301ng khi\u0301, Mizuno Wave Kaiserburg 7 la\u0300 m\u00f4\u0323t trong nh\u01b0\u0303ng s\u01b0\u0323 l\u01b0\u0323a cho\u0323n mang \u0111\u00ea\u0301n tra\u0309i nghi\u00ea\u0323m \u00e2\u0301n t\u01b0\u01a1\u0323ng va\u0300 hi\u00ea\u0323u su\u00e2\u0301t thi \u0111\u00e2\u0301u cho ng\u01b0\u01a1\u0300i du\u0300ng.<\/p>\n<h2><strong>3. TH\u00d4NG TIN SA\u0309N PH\u00c2\u0309M<\/strong><\/h2>\n<p>&#8211; T\u00ean s\u1ea3n ph\u1ea9m: Gia\u0300y bo\u0301ng ba\u0300n Mizuno Wave Kaiserburg 7.<br \/>\n&#8211; Th\u01b0\u01a1ng hi\u1ec7u: Mizuno.<br \/>\n&#8211; Xu\u1ea5t x\u1ee9: Nh\u1eadt B\u1ea3n.<\/p>\n<h2><strong>4. CHI\u0301NH SA\u0301CH BA\u0309O HA\u0300NH MIZUNO WAVE KAISERBURG 7<\/strong><\/h2>\n<p>&#8211; Ba\u0309o ha\u0300nh 90 nga\u0300y.<\/p>\n<h3><strong>5. GI\u1edaI THI\u1ec6U V\u1ec0 MIZUNO<\/strong><\/h3>\n<p>Mizuno l\u00e0 th\u01b0\u01a1ng hi\u1ec7u th\u1ec3 thao n\u1ed5i ti\u1ebfng to\u00e0n c\u1ea7u, l\u00e2u \u0111\u1eddi c\u1ee7a Nh\u1eadt B\u1ea3n v\u1edbi l\u1ecbch s\u1eed h\u00ecnh th\u00e0nh v\u00e0 ph\u00e1t tri\u1ec3n h\u01a1n 100 n\u0103m (1906 &#8211; nay).<\/p>\n<p>Hi\u1ec7n nay, Mizuno s\u1ea3n xu\u1ea5t v\u00e0 cung c\u1ea5p c\u00e1c d\u1ee5ng c\u1ee5 th\u1ec3 thao trong c\u00e1c b\u1ed9 m\u00f4n: c\u1ea7u l\u00f4ng, b\u00f3ng \u0111\u00e1, tennis,&#8230; c\u00f9ng nhi\u1ec1u ph\u1ee5 ki\u1ec7n, \u0111\u1ed3 th\u1ec3 thao kh\u00e1c.<\/p>\n<p>Th\u01b0\u01a1ng hi\u1ec7u Mizuno kh\u00f4ng ch\u1ec9 th\u1ed1ng l\u0129nh th\u1ecb tr\u01b0\u1eddng Nh\u1eadt B\u1ea3n m\u00e0 c\u00f2n \u0111\u01b0\u1ee3c \u01b0a chu\u1ed9ng t\u1ea1i c\u00e1c qu\u1ed1c gia nh\u01b0: Nh\u1eadt, M\u1ef9, Ph\u00e1p, \u0110\u1ee9c, \u00dd,&#8230; T\u1ea1i Vi\u1ec7t Nam, Mizuno \u0111\u01b0\u1ee3c c\u00e1c v\u1eadn \u0111\u1ed9ng vi\u00ean th\u1ec3 thao n\u1ed5i ti\u1ebfng tin d\u00f9ng nh\u01b0: Nghi\u00eam Xu\u00e2n T\u00fa, H\u00e0 \u0110\u1ee9c Chinh, D\u01b0\u01a1ng T\u00f9ng L\u00e2m, Nguy\u1ec5n Linh Chi, L\u00ea Thanh Th\u00fay&#8230;<\/p>\n","protected":false},"excerpt":{"rendered":"<p>MIZUNO WAVE KAISERBURG 7 Mizuno Wave Kaiserburg la\u0300 do\u0300ng gia\u0300y thi \u0111\u00e2\u0301u bo\u0301ng ba\u0300n \u0111\u01b0\u1ee3c ca\u0301c v\u00e2\u0323n \u0111\u00f4\u0323ng vi\u00ean n\u00f4\u0309i ti\u00ea\u0301ng toa\u0300n th\u00ea\u0301 gi\u01a1\u0301i tin d\u00f9ng: Timo Boll (\u0110\u1ee9c), Ai Fukuhara (Nh\u1eadt B\u1ea3n),&#8230; V\u01a1\u0301i ph\u01b0\u01a1ng ch\u00e2m: \u201cKh\u00f4ng bao gi\u01a1\u0300 d\u01b0\u0300ng la\u0323i\u201d, Mizuno cho ra m\u0103\u0301t m\u00e2\u0303u gia\u0300y Wave Kaiserburg 7 v\u01a1\u0301i thi\u00ea\u0301t k\u00ea\u0301 form gia\u0300y [&hellip;]<\/p>\n","protected":false},"featured_media":4235,"comment_status":"open","ping_status":"closed","template":"","meta":{"_eb_attr":""},"product_cat":[59,62],"product_tag":[],"class_list":["post-3989","product","type-product","status-publish","has-post-thumbnail","hentry","product_cat-giay-vo","product_cat-mizuno-giay"],"_links":{"self":[{"href":"https:\/\/www.phivutabletennis.com\/index.php\/wp-json\/wp\/v2\/product\/3989","targetHints":{"allow":["GET"]}}],"collection":[{"href":"https:\/\/www.phivutabletennis.com\/index.php\/wp-json\/wp\/v2\/product"}],"about":[{"href":"https:\/\/www.phivutabletennis.com\/index.php\/wp-json\/wp\/v2\/types\/product"}],"replies":[{"embeddable":true,"href":"https:\/\/www.phivutabletennis.com\/index.php\/wp-json\/wp\/v2\/comments?post=3989"}],"wp:featuredmedia":[{"embeddable":true,"href":"https:\/\/www.phivutabletennis.com\/index.php\/wp-json\/wp\/v2\/media\/4235"}],"wp:attachment":[{"href":"https:\/\/www.phivutabletennis.com\/index.php\/wp-json\/wp\/v2\/media?parent=3989"}],"wp:term":[{"taxonomy":"product_cat","embeddable":true,"href":"https:\/\/www.phivutabletennis.com\/index.php\/wp-json\/wp\/v2\/product_cat?post=3989"},{"taxonomy":"product_tag","embeddable":true,"href":"https:\/\/www.phivutabletennis.com\/index.php\/wp-json\/wp\/v2\/product_tag?post=3989"}],"curies":[{"name":"wp","href":"https:\/\/api.w.org\/{rel}","templated":true}]}}