{"id":40,"date":"2023-03-13T02:28:13","date_gmt":"2023-03-12T19:28:13","guid":{"rendered":"http:\/\/192.168.68.111\/?post_type=product&#038;p=40"},"modified":"2023-04-02T00:56:27","modified_gmt":"2023-04-01T17:56:27","slug":"andro-r53","status":"publish","type":"product","link":"https:\/\/www.phivutabletennis.com\/index.php\/product\/andro-r53\/","title":{"rendered":"Andro Rasanter R53"},"content":{"rendered":"<p><img loading=\"lazy\" decoding=\"async\" class=\"alignnone size-medium wp-image-148\" src=\"http:\/\/www.phivutabletennis.com\/wp-content\/uploads\/2023\/03\/line_rubbers_rasanter-EC_R53sponge_882x536-300x190.jpg\" alt=\"\" width=\"300\" height=\"190\" srcset=\"https:\/\/www.phivutabletennis.com\/wp-content\/uploads\/2023\/03\/line_rubbers_rasanter-EC_R53sponge_882x536-300x190.jpg 300w, https:\/\/www.phivutabletennis.com\/wp-content\/uploads\/2023\/03\/line_rubbers_rasanter-EC_R53sponge_882x536-600x381.jpg 600w, https:\/\/www.phivutabletennis.com\/wp-content\/uploads\/2023\/03\/line_rubbers_rasanter-EC_R53sponge_882x536-768x487.jpg 768w, https:\/\/www.phivutabletennis.com\/wp-content\/uploads\/2023\/03\/line_rubbers_rasanter-EC_R53sponge_882x536.jpg 845w\" sizes=\"auto, (max-width: 300px) 100vw, 300px\" \/>Andro Rasanter R53 l\u00e0 m\u1ed9t phi\u00ean b\u1ea3n ho\u00e0n to\u00e0n kh\u00e1c bi\u1ec7t v\u1edbi Series t\u1eeb R37 \u0111\u1ebfn R50<\/p>\n<p>Andro Rasanter R53 v\u1edbi c\u00f4ng ngh\u1ec7 ho\u00e0n to\u00e0n m\u1edbi &#8220;ENERGY CELL&#8221;;<\/p>\n<p>Uy l\u1ef1c m\u1ea1nh trong t\u1eebng qu\u1ea3 \u0111\u00e1nh t\u1ea5n c\u00f4ng nh\u01b0ng th\u1eddi gian l\u01b0u b\u00f3ng v\u1eabn \u0111\u1ea3m b\u1ea3o \u0111\u1ec3 gi\u00fap n\u00e2ng cao kh\u1ea3 n\u0103ng \u0111i\u1ec1u khi\u1ec3n b\u00f3ng;<\/p>\n<p>B\u1ea1n kh\u00f4ng ph\u1ea3i lo l\u1eafng v\u1ec1 \u0111\u1ed9 c\u1ee9ng khi th\u1ea5y th\u00f4ng s\u1ed1 l\u00e0 R53, v\u00ec khi ti\u1ebfp b\u00f3ng v\u1eabn gi\u1eef \u0111\u01b0\u1ee3c c\u1ea3m gi\u00e1c b\u00f3ng nh\u01b0 \u00fd v\u1edbi c\u1ea5u tr\u00fac linh ho\u1ea1t &#8220;ENERGY CELL&#8221; c\u1ee7a l\u1edbp l\u00f3t;<\/p>\n<p>B\u1ec1 m\u1eb7t &#8220;R&#8221; gia t\u0103ng Max \u0111\u1ed9 xo\u00e1y, b\u00f3ng t\u1ed1c \u0111\u1ed9 2 s\u1ebd gia t\u0103ng cao t\u1ea1o s\u1ef1 b\u1ea5t ng\u1edd l\u1edbn cho \u0111\u1ed1i th\u1ee7;<\/p>\n<p>Kh\u00f4ng ph\u1ea3i t\u1ef1 nhi\u00ean m\u00e0 m\u1ee9c gi\u00e1 c\u1ee7a\u00a0Andro Rasanter R53 thu\u1ed9c h\u00e0ng Top c\u00e1c m\u1eb7t v\u1ee3t c\u1ee7a\u00a0 Ch\u00e2u \u00c2u.<\/p>\n","protected":false},"excerpt":{"rendered":"<p>Andro Rasanter R53 l\u00e0 m\u1ed9t phi\u00ean b\u1ea3n ho\u00e0n to\u00e0n kh\u00e1c bi\u1ec7t v\u1edbi Series t\u1eeb R37 \u0111\u1ebfn R50 Andro Rasanter R53 v\u1edbi c\u00f4ng ngh\u1ec7 ho\u00e0n to\u00e0n m\u1edbi &#8220;ENERGY CELL&#8221;; Uy l\u1ef1c m\u1ea1nh trong t\u1eebng qu\u1ea3 \u0111\u00e1nh t\u1ea5n c\u00f4ng nh\u01b0ng th\u1eddi gian l\u01b0u b\u00f3ng v\u1eabn \u0111\u1ea3m b\u1ea3o \u0111\u1ec3 gi\u00fap n\u00e2ng cao kh\u1ea3 n\u0103ng \u0111i\u1ec1u khi\u1ec3n b\u00f3ng; B\u1ea1n [&hellip;]<\/p>\n","protected":false},"featured_media":139,"comment_status":"open","ping_status":"closed","template":"","meta":{"_eb_attr":""},"product_cat":[29,39,32],"product_tag":[],"class_list":["post-40","product","type-product","status-publish","has-post-thumbnail","hentry","product_cat-mat-vot","product_cat-andro","product_cat-rasanter-ec"],"_links":{"self":[{"href":"https:\/\/www.phivutabletennis.com\/index.php\/wp-json\/wp\/v2\/product\/40","targetHints":{"allow":["GET"]}}],"collection":[{"href":"https:\/\/www.phivutabletennis.com\/index.php\/wp-json\/wp\/v2\/product"}],"about":[{"href":"https:\/\/www.phivutabletennis.com\/index.php\/wp-json\/wp\/v2\/types\/product"}],"replies":[{"embeddable":true,"href":"https:\/\/www.phivutabletennis.com\/index.php\/wp-json\/wp\/v2\/comments?post=40"}],"wp:featuredmedia":[{"embeddable":true,"href":"https:\/\/www.phivutabletennis.com\/index.php\/wp-json\/wp\/v2\/media\/139"}],"wp:attachment":[{"href":"https:\/\/www.phivutabletennis.com\/index.php\/wp-json\/wp\/v2\/media?parent=40"}],"wp:term":[{"taxonomy":"product_cat","embeddable":true,"href":"https:\/\/www.phivutabletennis.com\/index.php\/wp-json\/wp\/v2\/product_cat?post=40"},{"taxonomy":"product_tag","embeddable":true,"href":"https:\/\/www.phivutabletennis.com\/index.php\/wp-json\/wp\/v2\/product_tag?post=40"}],"curies":[{"name":"wp","href":"https:\/\/api.w.org\/{rel}","templated":true}]}}