{"id":4009,"date":"2023-07-12T00:17:46","date_gmt":"2023-07-11T17:17:46","guid":{"rendered":"https:\/\/www.phivutabletennis.com\/?post_type=product&#038;p=4009"},"modified":"2023-07-20T23:10:58","modified_gmt":"2023-07-20T16:10:58","slug":"crossmatch-plio-rx4","status":"publish","type":"product","link":"https:\/\/www.phivutabletennis.com\/index.php\/product\/crossmatch-plio-rx4\/","title":{"rendered":"CROSSMATCH PLIO RX4"},"content":{"rendered":"<p><strong>CROSSMATCH PLIO RX4<\/strong>\u00a0&#8211; \u0110\u01a0N GI\u1ea2N NH\u01afNG HI\u1ec6U SU\u1ea4T CAO<\/p>\n<p>D\u00f2ng gi\u00e0y\u00a0<strong>Crossmatch Plio RX4<\/strong>\u00a0c\u1ee7a\u00a0Mizuno\u00a0l\u00e0 d\u00f2ng gi\u00e0y thi\u1ebft k\u1ebf chuy\u00ean d\u1ee5ng d\u00e0nh cho b\u1ed9 m\u00f4n b\u00f3ng b\u00e0n.<\/p>\n<p>\u01afu \u0111i\u1ec3m n\u1ed5i b\u1eadt:<\/p>\n<ul>\n<li>Tr\u1ecdng l\u01b0\u1ee3ng nh\u1eb9 mang l\u1ea1i s\u1ef1 linh ho\u1ea1t cho Plio RX4 trong nh\u1eefng pha di chuy\u1ec3n nhanh.<\/li>\n<li>L\u1edbp \u0111\u1ebf \u0111\u01b0\u1ee3c t\u1ed1i \u01b0u cho b\u00f3ng b\u00e0n. Cho kh\u1ea3 n\u0103ng b\u00e1m s\u00e2n c\u1ef1c t\u1ed1t ngay c\u1ea3 v\u1edbi nh\u1eefng s\u00e0n \u0111\u1ea5u kh\u00f4ng chuy\u00ean d\u1ee5ng nh\u01b0 g\u1ea1ch, \u0111\u00e1 hoa.<\/li>\n<li>Phom gi\u00e0y r\u1ed9ng r\u00e3i chi\u1ec1u ngang, \u0111\u1eb7c bi\u1ec7t ph\u00f9 h\u1ee3p v\u1edbi b\u00e0n ch\u00e2n ng\u01b0\u1eddi Vi\u1ec7t.<\/li>\n<li>V\u1eadt li\u1ec7u l\u00e0m gi\u00e0y g\u1ed3m da v\u00e0 v\u1ea3i l\u01b0\u1edbi m\u1ec1m. T\u1ea1o s\u1ef1 tho\u1ea3i m\u00e1i v\u00e0 th\u00f4ng tho\u00e1ng cho ng\u01b0\u1eddi ch\u01a1i.<\/li>\n<\/ul>\n","protected":false},"excerpt":{"rendered":"<p>CROSSMATCH PLIO RX4\u00a0&#8211; \u0110\u01a0N GI\u1ea2N NH\u01afNG HI\u1ec6U SU\u1ea4T CAO D\u00f2ng gi\u00e0y\u00a0Crossmatch Plio RX4\u00a0c\u1ee7a\u00a0Mizuno\u00a0l\u00e0 d\u00f2ng gi\u00e0y thi\u1ebft k\u1ebf chuy\u00ean d\u1ee5ng d\u00e0nh cho b\u1ed9 m\u00f4n b\u00f3ng b\u00e0n. \u01afu \u0111i\u1ec3m n\u1ed5i b\u1eadt: Tr\u1ecdng l\u01b0\u1ee3ng nh\u1eb9 mang l\u1ea1i s\u1ef1 linh ho\u1ea1t cho Plio RX4 trong nh\u1eefng pha di chuy\u1ec3n nhanh. L\u1edbp \u0111\u1ebf \u0111\u01b0\u1ee3c t\u1ed1i \u01b0u cho b\u00f3ng b\u00e0n. Cho [&hellip;]<\/p>\n","protected":false},"featured_media":4237,"comment_status":"open","ping_status":"closed","template":"","meta":{"_eb_attr":""},"product_cat":[59,62],"product_tag":[],"class_list":["post-4009","product","type-product","status-publish","has-post-thumbnail","hentry","product_cat-giay-vo","product_cat-mizuno-giay"],"_links":{"self":[{"href":"https:\/\/www.phivutabletennis.com\/index.php\/wp-json\/wp\/v2\/product\/4009","targetHints":{"allow":["GET"]}}],"collection":[{"href":"https:\/\/www.phivutabletennis.com\/index.php\/wp-json\/wp\/v2\/product"}],"about":[{"href":"https:\/\/www.phivutabletennis.com\/index.php\/wp-json\/wp\/v2\/types\/product"}],"replies":[{"embeddable":true,"href":"https:\/\/www.phivutabletennis.com\/index.php\/wp-json\/wp\/v2\/comments?post=4009"}],"wp:featuredmedia":[{"embeddable":true,"href":"https:\/\/www.phivutabletennis.com\/index.php\/wp-json\/wp\/v2\/media\/4237"}],"wp:attachment":[{"href":"https:\/\/www.phivutabletennis.com\/index.php\/wp-json\/wp\/v2\/media?parent=4009"}],"wp:term":[{"taxonomy":"product_cat","embeddable":true,"href":"https:\/\/www.phivutabletennis.com\/index.php\/wp-json\/wp\/v2\/product_cat?post=4009"},{"taxonomy":"product_tag","embeddable":true,"href":"https:\/\/www.phivutabletennis.com\/index.php\/wp-json\/wp\/v2\/product_tag?post=4009"}],"curies":[{"name":"wp","href":"https:\/\/api.w.org\/{rel}","templated":true}]}}