{"id":4012,"date":"2023-07-12T00:21:13","date_gmt":"2023-07-11T17:21:13","guid":{"rendered":"https:\/\/www.phivutabletennis.com\/?post_type=product&#038;p=4012"},"modified":"2023-07-20T23:10:24","modified_gmt":"2023-07-20T16:10:24","slug":"crossmatch-sword","status":"publish","type":"product","link":"https:\/\/www.phivutabletennis.com\/index.php\/product\/crossmatch-sword\/","title":{"rendered":"CROSSMATCH SWORD"},"content":{"rendered":"<p><strong>CROSSMATCH SWORD\u00a0<\/strong><\/p>\n<p><strong>1. Th\u00f4ng Tin S\u1ea3n Ph\u1ea9m:<\/strong><\/p>\n<p>Gi\u00e0y b\u00f3ng b\u00e0n Mizuno lu\u00f4n l\u00e0 s\u1ef1 l\u1ef1a ch\u1ecdn c\u1ee7a r\u1ea5t nhi\u1ec1u V\u0110V v\u00e0 ng\u01b0\u1eddi ch\u01a1i tr\u00ean to\u00e0n Th\u1ebf Gi\u1edbi. \u1ede ph\u00e2n kh\u00fac t\u1ea7m trung, d\u00f2ng gi\u00e0y Crossmatch \u0111\u00e3 \u0111\u1ec3 l\u1ea1i nh\u1eefng d\u1ea5u \u1ea5n r\u1ea5t s\u00e2u \u0111\u1eadm v\u1edbi ng\u01b0\u1eddi ch\u01a1i b\u00f3ng b\u00e0n t\u1ea1i Vi\u1ec7t Nam b\u1edfi m\u1ee9c gi\u00e1 v\u00f4 c\u00f9ng h\u1ee3p l\u00fd nh\u01b0ng mang t\u1edbi hi\u1ec7u su\u1ea5t thi \u0111\u1ea5u r\u1ea5t \u1ea5n t\u01b0\u1ee3ng.<\/p>\n<p>\u0110\u1ec3 n\u1ed1i ti\u1ebfp s\u1ef1 th\u00e0nh c\u00f4ng c\u1ee7a c\u00e1c m\u1eabu gi\u00e0y Crossmatch tr\u01b0\u1edbc \u0111\u00f3, Mizuno \u0111\u00e3 cho ra m\u1eaft m\u1eabu gi\u00e0y m\u1edbi Crossmatch Sword v\u1edbi thi\u1ebft k\u1ebf \u1ea5n t\u01b0\u1ee3ng v\u00e0 v\u1eabn mang \u0111\u1ea7y \u0111\u1ee7 nh\u1eefng \u01b0u \u0111i\u1ec3m n\u1ed5i b\u1eadt c\u1ee7a c\u00e1c m\u1eabu gi\u00e0y trong d\u00f2ng Crossmatch.<\/p>\n<p><strong>2. \u01afu \u0110i\u1ec3m N\u1ed5i B\u1eadt:<\/strong><\/p>\n<p>&gt; Thi\u1ebft k\u1ebf n\u1ed5i b\u1eadt v\u1edbi nh\u1eefng h\u1ecda ti\u1ebft ch\u1ea1y d\u1ecdc th\u00e2n gi\u00e0y, mang t\u1edbi s\u1ef1 kh\u1ecfe kho\u1eafn v\u00e0 thanh tho\u00e1t.<\/p>\n<p>&gt;\u00a0Tr\u1ecdng l\u01b0\u1ee3ng gi\u00e0y\u00a0nh\u1eb9,\u00a0gi\u00fap ng\u01b0\u1eddi ch\u01a1i di chuy\u1ec3n\u00a0linh ho\u1ea1t.<\/p>\n<p>&gt;\u00a0Form gi\u00e0y \u0111\u01b0\u1ee3c thi\u1ebft k\u1ebf d\u00e0nh ri\u00eang cho ng\u01b0\u1eddi ch\u00e2u \u00c1, \u0111\u1eb7c bi\u1ec7t \u00f4m ch\u00e2n v\u00e0 ch\u1eafc ch\u1eafn.<\/p>\n<p>&gt;\u00a0\u0110\u1ebf\u00a0gi\u00e0y b\u00e1m s\u00e0n\u00a0t\u1ed1t v\u1edbi nh\u1eefng \u0111\u01b0\u1eddng g\u00e2n, r\u00e3nh t\u1ea1o ma s\u00e1t.<\/p>\n<p>&gt; Ch\u1ea5t\u00a0li\u1ec7u l\u00e0m gi\u00e0y g\u1ed3m da\u00a0t\u1ed5ng h\u1ee3p b\u1ec1n b\u1ec9\u00a0v\u00e0 v\u1ea3i l\u01b0\u1edbi m\u1ec1m, t\u1ea1o s\u1ef1\u00a0tho\u1ea3i m\u00e1i v\u00e0 th\u00f4ng tho\u00e1ng cho ng\u01b0\u1eddi ch\u01a1i.<\/p>\n<p>&gt; L\u00f3t gi\u00e0y v\u1edbi ch\u1ea5t li\u1ec7u m\u1edbi, m\u1ec1m v\u00e0 \u00eam \u00e1i h\u01a1n th\u1ebf h\u1ec7 tr\u01b0\u1edbc.<\/p>\n<p>N\u1ebfu b\u1ea1n \u0111ang t\u00ecm ki\u1ebfm m\u1ed9t m\u1eabu gi\u00e0y b\u00f3ng b\u00e0n b\u1ec1n b\u1ec9, thi\u1ebft k\u1ebf \u1ea5n t\u01b0\u1ee3ng, c\u00f3 m\u1ee9c gi\u00e1 h\u1ee3p l\u00fd v\u00e0 c\u00f3 hi\u1ec7u su\u1ea5t s\u1eed d\u1ee5ng, thi \u0111\u1ea5u cao ch\u1eafc ch\u1eafn kh\u00f4ng n\u00ean b\u1ecf qua m\u1eabu gi\u00e0y Crossmatch Sword. \u0110\u00e2y l\u00e0 m\u1ed9t trong nh\u1eefng m\u1eabu gi\u00e0y b\u00f3ng b\u00e0n to\u00e0n di\u1ec7n h\u00e0ng \u0111\u1ea7u c\u1ee7a Mizuno.<\/p>\n<p>3.\u00a0<strong>B\u1ea3o H\u00e0nh:<\/strong><\/p>\n<p><strong>Ch\u00ednh S\u00e1ch B\u1ea3o H\u00e0nh:<\/strong><\/p>\n<p>&#8211; Th\u1eddi h\u1ea1n \u0111\u1ed5i tr\u1ea3 s\u1ea3n ph\u1ea9m: 7 ng\u00e0y, \u00e1p d\u1ee5ng cho s\u1ea3n ph\u1ea9m ch\u01b0a qua s\u1eed d\u1ee5ng, ( s\u1ea3n ph\u1ea9m c\u00f3 gi\u00e1 tr\u1ecb t\u01b0\u01a1ng \u0111\u01b0\u01a1ng ho\u1eb7c l\u1edbn h\u01a1n)<\/p>\n<p><strong>*** Th\u1eddi h\u1ea1n b\u1ea3o h\u00e0nh:<\/strong><\/p>\n<p>&#8211; \u0110\u1ed5i m\u1edbi:\u00a0\u00a07 ng\u00e0y k\u1ec3 t\u1eeb ng\u00e0y mua h\u00e0ng ghi tr\u00ean phi\u1ebfu b\u1ea3o h\u00e0nh.<br \/>\n&#8211; S\u1eeda ch\u1eefa: 90 ng\u00e0y k\u1ec3 t\u1eeb ng\u00e0y mua h\u00e0ng ghi tr\u00ean phi\u1ebfu b\u1ea3o h\u00e0nh.<br \/>\n&#8211; B\u1ea3o h\u00e0nh s\u1ea3n ph\u1ea9m trong tr\u01b0\u1eddng h\u1ee3p bong keo, g\u00e3y, n\u1ee9t \u0111\u1ebf gi\u00e0y do l\u1ed7i nh\u00e0 s\u1ea3n xu\u1ea5t.<\/p>\n<p><strong>\u0110i\u1ec1u Ki\u1ec7n\u00a0B\u1ea3o H\u00e0nh:<\/strong><\/p>\n<p>&#8211; Xu\u1ea5t tr\u00ecnh phi\u1ebfu b\u1ea3o h\u00e0nh c\u00f2n nguy\u00ean v\u1eb9n, c\u00f2n h\u1ea1n b\u1ea3o h\u00e0nh c\u00f3 x\u00e1c nh\u1eadn \u0111\u1ea7y \u0111\u1ee7 c\u1ee7a \u0111\u1ea1i l\u00fd.<\/p>\n<p>&#8211; Kh\u00f4ng \u00e1p d\u1ee5ng ch\u00ednh s\u00e1ch b\u1ea3o h\u00e0nh \u0111\u1ed1i v\u1edbi c\u00e1c tr\u01b0\u1eddng h\u1ee3p do l\u1ed7i c\u1ee7a ng\u01b0\u1eddi s\u1eed d\u1ee5ng nh\u01b0 tr\u1ea7y x\u01b0\u1edbc, m\u00f2n \u0111\u1ebf, n\u00f3ng ch\u1ea3y, v\u1eadt nu\u00f4i c\u1eafn, \u0111\u00e2m th\u1ee7ng, gi\u00e0y th\u01b0\u1eddng xuy\u00ean s\u1eed d\u1ee5ng trong \u0111i\u1ec1u ki\u1ec7n ng\u1eadp n\u01b0\u1edbc, ti\u1ebfp x\u00fac h\u00f3a ch\u1ea5t, h\u01a1 l\u1eeda, va ch\u1ea1m v\u1edbi v\u1eadt s\u1eafc nh\u1ecdn ho\u1eb7c b\u1ecb v\u1eadt n\u1eb7ng \u0111\u00e8 l\u00ean.<\/p>\n<p><strong>4. C\u00e1ch \u0110o Size Gi\u00e0y Mizuno<\/strong><br \/>\n<img decoding=\"async\" src=\"https:\/\/file.hstatic.net\/1000313927\/file\/size_giay_mizuno_e92fc55d1e504e2c84644061fd41321e.jpg\" \/><\/p>\n","protected":false},"excerpt":{"rendered":"<p>CROSSMATCH SWORD\u00a0 1. Th\u00f4ng Tin S\u1ea3n Ph\u1ea9m: Gi\u00e0y b\u00f3ng b\u00e0n Mizuno lu\u00f4n l\u00e0 s\u1ef1 l\u1ef1a ch\u1ecdn c\u1ee7a r\u1ea5t nhi\u1ec1u V\u0110V v\u00e0 ng\u01b0\u1eddi ch\u01a1i tr\u00ean to\u00e0n Th\u1ebf Gi\u1edbi. \u1ede ph\u00e2n kh\u00fac t\u1ea7m trung, d\u00f2ng gi\u00e0y Crossmatch \u0111\u00e3 \u0111\u1ec3 l\u1ea1i nh\u1eefng d\u1ea5u \u1ea5n r\u1ea5t s\u00e2u \u0111\u1eadm v\u1edbi ng\u01b0\u1eddi ch\u01a1i b\u00f3ng b\u00e0n t\u1ea1i Vi\u1ec7t Nam b\u1edfi m\u1ee9c gi\u00e1 [&hellip;]<\/p>\n","protected":false},"featured_media":4238,"comment_status":"open","ping_status":"closed","template":"","meta":{"_eb_attr":""},"product_cat":[59,62],"product_tag":[],"class_list":["post-4012","product","type-product","status-publish","has-post-thumbnail","hentry","product_cat-giay-vo","product_cat-mizuno-giay"],"_links":{"self":[{"href":"https:\/\/www.phivutabletennis.com\/index.php\/wp-json\/wp\/v2\/product\/4012","targetHints":{"allow":["GET"]}}],"collection":[{"href":"https:\/\/www.phivutabletennis.com\/index.php\/wp-json\/wp\/v2\/product"}],"about":[{"href":"https:\/\/www.phivutabletennis.com\/index.php\/wp-json\/wp\/v2\/types\/product"}],"replies":[{"embeddable":true,"href":"https:\/\/www.phivutabletennis.com\/index.php\/wp-json\/wp\/v2\/comments?post=4012"}],"wp:featuredmedia":[{"embeddable":true,"href":"https:\/\/www.phivutabletennis.com\/index.php\/wp-json\/wp\/v2\/media\/4238"}],"wp:attachment":[{"href":"https:\/\/www.phivutabletennis.com\/index.php\/wp-json\/wp\/v2\/media?parent=4012"}],"wp:term":[{"taxonomy":"product_cat","embeddable":true,"href":"https:\/\/www.phivutabletennis.com\/index.php\/wp-json\/wp\/v2\/product_cat?post=4012"},{"taxonomy":"product_tag","embeddable":true,"href":"https:\/\/www.phivutabletennis.com\/index.php\/wp-json\/wp\/v2\/product_tag?post=4012"}],"curies":[{"name":"wp","href":"https:\/\/api.w.org\/{rel}","templated":true}]}}