{"id":4052,"date":"2023-07-13T13:05:20","date_gmt":"2023-07-13T06:05:20","guid":{"rendered":"https:\/\/www.phivutabletennis.com\/?post_type=product&#038;p=4052"},"modified":"2023-07-13T13:05:20","modified_gmt":"2023-07-13T06:05:20","slug":"dai-bao-ve-khop-goi-ho-tro-van-dong-trong-the-thao-phiten-sport-supporter-knee","status":"publish","type":"product","link":"https:\/\/www.phivutabletennis.com\/index.php\/product\/dai-bao-ve-khop-goi-ho-tro-van-dong-trong-the-thao-phiten-sport-supporter-knee\/","title":{"rendered":"\u0110ai B\u1ea3o V\u1ec7 Kh\u1edbp G\u1ed1i h\u1ed7 tr\u1ee3 v\u1eadn \u0111\u1ed9ng trong th\u1ec3 thao &#8211; PHITEN SPORT SUPPORTER KNEE"},"content":{"rendered":"<div class=\"row quan-color-size\">\n<div class=\"col-md-4\">\n<div>S\u1ed1 l\u01b0\u1ee3ng<\/div>\n<div class=\"quality quantity input-group-quantity buttons_added\"><button class=\"btn-number btn-minus minus\" disabled=\"disabled\" type=\"button\" data-type=\"minus\"><i class=\"icon-minus\"><\/i><\/button><input id=\"qty\" class=\"input-number input-quantity input-text qty text\" max=\"33\" min=\"1\" name=\"qty\" type=\"text\" value=\"1\" \/><button class=\"btn-number btn-plus plus\" type=\"button\" data-type=\"plus\"><i class=\"icon-plus\"><\/i><\/button><\/div>\n<\/div>\n<div class=\"col-md-4\">\n<div class=\"item\">\n<div class=\"title\">Size:<\/div>\n<p><select class=\"selectpicker select attributes\" title=\"\" data-id=\"4\"><option selected=\"selected\" value=\"S001\">S<\/option><option value=\"S002\">M<\/option><option value=\"S003\">L<\/option><\/select><\/div>\n<\/div>\n<div class=\"col-md-4\">\n<div class=\"item\">\n<div class=\"title\">M\u00e0u s\u1eafc:<\/div>\n<p><select class=\"selectpicker select attributes\" title=\"\" data-id=\"5\"><option selected=\"selected\" value=\"C001\">\u0110en<\/option><\/select><\/div>\n<\/div>\n<\/div>\n<div class=\"item\"><\/div>\n<div class=\"product-desc desc\">\n<p><strong>\u0110ai b\u1ea3o v\u1ec7 \u0111\u00e2\u0300u g\u00f4\u0301i Phiten h\u1ed7 tr\u1ee3 v\u1eadn \u0111\u1ed9ng trong th\u1ec3 thao<\/strong><br \/>\nB\u0103ng \u0111ai \u0111\u1ea7u g\u1ed1i th\u1ec3 thao Phiten chuy\u00ean d\u1ee5ng \u0111\u1ed1i v\u1edbi t\u1ea5t c\u1ea3 m\u00f4n th\u1ec3 thao v\u1eadn \u0111\u1ed9ng. B\u0103ng \u0111ai n\u00e0y t\u1ea1o\u00a0c\u1ea3m gi\u00e1c v\u00f4 c\u00f9ng tho\u1ea3i m\u00e1i v\u00e0 d\u1ec5 ch\u1ecbu khi di chuy\u1ec3n ho\u1eb7c th\u1ef1c hi\u1ec7n c\u00e1c thao t\u00e1c tr\u01b0\u1ee3t, co d\u00e3n, \u0111\u1ea9y,&#8230;.\u00a0Ngo\u00e0i t\u00e1c d\u1ee5ng\u00a0v\u1eadt l\u00fd, b\u0103ng \u0111ai th\u1ec3 thao Phiten c\u00f2n mang l\u1ea1i l\u1ee3i \u00edch di\u1ec7u k\u1ef3 v\u1ec1 m\u1eb7t s\u1ee9c kho\u1ebb.<br \/>\n<strong>C\u00f4ng d\u1ee5ng<\/strong><br \/>\n&#8211; H\u1ed7 tr\u1ee3 v\u1eadn \u0111\u1ed9ng, gi\u1ea3m \u0111au tuy\u1ec7t v\u1eddi<br \/>\n&#8211; T\u1ea1o s\u1ef1 tho\u1ea3i m\u00e1i m\u00e0 kh\u00f4ng c\u1ea3n tr\u1edf di chuy\u1ec3n.<br \/>\n&#8211; Th\u1ea5m h\u00fat m\u1ed3 h\u00f4i t\u1ed1t cho c\u1ea3m gi\u00e1c s\u1ea1ch s\u1ebd v\u00e0 tho\u1ea3i m\u00e1i.<br \/>\n&#8211; H\u1ed7 tr\u1ee3 ph\u1ee5c h\u1ed3i t\u1eeb vi\u00eam kh\u1edbp, vi\u00eam g\u00e2n, th\u1ea5p kh\u1edbp v\u00e0 c\u00e1c t\u00ecnh tr\u1ea1ng v\u00e0 ch\u1ea5n th\u01b0\u01a1ng li\u00ean quan \u0111\u1ebfn m\u1eaft c\u00e1 ch\u00e2n kh\u00e1c<br \/>\n&#8211; Gi\u00fap gi\u1ea3m \u0111au v\u00e0 h\u1ed7 tr\u1ee3 ph\u1ee5c h\u1ed3i<\/p>\n<p><strong>C\u00f3 3 size:<\/strong><\/p>\n<p>S: 30-33 cm<br \/>\nM: 33.2-35 cm<br \/>\nL: 34-37.5 cm<\/p>\n<p><strong>\u0110\u1ed1i t\u01b0\u1ee3ng s\u1eed d\u1ee5ng:<\/strong><\/p>\n<p>&#8211; H\u1ed7 tr\u1ee3 b\u1ea3o v\u1ec7 kh\u1edbp g\u1ed1i, ph\u00f2ng ch\u1ed1ng\u00a0ch\u1ea5n th\u01b0\u01a1ng cho ng\u01b0\u1eddi ch\u01a1i th\u1ec3 thao, v\u1eadn \u0111\u1ed9ng vi\u00ean th\u1ec3 thao<\/p>\n<p>&#8211;\u00a0Ng\u01b0\u1eddi g\u1eb7p c\u00e1c v\u1ea5n \u0111\u1ec1 v\u1ec1\u00a0vi\u00eam kh\u1edbp, vi\u00eam g\u00e2n, th\u1ea5p kh\u1edbp v\u00e0 c\u00e1c t\u00ecnh tr\u1ea1ng v\u00e0 ch\u1ea5n th\u01b0\u01a1ng \u0111\u1ea7u g\u1ed1i kh\u00e1c.<\/p>\n<p dir=\"ltr\"><strong>S\u1ea3n xu\u1ea5t t\u1ea1i Nh\u1eadt B\u1ea3n<\/strong><\/p>\n<p dir=\"ltr\"><strong>Quy c\u00e1ch \u0111\u00f3ng g\u00f3i:<\/strong>\u00a01 c\u00e1i\/ h\u1ed9p<\/p>\n<\/div>\n","protected":false},"excerpt":{"rendered":"<p>S\u1ed1 l\u01b0\u1ee3ng Size: SML M\u00e0u s\u1eafc: \u0110en \u0110ai b\u1ea3o v\u1ec7 \u0111\u00e2\u0300u g\u00f4\u0301i Phiten h\u1ed7 tr\u1ee3 v\u1eadn \u0111\u1ed9ng trong th\u1ec3 thao B\u0103ng \u0111ai \u0111\u1ea7u g\u1ed1i th\u1ec3 thao Phiten chuy\u00ean d\u1ee5ng \u0111\u1ed1i v\u1edbi t\u1ea5t c\u1ea3 m\u00f4n th\u1ec3 thao v\u1eadn \u0111\u1ed9ng. B\u0103ng \u0111ai n\u00e0y t\u1ea1o\u00a0c\u1ea3m gi\u00e1c v\u00f4 c\u00f9ng tho\u1ea3i m\u00e1i v\u00e0 d\u1ec5 ch\u1ecbu khi di chuy\u1ec3n ho\u1eb7c th\u1ef1c [&hellip;]<\/p>\n","protected":false},"featured_media":4056,"comment_status":"open","ping_status":"closed","template":"","meta":{"_eb_attr":""},"product_cat":[95,100,92],"product_tag":[],"class_list":["post-4052","product","type-product","status-publish","has-post-thumbnail","hentry","product_cat-bang-dai-ho-tro","product_cat-dau-goi","product_cat-phiten"],"_links":{"self":[{"href":"https:\/\/www.phivutabletennis.com\/index.php\/wp-json\/wp\/v2\/product\/4052","targetHints":{"allow":["GET"]}}],"collection":[{"href":"https:\/\/www.phivutabletennis.com\/index.php\/wp-json\/wp\/v2\/product"}],"about":[{"href":"https:\/\/www.phivutabletennis.com\/index.php\/wp-json\/wp\/v2\/types\/product"}],"replies":[{"embeddable":true,"href":"https:\/\/www.phivutabletennis.com\/index.php\/wp-json\/wp\/v2\/comments?post=4052"}],"wp:featuredmedia":[{"embeddable":true,"href":"https:\/\/www.phivutabletennis.com\/index.php\/wp-json\/wp\/v2\/media\/4056"}],"wp:attachment":[{"href":"https:\/\/www.phivutabletennis.com\/index.php\/wp-json\/wp\/v2\/media?parent=4052"}],"wp:term":[{"taxonomy":"product_cat","embeddable":true,"href":"https:\/\/www.phivutabletennis.com\/index.php\/wp-json\/wp\/v2\/product_cat?post=4052"},{"taxonomy":"product_tag","embeddable":true,"href":"https:\/\/www.phivutabletennis.com\/index.php\/wp-json\/wp\/v2\/product_tag?post=4052"}],"curies":[{"name":"wp","href":"https:\/\/api.w.org\/{rel}","templated":true}]}}