{"id":4058,"date":"2023-07-13T13:06:26","date_gmt":"2023-07-13T06:06:26","guid":{"rendered":"https:\/\/www.phivutabletennis.com\/?post_type=product&#038;p=4058"},"modified":"2023-07-13T13:07:18","modified_gmt":"2023-07-13T06:07:18","slug":"dai-bao-ve-dau-goi-loai-mem-phiten-supporter-knee-soft-_super-light","status":"publish","type":"product","link":"https:\/\/www.phivutabletennis.com\/index.php\/product\/dai-bao-ve-dau-goi-loai-mem-phiten-supporter-knee-soft-_super-light\/","title":{"rendered":"\u0110ai b\u1ea3o v\u1ec7 \u0111\u1ea7u g\u1ed1i (lo\u1ea1i m\u1ec1m) &#8211; PHITEN SUPPORTER KNEE SOFT _SUPER LIGHT"},"content":{"rendered":"<div class=\"product-desc desc\">\n<p><strong>\u0110ai B\u1ea3o V\u1ec7 \u0110\u1ea7u G\u1ed1i (lo\u1ea1i m\u1ec1m) &#8211; PHITEN SUPPORTER KNEE SOFT_ SUPER LIGHT<\/strong><br \/>\nB\u0103ng \u0111ai b\u1ea3o v\u1ec7 \u0111\u1ea7u g\u1ed1i ho\u1ea1t h\u00f3a qua METAX, ch\u1ea5t li\u1ec7u v\u1ea3i h\u1ed3ng ngo\u1ea1i gi\u00fap gi\u1eef \u1ea5m \u0111\u1ea7u g\u1ed1i. V\u1edbi thi\u1ebft k\u1ebf ch\u1ed1ng tr\u01a1n tr\u01b0\u1ee3t v\u00e0 t\u00ednh n\u0103ng th\u1ea5m h\u00fat \u1ea9m \u0111\u01b0\u1ee3c c\u1ea3i thi\u1ec7n, \u0111\u00e2y l\u00e0 s\u1ea3n ph\u1ea9m h\u1ed7 tr\u1ee3 c\u1ea7n thi\u1ebft cho nh\u1eefng ng\u01b0\u1eddi ch\u01a1i th\u1ec3 thao l\u1eabn s\u1eed d\u1ee5ng h\u00e0ng ng\u00e0y. \u0110ai b\u1ea3o v\u1ec7 \u0111\u1ea7u g\u1ed1i v\u00f4 c\u00f9ng m\u1ec1m m\u1ea1i v\u00e0 tho\u1ea3i m\u00e1i kh\u00f4ng g\u00e2y \u1ea3nh h\u01b0\u1edfng \u0111\u1ebfn v\u1eadn \u0111\u1ed9ng.<br \/>\n<strong>Ch\u1ea5t li\u1ec7u:<\/strong>\u00a077% Polyester, 14% Polyurethane. 9% Cotton<br \/>\n<strong>S\u1eed d\u1ee5ng:<\/strong><br \/>\n&#8211; Ch\u1ed1ng tr\u01b0\u1ee3t<br \/>\n&#8211; B\u1ea3o v\u1ec7 x\u01b0\u01a1ng b\u00e1nh ch\u00e8<br \/>\n&#8211; B\u1ea3o v\u1ec7 \u0111\u1ea7u g\u1ed1i<br \/>\n<strong>C\u00f4ng ngh\u1ec7:<\/strong>\u00a0Metax<\/p>\n<p><strong>C\u00f4ng d\u1ee5ng<\/strong><br \/>\n&#8211; Gi\u00fap gi\u1ea3m \u0111au, c\u1ea3i thi\u1ec7n l\u01b0u th\u00f4ng m\u00e1u.<br \/>\n&#8211; Gi\u00fap gi\u1ea3m t\u00ecnh tr\u1ea1ng gi\u1eef n\u01b0\u1edbc v\u00e0 s\u01b0ng kh\u1edbp.<br \/>\n&#8211; Th\u1ea5m h\u00fat m\u1ed3 h\u00f4i cho c\u1ea3m gi\u00e1c s\u1ea1ch s\u1ebd v\u00e0 tho\u1ea3i m\u00e1i.<br \/>\n&#8211; Thi\u1ebft k\u1ebf kh\u00f4ng c\u1ea3n tr\u1edf di chuy\u1ec3n.<br \/>\n&#8211; Tho\u1ea3i m\u00e1i di chuy\u1ec3n m\u00e0 kh\u00f4ng lo l\u00e0m t\u1ed5n th\u01b0\u01a1ng do s\u1ef1 c\u0103ng th\u1eb3ng kh\u00f4ng c\u1ea7n thi\u1ebft tr\u00ean c\u00e1c c\u01a1 v\u00e0 d\u00e2y ch\u1eb1ng.<br \/>\n&#8211; \u0110\u01b0\u1ee3c thi\u1ebft k\u1ebf \u0111\u1ec3 \u1ed5n \u0111\u1ecbnh c\u00e1c kh\u1edbp c\u1ee7a b\u1ea1n, v\u00e0 n\u00e9n c\u00e1c c\u01a1 v\u00e0 d\u00e2y ch\u1eb1ng xung quanh \u0111\u1ec3 chuy\u1ec3n \u0111\u1ed9ng tho\u1ea3i m\u00e1i h\u01a1n.<br \/>\n&#8211; S\u1eed d\u1ee5ng \u0111\u01b0\u1ee3c cho c\u1ea3 b\u00ean tr\u00e1i v\u00e0 ph\u1ea3i<\/p>\n<p>M\u00e0u s\u1eafc: \u0111en<br \/>\nK\u00edch th\u01b0\u1edbc: S-M<br \/>\nQuy c\u00e1ch \u0111\u00f3ng g\u00f3i: 1 c\u00e1i\/h\u1ed9p<br \/>\nTh\u01b0\u01a1ng hi\u1ec7u: Phiten<br \/>\nXu\u1ea5t x\u1ee9: Nh\u1eadt B\u1ea3n<\/p>\n<p><strong>\u0110\u1ed1i t\u01b0\u1ee3ng s\u1eed d\u1ee5ng<\/strong><\/p>\n<p>&#8211; Ng\u01b0\u1eddi \u0111au kh\u1edbp g\u1ed1i, tho\u00e1i h\u00f3a kh\u1edbp g\u1ed1i<\/p>\n<p>&#8211; Ng\u01b0\u1eddi l\u1edbn tu\u1ed5i \u0111au nh\u1ee9c kh\u1edbp g\u1ed1i khi tr\u1eddi l\u1ea1nh<\/p>\n<p>&#8211; H\u1ed7 tr\u1ee3 b\u1ea3o v\u1ec7 kh\u1edbp g\u1ed1i, gi\u1ea3m ch\u1ea5n th\u01b0\u01a1ng cho ng\u01b0\u1eddi ch\u01a1i th\u1ec3 thao, v\u1eadn \u0111\u1ed9ng vi\u00ean th\u1ec3 thao<\/p>\n<\/div>\n<h2>Comming Soon<\/h2>\n","protected":false},"excerpt":{"rendered":"<p>\u0110ai B\u1ea3o V\u1ec7 \u0110\u1ea7u G\u1ed1i (lo\u1ea1i m\u1ec1m) &#8211; PHITEN SUPPORTER KNEE SOFT_ SUPER LIGHT B\u0103ng \u0111ai b\u1ea3o v\u1ec7 \u0111\u1ea7u g\u1ed1i ho\u1ea1t h\u00f3a qua METAX, ch\u1ea5t li\u1ec7u v\u1ea3i h\u1ed3ng ngo\u1ea1i gi\u00fap gi\u1eef \u1ea5m \u0111\u1ea7u g\u1ed1i. V\u1edbi thi\u1ebft k\u1ebf ch\u1ed1ng tr\u01a1n tr\u01b0\u1ee3t v\u00e0 t\u00ednh n\u0103ng th\u1ea5m h\u00fat \u1ea9m \u0111\u01b0\u1ee3c c\u1ea3i thi\u1ec7n, \u0111\u00e2y l\u00e0 s\u1ea3n ph\u1ea9m h\u1ed7 tr\u1ee3 [&hellip;]<\/p>\n","protected":false},"featured_media":4061,"comment_status":"open","ping_status":"closed","template":"","meta":{"_eb_attr":""},"product_cat":[95,100,92],"product_tag":[],"class_list":["post-4058","product","type-product","status-publish","has-post-thumbnail","hentry","product_cat-bang-dai-ho-tro","product_cat-dau-goi","product_cat-phiten"],"_links":{"self":[{"href":"https:\/\/www.phivutabletennis.com\/index.php\/wp-json\/wp\/v2\/product\/4058","targetHints":{"allow":["GET"]}}],"collection":[{"href":"https:\/\/www.phivutabletennis.com\/index.php\/wp-json\/wp\/v2\/product"}],"about":[{"href":"https:\/\/www.phivutabletennis.com\/index.php\/wp-json\/wp\/v2\/types\/product"}],"replies":[{"embeddable":true,"href":"https:\/\/www.phivutabletennis.com\/index.php\/wp-json\/wp\/v2\/comments?post=4058"}],"wp:featuredmedia":[{"embeddable":true,"href":"https:\/\/www.phivutabletennis.com\/index.php\/wp-json\/wp\/v2\/media\/4061"}],"wp:attachment":[{"href":"https:\/\/www.phivutabletennis.com\/index.php\/wp-json\/wp\/v2\/media?parent=4058"}],"wp:term":[{"taxonomy":"product_cat","embeddable":true,"href":"https:\/\/www.phivutabletennis.com\/index.php\/wp-json\/wp\/v2\/product_cat?post=4058"},{"taxonomy":"product_tag","embeddable":true,"href":"https:\/\/www.phivutabletennis.com\/index.php\/wp-json\/wp\/v2\/product_tag?post=4058"}],"curies":[{"name":"wp","href":"https:\/\/api.w.org\/{rel}","templated":true}]}}