{"id":4080,"date":"2023-07-13T13:13:35","date_gmt":"2023-07-13T06:13:35","guid":{"rendered":"https:\/\/www.phivutabletennis.com\/?post_type=product&#038;p=4080"},"modified":"2024-10-14T20:05:26","modified_gmt":"2024-10-14T13:05:26","slug":"dai-bao-ve-khop-goi-loai-vua-phiten-supporter-knee-band_middle-type","status":"publish","type":"product","link":"https:\/\/www.phivutabletennis.com\/index.php\/product\/dai-bao-ve-khop-goi-loai-vua-phiten-supporter-knee-band_middle-type\/","title":{"rendered":"\u0110ai B\u1ea3o V\u1ec7 Kh\u1edbp G\u1ed1i (lo\u1ea1i v\u1eeba) &#8211; PHITEN SUPPORTER KNEE BAND_MIDDLE TYPE"},"content":{"rendered":"<div class=\"row quan-color-size\">\n<div class=\"col-md-4\">\n<div>S\u1ed1 l\u01b0\u1ee3ng<\/div>\n<div class=\"quality quantity input-group-quantity buttons_added\"><button class=\"btn-number btn-minus minus\" disabled=\"disabled\" type=\"button\" data-type=\"minus\"><i class=\"icon-minus\"><\/i><\/button><input id=\"qty\" class=\"input-number input-quantity input-text qty text\" max=\"14\" min=\"1\" name=\"qty\" type=\"text\" value=\"1\" \/><button class=\"btn-number btn-plus plus\" type=\"button\" data-type=\"plus\"><i class=\"icon-plus\"><\/i><\/button><\/div>\n<\/div>\n<div class=\"col-md-4\">\n<div class=\"item\">\n<div class=\"title\">Size:<\/div>\n<p><select class=\"selectpicker select attributes\" title=\"\" data-id=\"4\"><option selected=\"selected\" value=\"S001\">S<\/option><option value=\"S002\">M<\/option><option value=\"S003\">L<\/option><\/select><\/div>\n<\/div>\n<div class=\"col-md-4\">\n<div class=\"item\">\n<div class=\"title\">M\u00e0u s\u1eafc:<\/div>\n<p><select class=\"selectpicker select attributes\" title=\"\" data-id=\"5\"><option selected=\"selected\" value=\"C001\">\u0110en<\/option><\/select><\/div>\n<\/div>\n<div class=\"col-md-4\">\n<div class=\"item\">\n<div class=\"title\">\u0110\u1ed9 c\u1ee9ng:<\/div>\n<p><select class=\"selectpicker select attributes\" title=\"\" data-id=\"8\"><br \/>\n<\/select><\/div>\n<\/div>\n<\/div>\n<div class=\"item\"><\/div>\n<div class=\"product-desc desc\">\n<p>Th\u00e0nh vi\u00ean m\u1edbi nh\u1ea5t c\u1ee7a gia \u0111\u00ecnh \u0111ai h\u1ed7 tr\u1ee3 kh\u1edbp\u00a0g\u1ed1i, b\u0103ng b\u1ea3o v\u1ec7\u00a0\u0111\u1ea7u g\u1ed1i Titanium\u00a0c\u00f3 th\u1ec3 \u0111i\u1ec1u ch\u1ec9nh \u0111\u01b0\u1ee3c s\u1eed d\u1ee5ng \u1edf tr\u00ean v\u00e0 d\u01b0\u1edbi \u0111\u1ea7u g\u1ed1i \u0111\u1ec3 t\u1ea1o s\u1ef1 tho\u1ea3i m\u00e1i t\u1ed1i \u0111a. B\u1eb1ng c\u00e1ch \u0111i\u1ec1u ch\u1ec9nh d\u00e2y \u0111eo, b\u1ea1n c\u00f3 th\u1ec3 l\u00e0m gi\u1ea3m \u00e1p l\u1ef1c l\u00ean \u0111\u1ea7u g\u1ed1i \u0111\u1ec3 tr\u00e1nh x\u1ea3y ra c\u00e1c tr\u01b0\u1eddng h\u1ee3p t\u1ed5n th\u01b0\u01a1ng \u0111\u1ea7u g\u1ed1i. B\u0103ng b\u1ea3o v\u1ec7 \u0111\u1ea7u g\u1ed1i\u00a0Titanium s\u1ea3n xu\u1ea5t theo\u00a0c\u00f4ng ngh\u1ec7 AQUA-TITaniUM\u00ae v\u00e0 AQUA-PALLADIUM\u00ae l\u00e0m cho s\u1ea3n ph\u1ea9m n\u00e0y kh\u00e1c bi\u1ec7t r\u1ea5t nhi\u1ec1u so v\u1edbi c\u00e1c s\u1ea3n ph\u1ea9m h\u1ed7 tr\u1ee3 kh\u00e1c tr\u00ean th\u1ecb tr\u01b0\u1eddng.<\/p>\n<p><strong>C\u00f4ng d\u1ee5ng<\/strong><br \/>\n&#8211; Gi\u00fap gi\u1ea3m \u0111au, c\u1ea3i thi\u1ec7n l\u01b0u th\u00f4ng m\u00e1u.<br \/>\n&#8211; Gi\u00fap gi\u1ea3m t\u00ecnh tr\u1ea1ng gi\u1eef n\u01b0\u1edbc v\u00e0 s\u01b0ng kh\u1edbp.<br \/>\n&#8211; Th\u1ea5m h\u00fat m\u1ed3 h\u00f4i cho c\u1ea3m gi\u00e1c s\u1ea1ch s\u1ebd v\u00e0 tho\u1ea3i m\u00e1i.<br \/>\n&#8211; Thi\u1ebft k\u1ebf kh\u00f4ng c\u1ea3n tr\u1edf di chuy\u1ec3n.<br \/>\n&#8211; Tho\u1ea3i m\u00e1i di chuy\u1ec3n m\u00e0 kh\u00f4ng lo l\u00e0m t\u1ed5n th\u01b0\u01a1ng do s\u1ef1 c\u0103ng th\u1eb3ng kh\u00f4ng c\u1ea7n thi\u1ebft tr\u00ean c\u00e1c c\u01a1 v\u00e0 d\u00e2y ch\u1eb1ng.<br \/>\n&#8211; \u0110\u01b0\u1ee3c thi\u1ebft k\u1ebf \u0111\u1ec3 \u1ed5n \u0111\u1ecbnh c\u00e1c kh\u1edbp c\u1ee7a b\u1ea1n, v\u00e0 n\u00e9n c\u00e1c c\u01a1 v\u00e0 d\u00e2y ch\u1eb1ng xung quanh \u0111\u1ec3 chuy\u1ec3n \u0111\u1ed9ng tho\u1ea3i m\u00e1i h\u01a1n.<br \/>\n&#8211; S\u1eed d\u1ee5ng \u0111\u01b0\u1ee3c cho c\u1ea3 b\u00ean tr\u00e1i v\u00e0 ph\u1ea3i.<br \/>\n<strong>Quy c\u00e1ch \u0111\u00f3ng g\u00f3i:\u00a01 c\u00e1i\/h\u1ed9p<\/strong><\/p>\n<p><strong>S\u1ea3n xu\u1ea5t t\u1ea1i Nh\u1eadt B\u1ea3n<\/strong><\/p>\n<p><strong>\u0110\u1ed1i t\u01b0\u1ee3ng s\u1eed d\u1ee5ng:<\/strong><\/p>\n<p>&#8211; Ng\u01b0\u1eddi \u0111au kh\u1edbp g\u1ed1i, tho\u00e1i h\u00f3a kh\u1edbp g\u1ed1i<\/p>\n<p>&#8211; H\u1ed7 tr\u1ee3 ph\u1ee5c h\u1ed3i sau vi\u00eam kh\u1edbp, vi\u00eam g\u00e2n, th\u1ea5p kh\u1edbp v\u00e0 c\u00e1c t\u00ecnh tr\u1ea1ng v\u00e0 ch\u1ea5n th\u01b0\u01a1ng kh\u00e1c<\/p>\n<p>&#8211; H\u1ed7 tr\u1ee3 b\u1ea3o v\u1ec7 kh\u1edbp g\u1ed1i, gi\u1ea3m ch\u1ea5n th\u01b0\u01a1ng cho ng\u01b0\u1eddi ch\u01a1i th\u1ec3 thao, v\u1eadn \u0111\u1ed9ng vi\u00ean th\u1ec3 thao.<\/p>\n<\/div>\n","protected":false},"excerpt":{"rendered":"<p>S\u1ed1 l\u01b0\u1ee3ng Size: SML M\u00e0u s\u1eafc: \u0110en \u0110\u1ed9 c\u1ee9ng: Th\u00e0nh vi\u00ean m\u1edbi nh\u1ea5t c\u1ee7a gia \u0111\u00ecnh \u0111ai h\u1ed7 tr\u1ee3 kh\u1edbp\u00a0g\u1ed1i, b\u0103ng b\u1ea3o v\u1ec7\u00a0\u0111\u1ea7u g\u1ed1i Titanium\u00a0c\u00f3 th\u1ec3 \u0111i\u1ec1u ch\u1ec9nh \u0111\u01b0\u1ee3c s\u1eed d\u1ee5ng \u1edf tr\u00ean v\u00e0 d\u01b0\u1edbi \u0111\u1ea7u g\u1ed1i \u0111\u1ec3 t\u1ea1o s\u1ef1 tho\u1ea3i m\u00e1i t\u1ed1i \u0111a. B\u1eb1ng c\u00e1ch \u0111i\u1ec1u ch\u1ec9nh d\u00e2y \u0111eo, b\u1ea1n c\u00f3 th\u1ec3 l\u00e0m gi\u1ea3m [&hellip;]<\/p>\n","protected":false},"featured_media":4082,"comment_status":"open","ping_status":"closed","template":"","meta":{"_eb_attr":""},"product_cat":[95,100,92],"product_tag":[],"class_list":["post-4080","product","type-product","status-publish","has-post-thumbnail","hentry","product_cat-bang-dai-ho-tro","product_cat-dau-goi","product_cat-phiten"],"_links":{"self":[{"href":"https:\/\/www.phivutabletennis.com\/index.php\/wp-json\/wp\/v2\/product\/4080","targetHints":{"allow":["GET"]}}],"collection":[{"href":"https:\/\/www.phivutabletennis.com\/index.php\/wp-json\/wp\/v2\/product"}],"about":[{"href":"https:\/\/www.phivutabletennis.com\/index.php\/wp-json\/wp\/v2\/types\/product"}],"replies":[{"embeddable":true,"href":"https:\/\/www.phivutabletennis.com\/index.php\/wp-json\/wp\/v2\/comments?post=4080"}],"wp:featuredmedia":[{"embeddable":true,"href":"https:\/\/www.phivutabletennis.com\/index.php\/wp-json\/wp\/v2\/media\/4082"}],"wp:attachment":[{"href":"https:\/\/www.phivutabletennis.com\/index.php\/wp-json\/wp\/v2\/media?parent=4080"}],"wp:term":[{"taxonomy":"product_cat","embeddable":true,"href":"https:\/\/www.phivutabletennis.com\/index.php\/wp-json\/wp\/v2\/product_cat?post=4080"},{"taxonomy":"product_tag","embeddable":true,"href":"https:\/\/www.phivutabletennis.com\/index.php\/wp-json\/wp\/v2\/product_tag?post=4080"}],"curies":[{"name":"wp","href":"https:\/\/api.w.org\/{rel}","templated":true}]}}