{"id":4084,"date":"2023-07-13T13:14:46","date_gmt":"2023-07-13T06:14:46","guid":{"rendered":"https:\/\/www.phivutabletennis.com\/?post_type=product&#038;p=4084"},"modified":"2023-07-13T13:14:47","modified_gmt":"2023-07-13T06:14:47","slug":"dai-bao-ve-khop-goi-loai-mem-phiten-metax-supporter-knee_soft-type","status":"publish","type":"product","link":"https:\/\/www.phivutabletennis.com\/index.php\/product\/dai-bao-ve-khop-goi-loai-mem-phiten-metax-supporter-knee_soft-type\/","title":{"rendered":"\u0110ai B\u1ea3o V\u1ec7 Kh\u1edbp G\u1ed1i (lo\u1ea1i m\u1ec1m) &#8211; PHITEN METAX SUPPORTER KNEE_SOFT TYPE"},"content":{"rendered":"<div class=\"row grid-space-80\">\n<div class=\"col-lg-6 product-details\">\n<div class=\"info-detail sec-b\">\n<div class=\"cart-like followHeight\">\n<form id=\"add_to_cart_form\" class=\"form-inline form_add_to_cart\" action=\"https:\/\/www.phiten.vn\/cart\/buynow\" method=\"POST\">\n<div class=\"row quan-color-size\">\n<div class=\"col-md-4\">\n<div>S\u1ed1 l\u01b0\u1ee3ng<\/div>\n<div class=\"quality quantity input-group-quantity buttons_added\"><button class=\"btn-number btn-minus minus\" disabled=\"disabled\" type=\"button\" data-type=\"minus\"><i class=\"icon-minus\"><\/i><\/button><input id=\"qty\" class=\"input-number input-quantity input-text qty text\" max=\"5\" min=\"1\" name=\"qty\" type=\"text\" value=\"1\" \/><button class=\"btn-number btn-plus plus\" type=\"button\" data-type=\"plus\"><i class=\"icon-plus\"><\/i><\/button><\/div>\n<\/div>\n<div class=\"col-md-4\">\n<div class=\"item\">\n<div class=\"title\">Size:<\/div>\n<p><select class=\"selectpicker select attributes\" title=\"\" data-id=\"4\"><option value=\"S005\">S-M<\/option><option selected=\"selected\" value=\"S006\">L-LL<\/option><\/select><\/div>\n<\/div>\n<div class=\"col-md-4\">\n<div class=\"item\">\n<div class=\"title\">M\u00e0u s\u1eafc:<\/div>\n<p><select class=\"selectpicker select attributes\" title=\"\" data-id=\"5\"><option selected=\"selected\" value=\"C001\">\u0110en<\/option><\/select><\/div>\n<\/div>\n<div class=\"col-md-4\">\n<div class=\"item\">\n<div class=\"title\">\u0110\u1ed9 c\u1ee9ng:<\/div>\n<p><select class=\"selectpicker select attributes\" title=\"\" data-id=\"8\"><br \/>\n<\/select><\/div>\n<\/div>\n<\/div>\n<div class=\"item\"><\/div>\n<div class=\"product-desc desc\">\n<p><strong>\u0110ai b\u1ea3o v\u1ec7 kh\u1edbp g\u1ed1i Phiten metax lo\u1ea1i m\u1ecfng<\/strong><\/p>\n<p>B\u0103ng \u0111ai b\u1ea3o v\u1ec7 \u0111\u1ea7u g\u1ed1i ho\u1ea1t h\u00f3a qua METAX, ch\u1ea5t li\u1ec7u v\u1ea3i h\u1ed3ng ngo\u1ea1i gi\u00fap gi\u1eef \u1ea5m \u0111\u1ea7u g\u1ed1i. V\u1edbi thi\u1ebft k\u1ebf ch\u1ed1ng tr\u01a1n tr\u01b0\u1ee3t v\u00e0 t\u00ednh n\u0103ng th\u1ea5m h\u00fat \u1ea9m \u0111\u01b0\u1ee3c c\u1ea3i thi\u1ec7n, \u0111\u00e2y l\u00e0 s\u1ea3n ph\u1ea9m h\u1ed7 tr\u1ee3 c\u1ea7n thi\u1ebft cho nh\u1eefng ng\u01b0\u1eddi ch\u01a1i th\u1ec3 thao l\u1eabn s\u1eed d\u1ee5ng h\u00e0ng ng\u00e0y. \u0110ai b\u1ea3o v\u1ec7 \u0111\u1ea7u g\u1ed1i v\u00f4 c\u00f9ng m\u1ec1m m\u1ea1i v\u00e0 tho\u1ea3i m\u00e1i kh\u00f4ng g\u00e2y \u1ea3nh h\u01b0\u1edfng \u0111\u1ebfn v\u1eadn \u0111\u1ed9ng.<br \/>\n<strong>Ch\u1ea5t li\u1ec7u:<\/strong>\u00a075% Polyester, cotton 20%<br \/>\n<strong>C\u00f4ng ngh\u1ec7:<\/strong>\u00a0Metax<\/p>\n<p><strong>C\u00f4ng d\u1ee5ng<\/strong><br \/>\n&#8211; Gi\u00fap gi\u1ea3m \u0111au, c\u1ea3i thi\u1ec7n l\u01b0u th\u00f4ng m\u00e1u.<br \/>\n&#8211; Gi\u00fap gi\u1ea3m t\u00ecnh tr\u1ea1ng gi\u1eef n\u01b0\u1edbc v\u00e0 s\u01b0ng kh\u1edbp.<br \/>\n&#8211; Th\u1ea5m h\u00fat m\u1ed3 h\u00f4i cho c\u1ea3m gi\u00e1c s\u1ea1ch s\u1ebd v\u00e0 tho\u1ea3i m\u00e1i.<br \/>\n&#8211; Thi\u1ebft k\u1ebf kh\u00f4ng c\u1ea3n tr\u1edf di chuy\u1ec3n.<br \/>\n&#8211; Tho\u1ea3i m\u00e1i di chuy\u1ec3n m\u00e0 kh\u00f4ng lo l\u00e0m t\u1ed5n th\u01b0\u01a1ng do s\u1ef1 c\u0103ng th\u1eb3ng kh\u00f4ng c\u1ea7n thi\u1ebft tr\u00ean c\u00e1c c\u01a1 v\u00e0 d\u00e2y ch\u1eb1ng.<br \/>\n&#8211; \u0110\u01b0\u1ee3c thi\u1ebft k\u1ebf \u0111\u1ec3 \u1ed5n \u0111\u1ecbnh c\u00e1c kh\u1edbp c\u1ee7a b\u1ea1n, v\u00e0 n\u00e9n c\u00e1c c\u01a1 v\u00e0 d\u00e2y ch\u1eb1ng xung quanh \u0111\u1ec3 chuy\u1ec3n \u0111\u1ed9ng tho\u1ea3i m\u00e1i h\u01a1n.<br \/>\n&#8211; S\u1eed d\u1ee5ng \u0111\u01b0\u1ee3c cho c\u1ea3 b\u00ean tr\u00e1i v\u00e0 ph\u1ea3i.<br \/>\nM\u00e0u s\u1eafc: \u0111en<br \/>\nK\u00edch th\u01b0\u1edbc:<br \/>\nS-M: 30~42 cm<br \/>\nL-LL: 36~48 cm<\/p>\n<p><strong>Quy c\u00e1ch \u0111\u00f3ng g\u00f3i:<\/strong>\u00a01 c\u00e1i\/h\u1ed9p<br \/>\n<strong>Th\u01b0\u01a1ng hi\u1ec7u:<\/strong>\u00a0Phiten<br \/>\n<strong>Xu\u1ea5t x\u1ee9:<\/strong>\u00a0Nh\u1eadt B\u1ea3n<\/p>\n<p><strong>\u0110\u1ed1i t\u01b0\u1ee3ng s\u1eed d\u1ee5ng:<\/strong><\/p>\n<p>&#8211; Ng\u01b0\u1eddi \u0111au kh\u1edbp g\u1ed1i, tho\u00e1i h\u00f3a kh\u1edbp g\u1ed1i<\/p>\n<p>&#8211; Ng\u01b0\u1eddi l\u1edbn tu\u1ed5i \u0111au nh\u1ee9c kh\u1edbp g\u1ed1i khi tr\u1eddi l\u1ea1nh<\/p>\n<p>&#8211; H\u1ed7 tr\u1ee3 b\u1ea3o v\u1ec7 kh\u1edbp g\u1ed1i, gi\u1ea3m ch\u1ea5n th\u01b0\u01a1ng cho ng\u01b0\u1eddi ch\u01a1i th\u1ec3 thao, v\u1eadn \u0111\u1ed9ng vi\u00ean th\u1ec3 thao<\/p>\n<\/div>\n<\/form>\n<\/div>\n<\/div>\n<\/div>\n<\/div>\n<p>&nbsp;<\/p>\n<div class=\"cttab-product\">\n<div class=\"tab-inner active\">\n<div id=\"description\" class=\"description tab-pane fade in active\">\n<div id=\"Container\"><em><iframe loading=\"lazy\" id=\"ViostreamIframe\" src=\"https:\/\/www.youtube.com\/embed\/RCfAUUQCuMk\" width=\"100%\" height=\"100%\" frameborder=\"0\" data-mce-fragment=\"1\"><\/iframe><\/em><\/div>\n<\/div>\n<\/div>\n<\/div>\n","protected":false},"excerpt":{"rendered":"<p>S\u1ed1 l\u01b0\u1ee3ng Size: S-ML-LL M\u00e0u s\u1eafc: \u0110en \u0110\u1ed9 c\u1ee9ng: \u0110ai b\u1ea3o v\u1ec7 kh\u1edbp g\u1ed1i Phiten metax lo\u1ea1i m\u1ecfng B\u0103ng \u0111ai b\u1ea3o v\u1ec7 \u0111\u1ea7u g\u1ed1i ho\u1ea1t h\u00f3a qua METAX, ch\u1ea5t li\u1ec7u v\u1ea3i h\u1ed3ng ngo\u1ea1i gi\u00fap gi\u1eef \u1ea5m \u0111\u1ea7u g\u1ed1i. V\u1edbi thi\u1ebft k\u1ebf ch\u1ed1ng tr\u01a1n tr\u01b0\u1ee3t v\u00e0 t\u00ednh n\u0103ng th\u1ea5m h\u00fat \u1ea9m \u0111\u01b0\u1ee3c c\u1ea3i thi\u1ec7n, \u0111\u00e2y l\u00e0 [&hellip;]<\/p>\n","protected":false},"featured_media":4086,"comment_status":"open","ping_status":"closed","template":"","meta":{"_eb_attr":""},"product_cat":[95,100,92],"product_tag":[],"class_list":["post-4084","product","type-product","status-publish","has-post-thumbnail","hentry","product_cat-bang-dai-ho-tro","product_cat-dau-goi","product_cat-phiten"],"_links":{"self":[{"href":"https:\/\/www.phivutabletennis.com\/index.php\/wp-json\/wp\/v2\/product\/4084","targetHints":{"allow":["GET"]}}],"collection":[{"href":"https:\/\/www.phivutabletennis.com\/index.php\/wp-json\/wp\/v2\/product"}],"about":[{"href":"https:\/\/www.phivutabletennis.com\/index.php\/wp-json\/wp\/v2\/types\/product"}],"replies":[{"embeddable":true,"href":"https:\/\/www.phivutabletennis.com\/index.php\/wp-json\/wp\/v2\/comments?post=4084"}],"wp:featuredmedia":[{"embeddable":true,"href":"https:\/\/www.phivutabletennis.com\/index.php\/wp-json\/wp\/v2\/media\/4086"}],"wp:attachment":[{"href":"https:\/\/www.phivutabletennis.com\/index.php\/wp-json\/wp\/v2\/media?parent=4084"}],"wp:term":[{"taxonomy":"product_cat","embeddable":true,"href":"https:\/\/www.phivutabletennis.com\/index.php\/wp-json\/wp\/v2\/product_cat?post=4084"},{"taxonomy":"product_tag","embeddable":true,"href":"https:\/\/www.phivutabletennis.com\/index.php\/wp-json\/wp\/v2\/product_tag?post=4084"}],"curies":[{"name":"wp","href":"https:\/\/api.w.org\/{rel}","templated":true}]}}