{"id":4087,"date":"2023-07-13T13:19:28","date_gmt":"2023-07-13T06:19:28","guid":{"rendered":"https:\/\/www.phivutabletennis.com\/?post_type=product&#038;p=4087"},"modified":"2023-07-13T13:19:28","modified_gmt":"2023-07-13T06:19:28","slug":"sport-combo","status":"publish","type":"product","link":"https:\/\/www.phivutabletennis.com\/index.php\/product\/sport-combo\/","title":{"rendered":"SPORT COMBO"},"content":{"rendered":"<div class=\"row quan-color-size\">\n<div class=\"col-md-4\">\n<div>S\u1ed1 l\u01b0\u1ee3ng<\/div>\n<div class=\"quality quantity input-group-quantity buttons_added\"><button class=\"btn-number btn-minus minus\" disabled=\"disabled\" type=\"button\" data-type=\"minus\"><i class=\"icon-minus\"><\/i><\/button><input id=\"qty\" class=\"input-number input-quantity input-text qty text\" max=\"\" min=\"1\" name=\"qty\" type=\"text\" value=\"1\" \/><button class=\"btn-number btn-plus plus\" type=\"button\" data-type=\"plus\"><i class=\"icon-plus\"><\/i><\/button><\/div>\n<\/div>\n<div class=\"col-md-4\">\n<div class=\"item\">\n<div class=\"title\">Combo:<\/div>\n<p><select class=\"selectpicker select attributes\" title=\"\" data-id=\"9\"><option selected=\"selected\" value=\"SportCombo\">Sport Combo<\/option><\/select><\/div>\n<\/div>\n<\/div>\n<div class=\"item\"><\/div>\n<div class=\"product-desc desc\">\n<p>Combo cho ho\u1ea1t \u0111\u1ed9ng th\u1ec3 thao bao g\u1ed3m 3 s\u1ea3n ph\u1ea9m<\/p>\n<p>(1) Titanium Tape X30 Roll Sport \u0111\u01b0\u1ee3c ph\u00e1t tri\u1ec3n b\u1edfi nh\u1eefng nh\u00e0 khoa h\u1ecdc th\u1ec3 thao v\u00e0 v\u1eadn \u0111\u1ed9ng vi\u00ean \u0111i\u1ec1n kinh chuy\u00ean nghi\u1ec7p. \u0110\u00e2y l\u00e0 s\u1ea3n ph\u1ea9m \u0111\u01b0\u1ee3c t\u1ea1o ra cho nh\u1eefng v\u1eadn \u0111\u1ed9ng vi\u00ean h\u00e0ng \u0111\u1ea7u mu\u1ed1n c\u1ea3i thi\u1ec7n phong \u0111\u1ed9 v\u00e0 gi\u00fap b\u1ea3o v\u1ec7 h\u1ecd tr\u00e1nh kh\u1ecfi nh\u1eefng ch\u1ea5n th\u01b0\u01a1ng.V\u1ea3i s\u1ee3i kh\u00f4ng th\u1ea5m n\u01b0\u1edbc v\u00e0 nhanh kh\u00f4 \u0111\u1ec3 gi\u1eef hi\u1ec7u qu\u1ea3 k\u00e9o d\u00e0i. S\u1ef1 b\u1ed5 sung g\u1ea5p 30 l\u1ea7n h\u00e0m l\u01b0\u1ee3ng AQUA TITAN (30X) \u0111\u01b0\u1ee3c ch\u1ee9ng minh mang \u0111\u1ebfn hi\u1ec7u qu\u1ea3 t\u1ed1i \u01b0u khi v\u1eadn \u0111\u1ed9ng ho\u1eb7c trong su\u1ed1t th\u1eddi gian ph\u1ee5c h\u1ed3i.<\/p>\n<p>(2) Metax Lotion L\u00e0 m\u1ed9t lo\u1ea1i d\u01b0\u1ee1ng th\u1ec3 gi\u1ea3m \u0111au h\u00e0ng ng\u00e0y. Metax Lotion \u0111\u01b0\u1ee3c s\u1eed d\u1ee5ng ph\u1ed5 bi\u1ebfn t\u1ea1i Nh\u1eadt v\u1edbi m\u00f9i h\u01b0\u01a1ng cam chanh s\u1ea3ng kho\u00e1i. S\u1ea3n ph\u1ea9m \u0111em l\u1ea1i l\u1ee3i \u00edch s\u1ee9c kho\u1ebb cho m\u1ecdi ng\u01b0\u1eddi.<\/p>\n<p>(3) \u0110\u1ebf l\u00f3t Gi\u00e0y Phiten Metax_Cup Type h\u1ed7 tr\u1ee3 v\u00f2m ba chi\u1ec1u, \u0111\u00e2y l\u00e0 s\u1ef1 tr\u1ee3 gi\u00fap tuy\u1ec7t v\u1eddi cho nh\u1eefng ai \u0111ang t\u00ecm ki\u1ebfm h\u1ed7 tr\u1ee3 v\u00f2m b\u00e0n ch\u00e2n; kh\u00f4ng ch\u1ec9 gi\u00fap cho \u0111\u00f4i ch\u00e2n c\u00f3\u00a0b\u1ed9 gi\u1ea3m s\u00f3c k\u00e9p \u1edf nh\u1eefng \u0111i\u1ec3m ti\u1ebfp x\u00fac\u00a0m\u00e0 c\u00f2n t\u1ea1o s\u1ef1 tho\u1ea3i m\u00e1i v\u01b0\u1ee3t tr\u1ed9i trong ho\u1ea1t \u0111\u1ed9ng th\u1ec3 thao<\/p>\n<\/div>\n","protected":false},"excerpt":{"rendered":"<p>S\u1ed1 l\u01b0\u1ee3ng Combo: Sport Combo Combo cho ho\u1ea1t \u0111\u1ed9ng th\u1ec3 thao bao g\u1ed3m 3 s\u1ea3n ph\u1ea9m (1) Titanium Tape X30 Roll Sport \u0111\u01b0\u1ee3c ph\u00e1t tri\u1ec3n b\u1edfi nh\u1eefng nh\u00e0 khoa h\u1ecdc th\u1ec3 thao v\u00e0 v\u1eadn \u0111\u1ed9ng vi\u00ean \u0111i\u1ec1n kinh chuy\u00ean nghi\u1ec7p. \u0110\u00e2y l\u00e0 s\u1ea3n ph\u1ea9m \u0111\u01b0\u1ee3c t\u1ea1o ra cho nh\u1eefng v\u1eadn \u0111\u1ed9ng vi\u00ean h\u00e0ng \u0111\u1ea7u mu\u1ed1n [&hellip;]<\/p>\n","protected":false},"featured_media":4088,"comment_status":"open","ping_status":"closed","template":"","meta":{"_eb_attr":""},"product_cat":[92],"product_tag":[],"class_list":["post-4087","product","type-product","status-publish","has-post-thumbnail","hentry","product_cat-phiten"],"_links":{"self":[{"href":"https:\/\/www.phivutabletennis.com\/index.php\/wp-json\/wp\/v2\/product\/4087","targetHints":{"allow":["GET"]}}],"collection":[{"href":"https:\/\/www.phivutabletennis.com\/index.php\/wp-json\/wp\/v2\/product"}],"about":[{"href":"https:\/\/www.phivutabletennis.com\/index.php\/wp-json\/wp\/v2\/types\/product"}],"replies":[{"embeddable":true,"href":"https:\/\/www.phivutabletennis.com\/index.php\/wp-json\/wp\/v2\/comments?post=4087"}],"wp:featuredmedia":[{"embeddable":true,"href":"https:\/\/www.phivutabletennis.com\/index.php\/wp-json\/wp\/v2\/media\/4088"}],"wp:attachment":[{"href":"https:\/\/www.phivutabletennis.com\/index.php\/wp-json\/wp\/v2\/media?parent=4087"}],"wp:term":[{"taxonomy":"product_cat","embeddable":true,"href":"https:\/\/www.phivutabletennis.com\/index.php\/wp-json\/wp\/v2\/product_cat?post=4087"},{"taxonomy":"product_tag","embeddable":true,"href":"https:\/\/www.phivutabletennis.com\/index.php\/wp-json\/wp\/v2\/product_tag?post=4087"}],"curies":[{"name":"wp","href":"https:\/\/api.w.org\/{rel}","templated":true}]}}