{"id":411,"date":"2023-04-01T23:54:37","date_gmt":"2023-04-01T16:54:37","guid":{"rendered":"http:\/\/www.phivutabletennis.com\/?post_type=product&#038;p=411"},"modified":"2023-04-02T00:35:21","modified_gmt":"2023-04-01T17:35:21","slug":"dignics-80","status":"publish","type":"product","link":"https:\/\/www.phivutabletennis.com\/index.php\/product\/dignics-80\/","title":{"rendered":"DIGNICS 80"},"content":{"rendered":"<p class=\"p1\"><b>M\u1eb6T\u00a0V\u1ee2T BUTTERFLY DIGNICS 80<\/b><\/p>\n<p class=\"p1\"><b>S\u1ea3n xu\u1ea5t t\u1ea1i Nh\u1eadt B\u1ea3n\u00a0<\/b><\/p>\n<p>\u0110i\u1ec3m n\u1ed5i b\u1eadt c\u00f4ng ngh\u1ec7 \u201c X\u201d \u2013 Tr\u00ecnh \u0111\u1ed9 \u0111\u1ec9nh cao v\u1edbi \u0111\u01b0\u1eddng b\u00f3ng\u00a0<strong>c\u00e2n b\u1eb1ng \u0111\u1ed9 xo\u00e1y v\u00e0 t\u1ed1c \u0111\u1ed9.<\/strong><\/p>\n<p><img decoding=\"async\" src=\"https:\/\/bongban.asia\/image\/data\/BUTTERFLY\/mat-vot-lan\/D80%201.jpg\" alt=\"\" \/><\/p>\n<p>Dignisc 80 s\u1ef1 k\u1ebft h\u1ee3p tuy\u1ec7t v\u1eddi gi\u1eefa c\u00f4ng ngh\u1ec7 b\u00e1m xo\u00e1y d\u00f2ng\u00a0Dignisc 05 v\u00e0 c\u00f4ng ngh\u1ec7 t\u1ed1c \u0111\u1ed9 c\u1ee7a d\u00f2ng Dignisc 64, th\u00edch h\u1ee3p v\u1edbi ng\u01b0\u1eddi ch\u01a1i\u00a0<strong>y\u00eau th\u00edch s\u1ef1 c\u00e2n b\u1eb1ng gi\u1eefa t\u1ed1c \u0111\u1ed9 v\u00e0 \u0111\u1ed9 b\u00e1m xo\u00e1y<\/strong>.<\/p>\n<p>Dignics 80\u00a0h\u01b0\u1edbng \u0111\u1ebfn l\u1ed1i \u0111\u00e1nh k\u1ef9 thu\u1eadt \u0111\u1ec9nh cao, \u0111\u1eb7t tr\u1ecdng t\u00e2m t\u0103ng c\u01b0\u1eddng \u0111\u1ed9 \u0111\u00e0n h\u1ed3i b\u1eb1ng c\u00e1ch\u00a0<strong>c\u1ea3i ti\u1ebfn c\u00f4ng ngh\u1ec7 \u201cSpring Sponge\u201d th\u00e0nh\u00a0\u201cSpring Sponge X\u201d<\/strong>, ch\u00fa tr\u1ecdng c\u1ea3m gi\u00e1c \u0111\u00e1nh b\u00f3ng b\u1eb1ng vi\u1ec7c k\u1ebft h\u1ee3p\u00a0<strong>m\u1eb7t l\u00f3t c\u00f4ng ngh\u1ec7 \u0111\u1ed9c quy\u1ec1n gi\u00fap b\u1ec1 m\u1eb7t\u00a0m\u1eb7t v\u1ee3t Dignics 80 c\u00f3 t\u00ednh \u0111\u00e0n h\u1ed3i v\u00e0 c\u00f3 \u0111\u1ed9 b\u1ec1n v\u01b0\u1ee3t tr\u1ed9i.<\/strong><\/p>\n<p>Ph\u00e1t tri\u1ec3n theo \u1ee9ng d\u1ee5ng h\u00ecnh d\u00e1ng gai m\u00e3 s\u1ed1 \u201cNo.180\u201d v\u1edbi t\u00ednh n\u0103ng \u0111\u1eb7c tr\u01b0ng v\u1ec1 c\u00e2n b\u1eb1ng \u0111\u1ed9 xo\u00e1y v\u00e0 t\u1ed1c \u0111\u1ed9, l\u00e0 ch\u1ecdn l\u1ef1a t\u1ed1i \u01b0u cho ng\u01b0\u1eddi ch\u01a1i v\u00e0 v\u1eadn \u0111\u1ed9ng vi\u00ean c\u00f3 l\u1ed1i \u0111\u00e1nh to\u00e0n di\u1ec7n k\u1ef9 thu\u1eadt.<\/p>\n<table border=\"0\" cellspacing=\"1\" cellpadding=\"1\">\n<tbody>\n<tr>\n<td>T\u1ed1c \u0111\u1ed9<\/td>\n<td>: 88<\/td>\n<\/tr>\n<tr>\n<td>\u0110\u00f4\u0323 xoa\u0301y<\/td>\n<td>: 82<\/td>\n<\/tr>\n<tr>\n<td>\u0110\u00f4\u0323 c\u01b0\u0301ng<\/td>\n<td>: 40<\/td>\n<\/tr>\n<tr>\n<td>Quy\u0303 \u0111a\u0323o bo\u0301ng<\/td>\n<td>: 86<\/td>\n<\/tr>\n<tr>\n<td>\u0110\u00f4\u0323 da\u0300y<\/td>\n<td>: 1.9 mm va\u0300 2.1 mm<\/td>\n<\/tr>\n<\/tbody>\n<\/table>\n<p><strong>***T\u1eeb th\u00e1ng 2 n\u0103m 2023 th\u01b0\u01a1ng hi\u00ea\u0323u Butterfly \u0111a\u0303 a\u0301p d\u1ee5ng nh\u1eefng c\u1ea3i ti\u1ebfn m\u01a1\u0301i trong ph\u01b0\u01a1ng ph\u00e1p \u0111o l\u01b0\u1eddng v\u00e0 \u0111\u00e1nh gi\u00e1 s\u1ea3n ph\u1ea9m. Ca\u0301ch th\u00ea\u0309 hi\u00ea\u0323n th\u00f4ng s\u00f4\u0301 \u0111\u01b0\u01a1\u0323c thay \u0111\u1ed5i nh\u01b0 tr\u00ean.<br \/>\nTheo th\u00f4ng s\u00f4\u0301 chu\u00e2\u0309n cu\u0309a ha\u0303ng Butterfly<\/strong><\/p>\n<p><strong>B\u1ea2NG SO S\u00c1NH<\/strong><\/p>\n<p><b><img decoding=\"async\" src=\"https:\/\/bongban.asia\/image\/data\/BUTTERFLY\/mat-vot-lan\/ALL%2005%2064%2080.jpg\" alt=\"\" \/><\/b><\/p>\n","protected":false},"excerpt":{"rendered":"<p>M\u1eb6T\u00a0V\u1ee2T BUTTERFLY DIGNICS 80 S\u1ea3n xu\u1ea5t t\u1ea1i Nh\u1eadt B\u1ea3n\u00a0 \u0110i\u1ec3m n\u1ed5i b\u1eadt c\u00f4ng ngh\u1ec7 \u201c X\u201d \u2013 Tr\u00ecnh \u0111\u1ed9 \u0111\u1ec9nh cao v\u1edbi \u0111\u01b0\u1eddng b\u00f3ng\u00a0c\u00e2n b\u1eb1ng \u0111\u1ed9 xo\u00e1y v\u00e0 t\u1ed1c \u0111\u1ed9. Dignisc 80 s\u1ef1 k\u1ebft h\u1ee3p tuy\u1ec7t v\u1eddi gi\u1eefa c\u00f4ng ngh\u1ec7 b\u00e1m xo\u00e1y d\u00f2ng\u00a0Dignisc 05 v\u00e0 c\u00f4ng ngh\u1ec7 t\u1ed1c \u0111\u1ed9 c\u1ee7a d\u00f2ng Dignisc 64, th\u00edch h\u1ee3p [&hellip;]<\/p>\n","protected":false},"featured_media":412,"comment_status":"open","ping_status":"closed","template":"","meta":{"_eb_attr":""},"product_cat":[48,49,29],"product_tag":[],"class_list":["post-411","product","type-product","status-publish","has-post-thumbnail","hentry","product_cat-butterfly-mv","product_cat-dignics","product_cat-mat-vot"],"_links":{"self":[{"href":"https:\/\/www.phivutabletennis.com\/index.php\/wp-json\/wp\/v2\/product\/411","targetHints":{"allow":["GET"]}}],"collection":[{"href":"https:\/\/www.phivutabletennis.com\/index.php\/wp-json\/wp\/v2\/product"}],"about":[{"href":"https:\/\/www.phivutabletennis.com\/index.php\/wp-json\/wp\/v2\/types\/product"}],"replies":[{"embeddable":true,"href":"https:\/\/www.phivutabletennis.com\/index.php\/wp-json\/wp\/v2\/comments?post=411"}],"wp:featuredmedia":[{"embeddable":true,"href":"https:\/\/www.phivutabletennis.com\/index.php\/wp-json\/wp\/v2\/media\/412"}],"wp:attachment":[{"href":"https:\/\/www.phivutabletennis.com\/index.php\/wp-json\/wp\/v2\/media?parent=411"}],"wp:term":[{"taxonomy":"product_cat","embeddable":true,"href":"https:\/\/www.phivutabletennis.com\/index.php\/wp-json\/wp\/v2\/product_cat?post=411"},{"taxonomy":"product_tag","embeddable":true,"href":"https:\/\/www.phivutabletennis.com\/index.php\/wp-json\/wp\/v2\/product_tag?post=411"}],"curies":[{"name":"wp","href":"https:\/\/api.w.org\/{rel}","templated":true}]}}