{"id":4133,"date":"2023-07-13T23:36:22","date_gmt":"2023-07-13T16:36:22","guid":{"rendered":"https:\/\/www.phivutabletennis.com\/?post_type=product&#038;p=4133"},"modified":"2023-07-30T21:58:27","modified_gmt":"2023-07-30T14:58:27","slug":"shirt-dexar-2","status":"publish","type":"product","link":"https:\/\/www.phivutabletennis.com\/index.php\/product\/shirt-dexar-2\/","title":{"rendered":"SHIRT DEXAR"},"content":{"rendered":"<figure id=\"attachment_4115\" aria-describedby=\"caption-attachment-4115\" style=\"width: 1267px\" class=\"wp-caption alignnone\"><a href=\"https:\/\/www.phivutabletennis.com\/wp-content\/uploads\/2023\/07\/Dexar_blau_1267x614.jpg\"><img loading=\"lazy\" decoding=\"async\" class=\"size-full wp-image-4115\" src=\"https:\/\/www.phivutabletennis.com\/wp-content\/uploads\/2023\/07\/Dexar_blau_1267x614.jpg\" alt=\"\" width=\"1267\" height=\"614\" srcset=\"https:\/\/www.phivutabletennis.com\/wp-content\/uploads\/2023\/07\/Dexar_blau_1267x614.jpg 1267w, https:\/\/www.phivutabletennis.com\/wp-content\/uploads\/2023\/07\/Dexar_blau_1267x614-300x145.jpg 300w, https:\/\/www.phivutabletennis.com\/wp-content\/uploads\/2023\/07\/Dexar_blau_1267x614-1024x496.jpg 1024w, https:\/\/www.phivutabletennis.com\/wp-content\/uploads\/2023\/07\/Dexar_blau_1267x614-768x372.jpg 768w, https:\/\/www.phivutabletennis.com\/wp-content\/uploads\/2023\/07\/Dexar_blau_1267x614-600x291.jpg 600w\" sizes=\"auto, (max-width: 1267px) 100vw, 1267px\" \/><\/a><figcaption id=\"caption-attachment-4115\" class=\"wp-caption-text\">andro ist deine deutsche Tischtennismarke mit Leidenschaft. Bei andro findest du als ambitionierter Tischtennisspieler alles f\u00fcr deinen Lieblingssport. andro Bel\u00e4ge werden in Deutschland konzipiert, entwickelt und in bester \u201eMade in Germany\u201c Qualit\u00e4t produziert. andro Tischtennis-H\u00f6lzer entstehen aus feinst-selektierten Furnieren in Kombination mit andro spezifischen Holztechnologien. Auch andro Bekleidung setzt immer neue Akzente bei Tischtennis Mode: innovative Funktionsfasern und schadstoffgepr\u00fcfte Textilien sind bei andro selbstverst\u00e4ndlich. andro hat f\u00fcr jeden Spieler mit seinen individuellen Anspr\u00fcchen das richtige Material.<br \/>.<br \/>.<br \/>andro is a passionate German table tennis brand that provides everything for the ambitious player and his favorite sport. andro rubbers are designed, developed and produced with the best \u201cMade in Germany\u201d quality. andro blades are formed by finely selected veneers combined with special andro blade technologies. andro clothing sets the trends in table tennis fashion: Innovative functional fibers and testing for harmful substances are a given at andro.<br \/>andro meets every player\u2019s needs with the right equipment.<\/figcaption><\/figure>\n<figure id=\"attachment_4113\" aria-describedby=\"caption-attachment-4113\" style=\"width: 614px\" class=\"wp-caption alignnone\"><a href=\"https:\/\/www.phivutabletennis.com\/wp-content\/uploads\/2023\/07\/300.021.215_Shirt_Dexar_blue-green_detail_02_614x1267.jpg\"><img loading=\"lazy\" decoding=\"async\" class=\"size-full wp-image-4113\" src=\"https:\/\/www.phivutabletennis.com\/wp-content\/uploads\/2023\/07\/300.021.215_Shirt_Dexar_blue-green_detail_02_614x1267.jpg\" alt=\"\" width=\"614\" height=\"1267\" srcset=\"https:\/\/www.phivutabletennis.com\/wp-content\/uploads\/2023\/07\/300.021.215_Shirt_Dexar_blue-green_detail_02_614x1267.jpg 614w, https:\/\/www.phivutabletennis.com\/wp-content\/uploads\/2023\/07\/300.021.215_Shirt_Dexar_blue-green_detail_02_614x1267-145x300.jpg 145w, https:\/\/www.phivutabletennis.com\/wp-content\/uploads\/2023\/07\/300.021.215_Shirt_Dexar_blue-green_detail_02_614x1267-496x1024.jpg 496w, https:\/\/www.phivutabletennis.com\/wp-content\/uploads\/2023\/07\/300.021.215_Shirt_Dexar_blue-green_detail_02_614x1267-600x1238.jpg 600w\" sizes=\"auto, (max-width: 614px) 100vw, 614px\" \/><\/a><figcaption id=\"caption-attachment-4113\" class=\"wp-caption-text\">andro ist deine deutsche Tischtennismarke mit Leidenschaft. Bei andro findest du als ambitionierter Tischtennisspieler alles f\u00fcr deinen Lieblingssport. andro Bel\u00e4ge werden in Deutschland konzipiert, entwickelt und in bester \u201eMade in Germany\u201c Qualit\u00e4t produziert. andro Tischtennis-H\u00f6lzer entstehen aus feinst-selektierten Furnieren in Kombination mit andro spezifischen Holztechnologien. Auch andro Bekleidung setzt immer neue Akzente bei Tischtennis Mode: innovative Funktionsfasern und schadstoffgepr\u00fcfte Textilien sind bei andro selbstverst\u00e4ndlich. andro hat f\u00fcr jeden Spieler mit seinen individuellen Anspr\u00fcchen das richtige Material.<br \/>.<br \/>.<br \/>andro is a passionate German table tennis brand that provides everything for the ambitious player and his favorite sport. andro rubbers are designed, developed and produced with the best \u201cMade in Germany\u201d quality. andro blades are formed by finely selected veneers combined with special andro blade technologies. andro clothing sets the trends in table tennis fashion: Innovative functional fibers and testing for harmful substances are a given at andro.<br \/>andro meets every player\u2019s needs with the right equipment.<\/figcaption><\/figure>\n<figure id=\"attachment_4114\" aria-describedby=\"caption-attachment-4114\" style=\"width: 614px\" class=\"wp-caption alignnone\"><a href=\"https:\/\/www.phivutabletennis.com\/wp-content\/uploads\/2023\/07\/300.021.215_Shirt_Dexar_blue-green_detail_04_614x614.jpg\"><img loading=\"lazy\" decoding=\"async\" class=\"size-full wp-image-4114\" src=\"https:\/\/www.phivutabletennis.com\/wp-content\/uploads\/2023\/07\/300.021.215_Shirt_Dexar_blue-green_detail_04_614x614.jpg\" alt=\"\" width=\"614\" height=\"614\" srcset=\"https:\/\/www.phivutabletennis.com\/wp-content\/uploads\/2023\/07\/300.021.215_Shirt_Dexar_blue-green_detail_04_614x614.jpg 614w, https:\/\/www.phivutabletennis.com\/wp-content\/uploads\/2023\/07\/300.021.215_Shirt_Dexar_blue-green_detail_04_614x614-300x300.jpg 300w, https:\/\/www.phivutabletennis.com\/wp-content\/uploads\/2023\/07\/300.021.215_Shirt_Dexar_blue-green_detail_04_614x614-150x150.jpg 150w, https:\/\/www.phivutabletennis.com\/wp-content\/uploads\/2023\/07\/300.021.215_Shirt_Dexar_blue-green_detail_04_614x614-350x350.jpg 350w, https:\/\/www.phivutabletennis.com\/wp-content\/uploads\/2023\/07\/300.021.215_Shirt_Dexar_blue-green_detail_04_614x614-600x600.jpg 600w, https:\/\/www.phivutabletennis.com\/wp-content\/uploads\/2023\/07\/300.021.215_Shirt_Dexar_blue-green_detail_04_614x614-100x100.jpg 100w\" sizes=\"auto, (max-width: 614px) 100vw, 614px\" \/><\/a><figcaption id=\"caption-attachment-4114\" class=\"wp-caption-text\">andro ist deine deutsche Tischtennismarke mit Leidenschaft. Bei andro findest du als ambitionierter Tischtennisspieler alles f\u00fcr deinen Lieblingssport. andro Bel\u00e4ge werden in Deutschland konzipiert, entwickelt und in bester \u201eMade in Germany\u201c Qualit\u00e4t produziert. andro Tischtennis-H\u00f6lzer entstehen aus feinst-selektierten Furnieren in Kombination mit andro spezifischen Holztechnologien. Auch andro Bekleidung setzt immer neue Akzente bei Tischtennis Mode: innovative Funktionsfasern und schadstoffgepr\u00fcfte Textilien sind bei andro selbstverst\u00e4ndlich. andro hat f\u00fcr jeden Spieler mit seinen individuellen Anspr\u00fcchen das richtige Material.<br \/>.<br \/>.<br \/>andro is a passionate German table tennis brand that provides everything for the ambitious player and his favorite sport. andro rubbers are designed, developed and produced with the best \u201cMade in Germany\u201d quality. andro blades are formed by finely selected veneers combined with special andro blade technologies. andro clothing sets the trends in table tennis fashion: Innovative functional fibers and testing for harmful substances are a given at andro.<br \/>andro meets every player\u2019s needs with the right equipment.<\/figcaption><\/figure>\n<p><a href=\"https:\/\/www.phivutabletennis.com\/wp-content\/uploads\/2023\/07\/Xanh.png\"><img loading=\"lazy\" decoding=\"async\" class=\"alignnone size-full wp-image-4121\" src=\"https:\/\/www.phivutabletennis.com\/wp-content\/uploads\/2023\/07\/Xanh.png\" alt=\"\" width=\"614\" height=\"614\" srcset=\"https:\/\/www.phivutabletennis.com\/wp-content\/uploads\/2023\/07\/Xanh.png 614w, https:\/\/www.phivutabletennis.com\/wp-content\/uploads\/2023\/07\/Xanh-300x300.png 300w, https:\/\/www.phivutabletennis.com\/wp-content\/uploads\/2023\/07\/Xanh-150x150.png 150w, https:\/\/www.phivutabletennis.com\/wp-content\/uploads\/2023\/07\/Xanh-350x350.png 350w, https:\/\/www.phivutabletennis.com\/wp-content\/uploads\/2023\/07\/Xanh-600x600.png 600w, https:\/\/www.phivutabletennis.com\/wp-content\/uploads\/2023\/07\/Xanh-100x100.png 100w\" sizes=\"auto, (max-width: 614px) 100vw, 614px\" \/><\/a> <a href=\"https:\/\/www.phivutabletennis.com\/wp-content\/uploads\/2023\/07\/z4512851957355_e06cb9d09966f590c3587bf5c58e6f63.jpg\"><img loading=\"lazy\" decoding=\"async\" class=\"alignnone size-full wp-image-4130\" src=\"https:\/\/www.phivutabletennis.com\/wp-content\/uploads\/2023\/07\/z4512851957355_e06cb9d09966f590c3587bf5c58e6f63.jpg\" alt=\"\" width=\"614\" height=\"614\" srcset=\"https:\/\/www.phivutabletennis.com\/wp-content\/uploads\/2023\/07\/z4512851957355_e06cb9d09966f590c3587bf5c58e6f63.jpg 614w, https:\/\/www.phivutabletennis.com\/wp-content\/uploads\/2023\/07\/z4512851957355_e06cb9d09966f590c3587bf5c58e6f63-300x300.jpg 300w, https:\/\/www.phivutabletennis.com\/wp-content\/uploads\/2023\/07\/z4512851957355_e06cb9d09966f590c3587bf5c58e6f63-150x150.jpg 150w, https:\/\/www.phivutabletennis.com\/wp-content\/uploads\/2023\/07\/z4512851957355_e06cb9d09966f590c3587bf5c58e6f63-350x350.jpg 350w, https:\/\/www.phivutabletennis.com\/wp-content\/uploads\/2023\/07\/z4512851957355_e06cb9d09966f590c3587bf5c58e6f63-600x600.jpg 600w, https:\/\/www.phivutabletennis.com\/wp-content\/uploads\/2023\/07\/z4512851957355_e06cb9d09966f590c3587bf5c58e6f63-100x100.jpg 100w\" sizes=\"auto, (max-width: 614px) 100vw, 614px\" \/><\/a><\/p>\n","protected":false},"excerpt":{"rendered":"","protected":false},"featured_media":4121,"comment_status":"open","ping_status":"closed","template":"","meta":{"_eb_attr":""},"product_cat":[45,34],"product_tag":[],"class_list":["post-4133","product","type-product","status-publish","has-post-thumbnail","hentry","product_cat-andro-quan-ao","product_cat-quan-ao"],"_links":{"self":[{"href":"https:\/\/www.phivutabletennis.com\/index.php\/wp-json\/wp\/v2\/product\/4133","targetHints":{"allow":["GET"]}}],"collection":[{"href":"https:\/\/www.phivutabletennis.com\/index.php\/wp-json\/wp\/v2\/product"}],"about":[{"href":"https:\/\/www.phivutabletennis.com\/index.php\/wp-json\/wp\/v2\/types\/product"}],"replies":[{"embeddable":true,"href":"https:\/\/www.phivutabletennis.com\/index.php\/wp-json\/wp\/v2\/comments?post=4133"}],"wp:featuredmedia":[{"embeddable":true,"href":"https:\/\/www.phivutabletennis.com\/index.php\/wp-json\/wp\/v2\/media\/4121"}],"wp:attachment":[{"href":"https:\/\/www.phivutabletennis.com\/index.php\/wp-json\/wp\/v2\/media?parent=4133"}],"wp:term":[{"taxonomy":"product_cat","embeddable":true,"href":"https:\/\/www.phivutabletennis.com\/index.php\/wp-json\/wp\/v2\/product_cat?post=4133"},{"taxonomy":"product_tag","embeddable":true,"href":"https:\/\/www.phivutabletennis.com\/index.php\/wp-json\/wp\/v2\/product_tag?post=4133"}],"curies":[{"name":"wp","href":"https:\/\/api.w.org\/{rel}","templated":true}]}}