{"id":4254,"date":"2023-07-24T14:58:08","date_gmt":"2023-07-24T07:58:08","guid":{"rendered":"https:\/\/www.phivutabletennis.com\/?post_type=product&#038;p=4254"},"modified":"2024-09-13T22:09:06","modified_gmt":"2024-09-13T15:09:06","slug":"729-battle-max-pro","status":"publish","type":"product","link":"https:\/\/www.phivutabletennis.com\/index.php\/product\/729-battle-max-pro\/","title":{"rendered":"729 Battle Max Pro"},"content":{"rendered":"<p><strong>M\u00f4 t\u1ea3 :<\/strong><\/p>\n<p><strong>Th\u00f4ng tin chung<\/strong><\/p>\n<p><strong>M\u00e3 s\u1ea3n ph\u1ea9m :<\/strong>\u00a0M\u1eb7t l\u00e1ng<\/p>\n<p><strong>Nh\u00e0 s\u1ea3n xu\u1ea5t :<\/strong>\u00a0729<\/p>\n<p><strong>Th\u00f4ng s\u1ed1 t\u1eeb h\u00e3ng<\/strong><\/p>\n<p>\u2013\u00a0<strong>T\u1ed1c \u0111\u1ed9<\/strong>:\u00a0 12\u00a0 \u00a0 \u00a0 \u00a0<strong>\u0110\u1ed9 xo\u00e1y<\/strong>:\u00a0 13\u00a0 \u00a0 \u00a0\u00a0<strong>Ki\u1ec3m so\u00e1t<\/strong>:\u00a0 13<\/p>\n<p><strong>\u0110\u1eb7c \u0111i\u1ec3m :<\/strong><\/p>\n<p>729 Battle Max Pro\u00a0l\u00e0 phi\u00ean b\u1ea3n cao c\u1ea5p c\u1ee7a\u00a0729 Battle<\/p>\n<p>729 Battle Max Pro m\u1eb7t v\u1ee3t \u0111\u01b0\u1ee3c h\u00e3ng b\u00f3ng b\u00e0n 729 nghi\u00ean c\u1ee9u ph\u00e1t tri\u1ec3n theo ti\u00eau ch\u00ed \u0111\u1ed9 xo\u00e1y cao v\u1edbi b\u1ec1 m\u1eb7t Tacky\u00a0v\u00e0 kh\u00e1 gi\u1ed1ng v\u1edbi c\u00e1c m\u1eb7t v\u1ee3t c\u1ee7a h\u00e3ng DHS m\u00e0 c\u00e1c tuy\u1ec3n th\u1ee7 Trung Qu\u1ed1c \u0111ang d\u00f9ng.<\/p>\n<p>729 Battle Max Pro l\u00e0 m\u1ed9t b\u01b0\u1edbc \u0111\u1ed9t ph\u00e1 m\u1edbi trong l\u1ed1i \u0111\u00e1nh thi\u00ean v\u1ec1 t\u1ea5n c\u00f4ng v\u1edbi \u0111\u1ed9 xo\u00e1y c\u1ef1c l\u1edbn, n\u1ebfu b\u1ea1n th\u01b0\u1eddng \u0111am m\u00ea c\u00e1c m\u1eb7t v\u1ee3t t\u00e0u \u201c\u0111\u1eaft ti\u1ec1n\u201d h\u00e3y tr\u1ea3i nghi\u1ec7m\u00a0729 Battle Max Pro<\/p>\n<p><a href=\"https:\/\/www.phivutabletennis.com\/wp-content\/uploads\/2023\/07\/729-battle-max-pro-1-510x510-1.jpg\"><img loading=\"lazy\" decoding=\"async\" class=\"alignnone size-full wp-image-4255\" src=\"https:\/\/www.phivutabletennis.com\/wp-content\/uploads\/2023\/07\/729-battle-max-pro-1-510x510-1.jpg\" alt=\"\" width=\"510\" height=\"510\" srcset=\"https:\/\/www.phivutabletennis.com\/wp-content\/uploads\/2023\/07\/729-battle-max-pro-1-510x510-1.jpg 510w, https:\/\/www.phivutabletennis.com\/wp-content\/uploads\/2023\/07\/729-battle-max-pro-1-510x510-1-300x300.jpg 300w, https:\/\/www.phivutabletennis.com\/wp-content\/uploads\/2023\/07\/729-battle-max-pro-1-510x510-1-150x150.jpg 150w, https:\/\/www.phivutabletennis.com\/wp-content\/uploads\/2023\/07\/729-battle-max-pro-1-510x510-1-350x350.jpg 350w, https:\/\/www.phivutabletennis.com\/wp-content\/uploads\/2023\/07\/729-battle-max-pro-1-510x510-1-100x100.jpg 100w\" sizes=\"auto, (max-width: 510px) 100vw, 510px\" \/><\/a> <a href=\"https:\/\/www.phivutabletennis.com\/wp-content\/uploads\/2023\/07\/729-battle-max-pro-247x296-1.png\"><img loading=\"lazy\" decoding=\"async\" class=\"size-full wp-image-4256 alignleft\" src=\"https:\/\/www.phivutabletennis.com\/wp-content\/uploads\/2023\/07\/729-battle-max-pro-247x296-1.png\" alt=\"\" width=\"247\" height=\"296\" \/><\/a><\/p>\n","protected":false},"excerpt":{"rendered":"<p>M\u00f4 t\u1ea3 : Th\u00f4ng tin chung M\u00e3 s\u1ea3n ph\u1ea9m :\u00a0M\u1eb7t l\u00e1ng Nh\u00e0 s\u1ea3n xu\u1ea5t :\u00a0729 Th\u00f4ng s\u1ed1 t\u1eeb h\u00e3ng \u2013\u00a0T\u1ed1c \u0111\u1ed9:\u00a0 12\u00a0 \u00a0 \u00a0 \u00a0\u0110\u1ed9 xo\u00e1y:\u00a0 13\u00a0 \u00a0 \u00a0\u00a0Ki\u1ec3m so\u00e1t:\u00a0 13 \u0110\u1eb7c \u0111i\u1ec3m : 729 Battle Max Pro\u00a0l\u00e0 phi\u00ean b\u1ea3n cao c\u1ea5p c\u1ee7a\u00a0729 Battle 729 Battle Max Pro m\u1eb7t v\u1ee3t \u0111\u01b0\u1ee3c h\u00e3ng b\u00f3ng b\u00e0n 729 [&hellip;]<\/p>\n","protected":false},"featured_media":4255,"comment_status":"open","ping_status":"closed","template":"","meta":{"_eb_attr":""},"product_cat":[192,180,29],"product_tag":[],"class_list":["post-4254","product","type-product","status-publish","has-post-thumbnail","hentry","product_cat-729-tau","product_cat-popular-brand","product_cat-mat-vot"],"_links":{"self":[{"href":"https:\/\/www.phivutabletennis.com\/index.php\/wp-json\/wp\/v2\/product\/4254","targetHints":{"allow":["GET"]}}],"collection":[{"href":"https:\/\/www.phivutabletennis.com\/index.php\/wp-json\/wp\/v2\/product"}],"about":[{"href":"https:\/\/www.phivutabletennis.com\/index.php\/wp-json\/wp\/v2\/types\/product"}],"replies":[{"embeddable":true,"href":"https:\/\/www.phivutabletennis.com\/index.php\/wp-json\/wp\/v2\/comments?post=4254"}],"wp:featuredmedia":[{"embeddable":true,"href":"https:\/\/www.phivutabletennis.com\/index.php\/wp-json\/wp\/v2\/media\/4255"}],"wp:attachment":[{"href":"https:\/\/www.phivutabletennis.com\/index.php\/wp-json\/wp\/v2\/media?parent=4254"}],"wp:term":[{"taxonomy":"product_cat","embeddable":true,"href":"https:\/\/www.phivutabletennis.com\/index.php\/wp-json\/wp\/v2\/product_cat?post=4254"},{"taxonomy":"product_tag","embeddable":true,"href":"https:\/\/www.phivutabletennis.com\/index.php\/wp-json\/wp\/v2\/product_tag?post=4254"}],"curies":[{"name":"wp","href":"https:\/\/api.w.org\/{rel}","templated":true}]}}