{"id":4257,"date":"2023-07-24T14:59:58","date_gmt":"2023-07-24T07:59:58","guid":{"rendered":"https:\/\/www.phivutabletennis.com\/?post_type=product&#038;p=4257"},"modified":"2024-09-13T22:09:23","modified_gmt":"2024-09-13T15:09:23","slug":"729-battle-ii-pro","status":"publish","type":"product","link":"https:\/\/www.phivutabletennis.com\/index.php\/product\/729-battle-ii-pro\/","title":{"rendered":"729 Battle II Pro"},"content":{"rendered":"<p><strong>Th\u00f4ng tin chung<\/strong><\/p>\n<p><strong>M\u00e3 s\u1ea3n ph\u1ea9m :<\/strong>\u00a0M\u1eb7t l\u00e1ng<\/p>\n<p><strong>Nh\u00e0 s\u1ea3n xu\u1ea5t :<\/strong>\u00a0729<\/p>\n<p><strong>Th\u00f4ng s\u1ed1 k\u0129 thu\u1eadt<\/strong><\/p>\n<p><strong>T\u1ed1c \u0111\u1ed9 :<\/strong>\u00a09.2\u00a0 \u00a0\u00a0<strong>\u00a0 \u00a0 \u00a0 \u0110\u1ed9 xo\u00e1y :<\/strong>\u00a09.5\u00a0 \u00a0 \u00a0 \u00a0 \u00a0 \u00a0 \u00a0<strong>\u00a0\u00a0 \u00a0Ki\u1ec3m so\u00e1t :<\/strong>\u00a08.9<\/p>\n<p><strong>\u0110\u1eb7c \u0111i\u1ec3m<\/strong><\/p>\n<p>729 Battle II Pro m\u00e0u \u0111en v\u1edbi l\u00f3t xanh v\u00e0 m\u00e0u \u0111\u1ecf l\u00f3t \u0111\u1ecf m\u1eadn<\/p>\n<p>L\u00e0 phi\u00ean b\u1ea3n Pro \u0111\u01b0\u1ee3c c\u00e1c V\u0110V tuy\u1ebfn t\u1ec9nh Trung Qu\u1ed1c d\u00f9ng r\u1ea5t nhi\u1ec1u, m\u1eb7t v\u1ee3t c\u00f3 \u0111\u1ed9 b\u00e1m cao v\u00e0 t\u00ednh \u0111\u00e0n h\u1ed3i t\u1ed1t<\/p>\n<p>M\u1ed9t s\u1ea3n ph\u1ea9m t\u1ed1t v\u1edbi gi\u00e1 c\u1ea3 r\u1ea5t h\u1ee3p l\u00fd, l\u00e0 s\u1ef1 l\u1ef1a ch\u1ecdn t\u1ed1t cho nhi\u1ec1u V\u0110V ch\u01a1i b\u00f3ng b\u00e0n.<\/p>\n","protected":false},"excerpt":{"rendered":"<p>Th\u00f4ng tin chung M\u00e3 s\u1ea3n ph\u1ea9m :\u00a0M\u1eb7t l\u00e1ng Nh\u00e0 s\u1ea3n xu\u1ea5t :\u00a0729 Th\u00f4ng s\u1ed1 k\u0129 thu\u1eadt T\u1ed1c \u0111\u1ed9 :\u00a09.2\u00a0 \u00a0\u00a0\u00a0 \u00a0 \u00a0 \u0110\u1ed9 xo\u00e1y :\u00a09.5\u00a0 \u00a0 \u00a0 \u00a0 \u00a0 \u00a0 \u00a0\u00a0\u00a0 \u00a0Ki\u1ec3m so\u00e1t :\u00a08.9 \u0110\u1eb7c \u0111i\u1ec3m 729 Battle II Pro m\u00e0u \u0111en v\u1edbi l\u00f3t xanh v\u00e0 m\u00e0u \u0111\u1ecf l\u00f3t \u0111\u1ecf m\u1eadn L\u00e0 phi\u00ean b\u1ea3n Pro [&hellip;]<\/p>\n","protected":false},"featured_media":4261,"comment_status":"open","ping_status":"closed","template":"","meta":{"_eb_attr":""},"product_cat":[192,180,29],"product_tag":[],"class_list":["post-4257","product","type-product","status-publish","has-post-thumbnail","hentry","product_cat-729-tau","product_cat-popular-brand","product_cat-mat-vot"],"_links":{"self":[{"href":"https:\/\/www.phivutabletennis.com\/index.php\/wp-json\/wp\/v2\/product\/4257","targetHints":{"allow":["GET"]}}],"collection":[{"href":"https:\/\/www.phivutabletennis.com\/index.php\/wp-json\/wp\/v2\/product"}],"about":[{"href":"https:\/\/www.phivutabletennis.com\/index.php\/wp-json\/wp\/v2\/types\/product"}],"replies":[{"embeddable":true,"href":"https:\/\/www.phivutabletennis.com\/index.php\/wp-json\/wp\/v2\/comments?post=4257"}],"wp:featuredmedia":[{"embeddable":true,"href":"https:\/\/www.phivutabletennis.com\/index.php\/wp-json\/wp\/v2\/media\/4261"}],"wp:attachment":[{"href":"https:\/\/www.phivutabletennis.com\/index.php\/wp-json\/wp\/v2\/media?parent=4257"}],"wp:term":[{"taxonomy":"product_cat","embeddable":true,"href":"https:\/\/www.phivutabletennis.com\/index.php\/wp-json\/wp\/v2\/product_cat?post=4257"},{"taxonomy":"product_tag","embeddable":true,"href":"https:\/\/www.phivutabletennis.com\/index.php\/wp-json\/wp\/v2\/product_tag?post=4257"}],"curies":[{"name":"wp","href":"https:\/\/api.w.org\/{rel}","templated":true}]}}