{"id":4263,"date":"2023-07-24T15:04:47","date_gmt":"2023-07-24T08:04:47","guid":{"rendered":"https:\/\/www.phivutabletennis.com\/?post_type=product&#038;p=4263"},"modified":"2024-10-04T13:26:35","modified_gmt":"2024-10-04T06:26:35","slug":"dhs-hurricane-8","status":"publish","type":"product","link":"https:\/\/www.phivutabletennis.com\/index.php\/product\/dhs-hurricane-8\/","title":{"rendered":"DHS Hurricane 8"},"content":{"rendered":"<p><strong>Th\u00f4ng tin chung<\/strong><\/p>\n<p><strong>M\u00e3 s\u1ea3n ph\u1ea9m :<\/strong>\u00a0M\u1eb7t l\u00e1ng<\/p>\n<p><strong>Nh\u00e0 s\u1ea3n xu\u1ea5t :<\/strong>\u00a0DHS<\/p>\n<p><strong>Th\u00f4ng s\u1ed1<\/strong><\/p>\n<p>\u2013\u00a0<strong>T\u1ed1c \u0111\u1ed9<\/strong>: 90\u00a0 \u00a0 \u00a0 \u00a0\u00a0<strong>\u0110\u1ed9 xo\u00e1y<\/strong>: 90\u00a0 \u00a0 \u00a0 \u00a0<strong>Ki\u1ec3m so\u00e1t<\/strong>:\u00a0 85<\/p>\n<p><strong>\u0110\u1eb7c \u0111i\u1ec3m<\/strong><\/p>\n<p>Hurricane-8\u00a0l\u00e0 phi\u00ean b\u1ea3n c\u1ea3i ti\u1ebfn c\u1ee7a m\u1eb7t H3 truy\u1ec1n th\u1ed1ng \u0111\u1ec3 chu\u1ea9n b\u1ecb cho vi\u1ec7c chuy\u1ec3n \u0111\u1ed5i b\u00f3ng 40+. V\u1edbi H8 uy l\u1ef1c v\u00e0 t\u1ed1c \u0111\u1ed9 c\u1ee7a qu\u1ea3 b\u00f3ng \u0111\u01b0\u1ee3c c\u1ea3i thi\u1ec7n \u0111\u00e1ng k\u1ec3, c\u1ea3m gi\u00e1c b\u00f3ng c\u0169ng \u00eam h\u01a1n m\u1eb7t H3 truy\u1ec1n th\u1ed1ng.<\/p>\n<p>B\u1ec1 m\u1eb7t v\u1eabn gi\u1eef \u0111\u01b0\u1ee3c \u0111\u00f4 Tacky c\u1ee7a m\u1eb7t H3 truy\u1ec1n th\u1ed1ng nh\u01b0ng l\u1edbp l\u00f3t \u0111\u01b0\u1ee3c\u00a0c\u1ea3i thi\u1ec7n \u0111\u00e1ng k\u1ec3 l\u1ef1c \u0111\u00e1nh, gi\u00fap ng\u01b0\u1eddi ch\u01a1i d\u1ec5 d\u00e0ng s\u1eed d\u1ee5ng m\u1eb7t v\u1ee3t h\u01a1n<\/p>\n<p>C\u00f3 r\u1ea5t nhi\u1ec1u ng\u01b0\u1eddi ch\u01a1i b\u00f3ng b\u00e0n \u0111am m\u00ea m\u00fat t\u00e0u v\u00e0 s\u1eed d\u1ee5ng m\u1eb7t DHS\u00a0r\u1ea5t nhi\u1ec1u. Tuy nhi\u00ean \u0111\u1ec3 mua \u0111\u01b0\u1ee3c m\u1ed9t m\u1eb7t v\u1ee3t\u00a0ch\u00ednh h\u00e3ng DHS kh\u00f4ng ph\u1ea3i ai c\u0169ng l\u00e0m \u0111\u01b0\u1ee3c.<\/p>\n","protected":false},"excerpt":{"rendered":"<p>Th\u00f4ng tin chung M\u00e3 s\u1ea3n ph\u1ea9m :\u00a0M\u1eb7t l\u00e1ng Nh\u00e0 s\u1ea3n xu\u1ea5t :\u00a0DHS Th\u00f4ng s\u1ed1 \u2013\u00a0T\u1ed1c \u0111\u1ed9: 90\u00a0 \u00a0 \u00a0 \u00a0\u00a0\u0110\u1ed9 xo\u00e1y: 90\u00a0 \u00a0 \u00a0 \u00a0Ki\u1ec3m so\u00e1t:\u00a0 85 \u0110\u1eb7c \u0111i\u1ec3m Hurricane-8\u00a0l\u00e0 phi\u00ean b\u1ea3n c\u1ea3i ti\u1ebfn c\u1ee7a m\u1eb7t H3 truy\u1ec1n th\u1ed1ng \u0111\u1ec3 chu\u1ea9n b\u1ecb cho vi\u1ec7c chuy\u1ec3n \u0111\u1ed5i b\u00f3ng 40+. V\u1edbi H8 uy l\u1ef1c v\u00e0 t\u1ed1c \u0111\u1ed9 [&hellip;]<\/p>\n","protected":false},"featured_media":4265,"comment_status":"open","ping_status":"closed","template":"","meta":{"_eb_attr":""},"product_cat":[172,29],"product_tag":[],"class_list":["post-4263","product","type-product","status-publish","has-post-thumbnail","hentry","product_cat-mat-tau","product_cat-mat-vot"],"_links":{"self":[{"href":"https:\/\/www.phivutabletennis.com\/index.php\/wp-json\/wp\/v2\/product\/4263","targetHints":{"allow":["GET"]}}],"collection":[{"href":"https:\/\/www.phivutabletennis.com\/index.php\/wp-json\/wp\/v2\/product"}],"about":[{"href":"https:\/\/www.phivutabletennis.com\/index.php\/wp-json\/wp\/v2\/types\/product"}],"replies":[{"embeddable":true,"href":"https:\/\/www.phivutabletennis.com\/index.php\/wp-json\/wp\/v2\/comments?post=4263"}],"wp:featuredmedia":[{"embeddable":true,"href":"https:\/\/www.phivutabletennis.com\/index.php\/wp-json\/wp\/v2\/media\/4265"}],"wp:attachment":[{"href":"https:\/\/www.phivutabletennis.com\/index.php\/wp-json\/wp\/v2\/media?parent=4263"}],"wp:term":[{"taxonomy":"product_cat","embeddable":true,"href":"https:\/\/www.phivutabletennis.com\/index.php\/wp-json\/wp\/v2\/product_cat?post=4263"},{"taxonomy":"product_tag","embeddable":true,"href":"https:\/\/www.phivutabletennis.com\/index.php\/wp-json\/wp\/v2\/product_tag?post=4263"}],"curies":[{"name":"wp","href":"https:\/\/api.w.org\/{rel}","templated":true}]}}