{"id":427,"date":"2023-04-02T00:03:38","date_gmt":"2023-04-01T17:03:38","guid":{"rendered":"http:\/\/www.phivutabletennis.com\/?post_type=product&#038;p=427"},"modified":"2023-04-02T00:34:57","modified_gmt":"2023-04-01T17:34:57","slug":"dignics-09c","status":"publish","type":"product","link":"https:\/\/www.phivutabletennis.com\/index.php\/product\/dignics-09c\/","title":{"rendered":"DIGNICS 09C"},"content":{"rendered":"<p class=\"p1\"><b>M\u1eb6T\u00a0V\u1ee2T BUTTERFLY DIGNICS 09C<\/b><\/p>\n<p class=\"p1\"><b>S\u1ea3n xu\u1ea5t t\u1ea1i Nh\u1eadt B\u1ea3n<\/b><\/p>\n<p><strong>Dignics 09C<\/strong>\u00a0n\u00e2ng cao tr\u00ecnh \u0111\u1ed9 k\u1ef9 thu\u1eadt v\u1edbi uy l\u1ef1c b\u00e1m d\u00ednh v\u00e0 \u0111\u1ed9 \u0111\u00e0n h\u1ed3i cao.<\/p>\n<p><strong>Dignics 09C<\/strong>\u00a0h\u01b0\u1edbng \u0111\u1ebfn l\u1ed1i \u0111\u00e1nh k\u1ef9 thu\u1eadt \u0111\u1ec9nh cao, \u0111\u1eb7t tr\u1ecdng t\u00e2m t\u0103ng c\u01b0\u1eddng \u0111\u1ed9 c\u1ee9ng, gi\u00fap m\u1eb7t sheet ph\u00e1t huy t\u1ed1i \u0111a n\u00e9t \u0111\u1ed9c \u0111\u00e1o v\u1ec1 kh\u1ea3 n\u0103ng d\u00ednh b\u00f3ng, \u0111\u1ed3ng th\u1eddi hi\u1ec7u su\u1ea5t t\u00ednh n\u0103ng b\u00e1m d\u00ednh v\u00e0 \u0111\u1ed9 \u0111\u00e0n h\u1ed3i c\u00e0ng t\u0103ng th\u00eam khi k\u1ebft h\u1ee3p v\u1edbi m\u1eb7t l\u00f3t c\u00f4ng ngh\u1ec7 \u201c<strong>Spring Sponge X\u201d.<\/strong><\/p>\n<p>Ph\u00e1t tri\u1ec3n theo \u1ee9ng d\u1ee5ng h\u00ecnh d\u00e1ng gai m\u00e3 s\u1ed1 \u201cNo.209\u201d gi\u00fap k\u1ef9 thu\u1eadt c\u1eaft b\u00f3ng v\u00e0 gi\u1eadt b\u00f3ng c\u00f3 \u0111\u1ed9 xo\u00e1y cao, k\u1ef9 thu\u1eadt \u0111\u00e1nh b\u00f3ng \u00f4m b\u00e0n hay gi\u1eadt \u0111\u00f4i c\u00f4ng c\u0169ng d\u1ec5 d\u00e0ng th\u1ef1c hi\u1ec7n.<\/p>\n<p><strong>Dignics 09C<\/strong>\u00a0v\u1edbi c\u00f4ng ngh\u1ec7 \u0111\u1eb7c tr\u01b0ng \u0111\u00e0n h\u1ed3i, m\u1eb7t sheet c\u00f3 \u0111\u1ed9 d\u00ednh cao l\u00e0 l\u1ef1a ch\u1ecdn t\u1ed1i \u01b0u cho ng\u01b0\u1eddi ch\u01a1i \u0111am m\u00ea l\u1ed1i \u0111\u00e1nh c\u1ee7a c\u00e1c V\u1eadn \u0111\u1ed9ng vi\u00ean Trung Qu\u1ed1c, mu\u1ed1n t\u00ecm ki\u1ebfm c\u1ea3m gi\u00e1c b\u00f3ng c\u00f3 \u0111\u1ed9 d\u00ednh v\u00e0 \u0111\u1ed9 xo\u00e1y b\u00f3ng cao.<\/p>\n<table border=\"0\" cellspacing=\"1\" cellpadding=\"1\">\n<tbody>\n<tr>\n<td>T\u1ed1c \u0111\u1ed9<\/td>\n<td>: 79<\/td>\n<\/tr>\n<tr>\n<td>\u0110\u00f4\u0323 xoa\u0301y<\/td>\n<td>: 96<\/td>\n<\/tr>\n<tr>\n<td>\u0110\u00f4\u0323 c\u01b0\u0301ng<\/td>\n<td>: 44<\/td>\n<\/tr>\n<tr>\n<td>Quy\u0303 \u0111a\u0323o bo\u0301ng<\/td>\n<td>: 96<\/td>\n<\/tr>\n<tr>\n<td>\u0110\u00f4\u0323 da\u0300y<\/td>\n<td>: 1.9 mm va\u0300 2.1 mm<\/td>\n<\/tr>\n<\/tbody>\n<\/table>\n<p><strong>***T\u1eeb th\u00e1ng 2 n\u0103m 2023 th\u01b0\u01a1ng hi\u00ea\u0323u Butterfly \u0111a\u0303 a\u0301p d\u1ee5ng nh\u1eefng c\u1ea3i ti\u1ebfn m\u01a1\u0301i trong ph\u01b0\u01a1ng ph\u00e1p \u0111o l\u01b0\u1eddng v\u00e0 \u0111\u00e1nh gi\u00e1 s\u1ea3n ph\u1ea9m. Ca\u0301ch th\u00ea\u0309 hi\u00ea\u0323n th\u00f4ng s\u00f4\u0301 \u0111\u01b0\u01a1\u0323c thay \u0111\u1ed5i nh\u01b0 tr\u00ean.\u00a0<\/strong><br \/>\n<strong>Theo th\u00f4ng s\u00f4\u0301 chu\u00e2\u0309n cu\u0309a ha\u0303ng Butterfly<\/strong><\/p>\n","protected":false},"excerpt":{"rendered":"<p>M\u1eb6T\u00a0V\u1ee2T BUTTERFLY DIGNICS 09C S\u1ea3n xu\u1ea5t t\u1ea1i Nh\u1eadt B\u1ea3n Dignics 09C\u00a0n\u00e2ng cao tr\u00ecnh \u0111\u1ed9 k\u1ef9 thu\u1eadt v\u1edbi uy l\u1ef1c b\u00e1m d\u00ednh v\u00e0 \u0111\u1ed9 \u0111\u00e0n h\u1ed3i cao. Dignics 09C\u00a0h\u01b0\u1edbng \u0111\u1ebfn l\u1ed1i \u0111\u00e1nh k\u1ef9 thu\u1eadt \u0111\u1ec9nh cao, \u0111\u1eb7t tr\u1ecdng t\u00e2m t\u0103ng c\u01b0\u1eddng \u0111\u1ed9 c\u1ee9ng, gi\u00fap m\u1eb7t sheet ph\u00e1t huy t\u1ed1i \u0111a n\u00e9t \u0111\u1ed9c \u0111\u00e1o v\u1ec1 kh\u1ea3 n\u0103ng [&hellip;]<\/p>\n","protected":false},"featured_media":429,"comment_status":"open","ping_status":"closed","template":"","meta":{"_eb_attr":""},"product_cat":[48,49,29],"product_tag":[],"class_list":["post-427","product","type-product","status-publish","has-post-thumbnail","hentry","product_cat-butterfly-mv","product_cat-dignics","product_cat-mat-vot"],"_links":{"self":[{"href":"https:\/\/www.phivutabletennis.com\/index.php\/wp-json\/wp\/v2\/product\/427","targetHints":{"allow":["GET"]}}],"collection":[{"href":"https:\/\/www.phivutabletennis.com\/index.php\/wp-json\/wp\/v2\/product"}],"about":[{"href":"https:\/\/www.phivutabletennis.com\/index.php\/wp-json\/wp\/v2\/types\/product"}],"replies":[{"embeddable":true,"href":"https:\/\/www.phivutabletennis.com\/index.php\/wp-json\/wp\/v2\/comments?post=427"}],"wp:featuredmedia":[{"embeddable":true,"href":"https:\/\/www.phivutabletennis.com\/index.php\/wp-json\/wp\/v2\/media\/429"}],"wp:attachment":[{"href":"https:\/\/www.phivutabletennis.com\/index.php\/wp-json\/wp\/v2\/media?parent=427"}],"wp:term":[{"taxonomy":"product_cat","embeddable":true,"href":"https:\/\/www.phivutabletennis.com\/index.php\/wp-json\/wp\/v2\/product_cat?post=427"},{"taxonomy":"product_tag","embeddable":true,"href":"https:\/\/www.phivutabletennis.com\/index.php\/wp-json\/wp\/v2\/product_tag?post=427"}],"curies":[{"name":"wp","href":"https:\/\/api.w.org\/{rel}","templated":true}]}}